{"id":956,"date":"2009-10-30T15:40:30","date_gmt":"2009-10-30T13:40:30","guid":{"rendered":"http:\/\/blog.alu.hr\/?page_id=956"},"modified":"2017-05-02T22:37:33","modified_gmt":"2017-05-02T20:37:33","slug":"956-2","status":"publish","type":"page","link":"https:\/\/blog.alu.hr\/?page_id=956","title":{"rendered":"MA predmeti"},"content":{"rendered":"<p>red predavanja MA novi mediji klikni tu za pdf <a href=\"https:\/\/blog.alu.hr\/wp-content\/uploads\/2009\/10\/rpma1.pdf\">rpma1<\/a><\/p>\n<p>&nbsp;<\/p>\n<p><a href=\"https:\/\/blog.alu.hr\/wp-content\/uploads\/2016\/04\/IMG_6178.jpg\"><img loading=\"lazy\" decoding=\"async\" class=\"alignnone  wp-image-2447\" alt=\"IMG_6178\" src=\"https:\/\/blog.alu.hr\/wp-content\/uploads\/2016\/04\/IMG_6178-1024x682.jpg\" width=\"819\" height=\"546\" srcset=\"https:\/\/blog.alu.hr\/wp-content\/uploads\/2016\/04\/IMG_6178-1024x682.jpg 1024w, https:\/\/blog.alu.hr\/wp-content\/uploads\/2016\/04\/IMG_6178-300x200.jpg 300w\" sizes=\"auto, (max-width: 819px) 85vw, 819px\" \/><\/a><\/p>\n<p>&nbsp;<\/p>\n<p><strong>MA 1<\/strong><\/p>\n<p><strong>Vje\u017ebe \u2013 mentorski rad <\/strong>(12 ects) Svaki semestar jedan ili jedna od profesorica je voditelji-ica vje\u017ebi \/ Nicole Hewitt, Ana Hu\u0161man, Ivana Keser, Andreja Kulun\u010di\u0107, Ivan Slip\u010devi\u0107 i vanjski suradnici Vida Guzmi\u0107, Vanja Babi\u0107.<br \/>\nGlavni umjetni\u010dki predmet unutar kojeg studenti razvijaju vlastite projekte uz mentorstvo. Jednom tjedno se cijela grupa (MA1 i MA2) sastaje u grupnim konzultacijama Prolazi se kroz sve procese rada &#8211; od teorijskog i umjetni\u010dkog istra\u017eivanja teme, preko rada na projektu i eksperimenta, do tehni\u010dke realizacije, izvedbe i postprodukcije \/ dokumentacije rada. Kroz semestar se postavljaju probne izlo\u017ebe kako bi studenti stekli \u0161to vi\u0161e iskustva u prostoru, komunikaciji i vrednovanju vlastitog rada i rada kolega i kolegica.<\/p>\n<p>&nbsp;<\/p>\n<p><strong>Rad na realizaciji projekta iz novih medija<\/strong>(4 ects)<br \/>\nVje\u017ebe pokrivaju \u0161irok spektar multimedijalnih i interdisciplinarnih umjetni\u010dkih praksi &#8211; od filma i videa, fotografije preko artist booka, teksta, performansa, rada u javnom prostoru i dru\u0161tvene prakse. Niz blokova iz razli\u010ditih formi (artist books, hibridni film, performance, kreativno pisanje, suradnje i razmjene) Nicole Hewitt, Aleksandar Battista Ili\u0107, Ivana Keser, Andreja Kulun\u010di\u0107, Ivan Slip\u010devi\u0107.<\/p>\n<p>&nbsp;<\/p>\n<p><strong>Multimedijske vje\u017ebe<\/strong> (3 ects)<br \/>\naudio vizualne vje\u017ebe s individualnim zadacima\/restrikcijama. Ana Hu\u0161man.<\/p>\n<p>&nbsp;<\/p>\n<p><strong>Digitalni film i koncepcija <\/strong>(3 ects)<br \/>\nTeorijski i povijesni pregled umjetni\u010dkog filma, studenti realiziraju i vlastiti rad. Ivana Keser.<\/p>\n<p>&nbsp;<\/p>\n<p><strong>Povijest umjetnosti<\/strong> (2 ects)<br \/>\nSuvremene teorije i kriti\u010dke prakse. Leonida Kova\u0107<\/p>\n<p>&nbsp;<\/p>\n<p><strong>Tijelo, pokret i prijevod.<\/strong> (3 ects)<\/p>\n<p>Studenti stjecu iskustva iz medija pokreta sa ciljem da osvijeste i prou\u010de, te steknu neke vje\u0161tine izvedbenih i procesnih strategija rada s elementima tijela, vremena i prostora koji su sastavni materijal izvedbenih\/\u017eivih umjetnosti, odnosno da ih ona inspiriraju za mogu\u0107e nove perspektive unutar vlastitih medijskih praksi.\u00a0Sonja Pregrad<\/p>\n<p>&nbsp;<\/p>\n<p><strong>ukupno 29 ects<\/strong><\/p>\n<p>Zbroj ECTS bodova obavezne + izborne nastave po semestru mo\u017ee biti od 25 do 35 ECTS bodova (optimalno 30 ECTS bodova). Zbroj ECTS bodova na kraju godine mora biti 60 ECTS bodova.<\/p>\n<p>&nbsp;<\/p>\n<p>&nbsp;<\/p>\n<p>&nbsp;<\/p>\n<p><a href=\"https:\/\/blog.alu.hr\/wp-content\/uploads\/2016\/04\/IMG_6147.jpg\"><img loading=\"lazy\" decoding=\"async\" class=\"alignnone  wp-image-2443\" alt=\"IMG_6147\" src=\"https:\/\/blog.alu.hr\/wp-content\/uploads\/2016\/04\/IMG_6147-1024x682.jpg\" width=\"819\" height=\"546\" srcset=\"https:\/\/blog.alu.hr\/wp-content\/uploads\/2016\/04\/IMG_6147-1024x682.jpg 1024w, https:\/\/blog.alu.hr\/wp-content\/uploads\/2016\/04\/IMG_6147-300x200.jpg 300w\" sizes=\"auto, (max-width: 819px) 85vw, 819px\" \/><\/a><\/p>\n<p>&nbsp;<\/p>\n<p>&nbsp;<\/p>\n<p><strong><strong>MA 2\u00a0<\/strong>zimski semestar<\/strong><\/p>\n<p><strong>Novi Mediji &#8211; mentorski rad<\/strong> (20 ects)<\/p>\n<p>Svaki semestar jedan ili jedna od profesorica je voditelji-ica vje\u017ebi \/ Nicole Hewitt, Ana Hu\u0161man, Ivana Keser, Andreja Kulun\u010di\u0107, Ivan Slip\u010devi\u0107 i vanjski suradnici Vida Guzmi\u0107, Vanja Babi\u0107.<br \/>\nSstudenti \u00a0nastavljaju razvijati vlastite projekte uz mentorstvo. Studenti se usmjeravaju, poti\u0107e se eksperimentiranje, isprobavanje i tra\u017eenje medija, materijala i procesa u prostoru. Jednom tjedno se cijela grupa sastaje u grupnim konzultacijama Prolazi se kroz sve procese rada &#8211; od teorijskog i umjetni\u010dkog istra\u017eivanja teme, preko rada na projektu i eksperimenta, do tehni\u010dke realizacije, izvedbe i postprodukcije \/ dokumentacije rada. Semestar i predmet zavr\u0161ava s izlo\u017ebom.<\/p>\n<p>&nbsp;<\/p>\n<p><strong>Rad na realizaciji projekta iz novih medija<\/strong> (6 ects)<\/p>\n<p>&nbsp;<\/p>\n<p><strong>ukupno 26 ects<br \/>\n<\/strong><\/p>\n<p>&nbsp;<\/p>\n<p><strong><strong>MA 2\u00a0<\/strong>ljetni semestar<\/strong><\/p>\n<p><strong>Novi Mediji &#8211; mentorski rad (<\/strong>30 ects)<\/p>\n<p>U ljetnom semestru studenti realiziraju cjeloviti autorski projekt kojeg izla\u017eu i brane na diplomskom ispitu. Uz prakti\u010dni dio diplomskog rada studenti pi\u0161u elaborat od 7000 rije\u010di.<\/p>\n<p>Zbroj ECTS bodova obvezne + izborne nastave po semestru mo\u017ee biti od 25 do 35 ECTS bodova (optimalno 30 ECTS bodova). Zbroj ECTS bodova na kraju godine mora biti 60 ECTS bodova.<\/p>\n<p>&nbsp;<\/p>\n<p>Osim redovne nastave Novi Mediji redovito organiziraju radionice, predavanja, gostovanja i projekte unutar i izvan prostorija Akademije.<\/p>\n<p>&nbsp;<\/p>\n<p>&nbsp;<\/p>\n<p>&nbsp;<\/p>\n<p>&nbsp;<\/p>\n<p>&nbsp;<\/p>\n","protected":false},"excerpt":{"rendered":"<p>red predavanja MA novi mediji klikni tu za pdf rpma1 &nbsp; &nbsp; MA 1 Vje\u017ebe \u2013 mentorski rad (12 ects) Svaki semestar jedan ili jedna od profesorica je voditelji-ica vje\u017ebi \/ Nicole Hewitt, Ana Hu\u0161man, Ivana Keser, Andreja Kulun\u010di\u0107, Ivan Slip\u010devi\u0107 i vanjski suradnici Vida Guzmi\u0107, Vanja Babi\u0107. Glavni umjetni\u010dki predmet unutar kojeg studenti razvijaju &hellip; <a href=\"https:\/\/blog.alu.hr\/?page_id=956\" class=\"more-link\">Continue reading<span class=\"screen-reader-text\"> &#8220;MA predmeti&#8221;<\/span><\/a><\/p>\n","protected":false},"author":2,"featured_media":0,"parent":224,"menu_order":2,"comment_status":"closed","ping_status":"closed","template":"","meta":{"footnotes":""},"class_list":["post-956","page","type-page","status-publish","hentry"],"_links":{"self":[{"href":"https:\/\/blog.alu.hr\/index.php?rest_route=\/wp\/v2\/pages\/956","targetHints":{"allow":["GET"]}}],"collection":[{"href":"https:\/\/blog.alu.hr\/index.php?rest_route=\/wp\/v2\/pages"}],"about":[{"href":"https:\/\/blog.alu.hr\/index.php?rest_route=\/wp\/v2\/types\/page"}],"author":[{"embeddable":true,"href":"https:\/\/blog.alu.hr\/index.php?rest_route=\/wp\/v2\/users\/2"}],"replies":[{"embeddable":true,"href":"https:\/\/blog.alu.hr\/index.php?rest_route=%2Fwp%2Fv2%2Fcomments&post=956"}],"version-history":[{"count":50,"href":"https:\/\/blog.alu.hr\/index.php?rest_route=\/wp\/v2\/pages\/956\/revisions"}],"predecessor-version":[{"id":2654,"href":"https:\/\/blog.alu.hr\/index.php?rest_route=\/wp\/v2\/pages\/956\/revisions\/2654"}],"up":[{"embeddable":true,"href":"https:\/\/blog.alu.hr\/index.php?rest_route=\/wp\/v2\/pages\/224"}],"wp:attachment":[{"href":"https:\/\/blog.alu.hr\/index.php?rest_route=%2Fwp%2Fv2%2Fmedia&parent=956"}],"curies":[{"name":"wp","href":"https:\/\/api.w.org\/{rel}","templated":true}]}}