{"id":582,"date":"2009-07-10T16:06:12","date_gmt":"2009-07-10T14:06:12","guid":{"rendered":"http:\/\/blog.alu.hr\/?page_id=582"},"modified":"2024-12-01T22:25:15","modified_gmt":"2024-12-01T20:25:15","slug":"2008-2","status":"publish","type":"page","link":"https:\/\/blog.alu.hr\/?page_id=582","title":{"rendered":"2008"},"content":{"rendered":"<p><\/p>\n<p><strong>KOLINJE, MARKO DJE\u0160KA<\/strong><br \/>\n<br \/>\n<iframe loading=\"lazy\" width=\"420\" height=\"315\" src=\"http:\/\/www.youtube.com\/embed\/2H7lvBfJoQg\" frameborder=\"0\" allowfullscreen><\/iframe><\/p>\n<p><strong>SEMAFOR, ANTONIA BEGU\u0160I\u0106<\/strong><br \/>\n<a href=\"https:\/\/blog.alu.hr\/wp-content\/uploads\/2009\/07\/antonia.png\"><img loading=\"lazy\" decoding=\"async\" src=\"https:\/\/blog.alu.hr\/wp-content\/uploads\/2009\/07\/antonia.png\" alt=\"antonia\" title=\"antonia\" width=\"600\" height=\"460\" class=\"aligncenter size-full wp-image-706\" \/><\/a><\/p>\n<p>Godina:2008<br \/>\nTrajanje: 02`55&#8220;<br \/>\nTehnika: Video\/Stop animacija\/Fotografija<br \/>\nMentor: Ivan Ladislav Galeta<\/p>\n<p> Film prikazuje tok ljudskih misli u par trenutaka \u010dekanja zelenog svjetla na semaforu, te istra\u017euje \u0161to se doga\u0111a kada u filmu nestane linearne pri\u010de i kada ona po\u010diva na \u010distim asocijacijama \u0161to proizlaze iz odre\u0111enog iskustva. Kada se film o\u010disti od svih unaprijed osmi\u0161ljenih sklopova, jasnih formula, i prepusti automatizmu autora.<br \/>\nDa li put \u010dovjekovih misli i neograni\u010denost svjetova koji se u ljudskom umu rasprostiru neovisni o zakonima vremena i prostora mogu prikazati kroz upravo suprotno &#8211; medij videa i tehnike animacije koji potpuno ovise o tim istim zakonima i postoje isklju\u010divo unutar njih?<\/p>\n","protected":false},"excerpt":{"rendered":"<p>KOLINJE, MARKO DJE\u0160KA SEMAFOR, ANTONIA BEGU\u0160I\u0106 Godina:2008 Trajanje: 02`55&#8220; Tehnika: Video\/Stop animacija\/Fotografija Mentor: Ivan Ladislav Galeta Film prikazuje tok ljudskih misli u par trenutaka \u010dekanja zelenog svjetla na semaforu, te istra\u017euje \u0161to se doga\u0111a kada u filmu nestane linearne pri\u010de i kada ona po\u010diva na \u010distim asocijacijama \u0161to proizlaze iz odre\u0111enog iskustva. Kada se film &hellip; <a href=\"https:\/\/blog.alu.hr\/?page_id=582\" class=\"more-link\">Continue reading<span class=\"screen-reader-text\"> &#8220;2008&#8221;<\/span><\/a><\/p>\n","protected":false},"author":2,"featured_media":0,"parent":19,"menu_order":20,"comment_status":"closed","ping_status":"closed","template":"","meta":{"footnotes":""},"class_list":["post-582","page","type-page","status-publish","hentry"],"_links":{"self":[{"href":"https:\/\/blog.alu.hr\/index.php?rest_route=\/wp\/v2\/pages\/582","targetHints":{"allow":["GET"]}}],"collection":[{"href":"https:\/\/blog.alu.hr\/index.php?rest_route=\/wp\/v2\/pages"}],"about":[{"href":"https:\/\/blog.alu.hr\/index.php?rest_route=\/wp\/v2\/types\/page"}],"author":[{"embeddable":true,"href":"https:\/\/blog.alu.hr\/index.php?rest_route=\/wp\/v2\/users\/2"}],"replies":[{"embeddable":true,"href":"https:\/\/blog.alu.hr\/index.php?rest_route=%2Fwp%2Fv2%2Fcomments&post=582"}],"version-history":[{"count":16,"href":"https:\/\/blog.alu.hr\/index.php?rest_route=\/wp\/v2\/pages\/582\/revisions"}],"predecessor-version":[{"id":2803,"href":"https:\/\/blog.alu.hr\/index.php?rest_route=\/wp\/v2\/pages\/582\/revisions\/2803"}],"up":[{"embeddable":true,"href":"https:\/\/blog.alu.hr\/index.php?rest_route=\/wp\/v2\/pages\/19"}],"wp:attachment":[{"href":"https:\/\/blog.alu.hr\/index.php?rest_route=%2Fwp%2Fv2%2Fmedia&parent=582"}],"curies":[{"name":"wp","href":"https:\/\/api.w.org\/{rel}","templated":true}]}}