{"id":537,"date":"2009-07-08T22:49:24","date_gmt":"2009-07-08T20:49:24","guid":{"rendered":"http:\/\/blog.alu.hr\/?page_id=537"},"modified":"2023-12-10T16:38:38","modified_gmt":"2023-12-10T14:38:38","slug":"2009-2","status":"publish","type":"page","link":"https:\/\/blog.alu.hr\/?page_id=537","title":{"rendered":"2009"},"content":{"rendered":"\n<div style=\"height:100px\" aria-hidden=\"true\" class=\"wp-block-spacer\"><\/div>\n\n\n\n<p><\/p>\n\n\n<div class=\"wp-block-image\">\n<figure class=\"aligncenter\"><a href=\"https:\/\/blog.alu.hr\/wp-content\/uploads\/2009\/07\/lr.png\"><img loading=\"lazy\" decoding=\"async\" width=\"700\" height=\"393\" src=\"https:\/\/blog.alu.hr\/wp-content\/uploads\/2009\/07\/lr.png\" alt=\"lr\" class=\"wp-image-708\" srcset=\"https:\/\/blog.alu.hr\/wp-content\/uploads\/2009\/07\/lr.png 700w, https:\/\/blog.alu.hr\/wp-content\/uploads\/2009\/07\/lr-300x168.png 300w\" sizes=\"auto, (max-width: 700px) 85vw, 700px\" \/><\/a><\/figure><\/div>\n\n\n<p class=\"has-medium-font-size\"><strong>Livio Rajh, Ja\u010de od \u017eivota <\/strong><\/p>\n\n\n\n<div style=\"height:24px\" aria-hidden=\"true\" class=\"wp-block-spacer\"><\/div>\n\n\n\n<p>5&#8242; 50&#8243;, 3D animacija, Format: PAL<br><br><br><br><\/p>\n\n\n\n<div style=\"height:100px\" aria-hidden=\"true\" class=\"wp-block-spacer\"><\/div>\n\n\n<div class=\"wp-block-image\">\n<figure class=\"aligncenter\"><a href=\"https:\/\/blog.alu.hr\/wp-content\/uploads\/2009\/07\/nikola_kovac.png\"><img loading=\"lazy\" decoding=\"async\" width=\"700\" height=\"467\" src=\"https:\/\/blog.alu.hr\/wp-content\/uploads\/2009\/07\/nikola_kovac.png\" alt=\"nikola_kovac\" class=\"wp-image-712\" srcset=\"https:\/\/blog.alu.hr\/wp-content\/uploads\/2009\/07\/nikola_kovac.png 700w, https:\/\/blog.alu.hr\/wp-content\/uploads\/2009\/07\/nikola_kovac-300x200.png 300w\" sizes=\"auto, (max-width: 700px) 85vw, 700px\" \/><\/a><\/figure><\/div>\n\n\n<p><br><\/p>\n\n\n\n<p><\/p>\n\n\n\n<p class=\"has-medium-font-size\"><strong>NIKOLA KOVA\u010c<\/strong>, Oslanjanje na srebrnu vrbu <br>15&#8242;, stop-animacija, Format: PAL 4:3<br><br><br><\/p>\n\n\n\n<p><\/p>\n\n\n\n<p><\/p>\n","protected":false},"excerpt":{"rendered":"<p>Livio Rajh, Ja\u010de od \u017eivota 5&#8242; 50&#8243;, 3D animacija, Format: PAL NIKOLA KOVA\u010c, Oslanjanje na srebrnu vrbu 15&#8242;, stop-animacija, Format: PAL 4:3<\/p>\n","protected":false},"author":2,"featured_media":0,"parent":526,"menu_order":16,"comment_status":"closed","ping_status":"closed","template":"","meta":{"footnotes":""},"class_list":["post-537","page","type-page","status-publish","hentry"],"_links":{"self":[{"href":"https:\/\/blog.alu.hr\/index.php?rest_route=\/wp\/v2\/pages\/537","targetHints":{"allow":["GET"]}}],"collection":[{"href":"https:\/\/blog.alu.hr\/index.php?rest_route=\/wp\/v2\/pages"}],"about":[{"href":"https:\/\/blog.alu.hr\/index.php?rest_route=\/wp\/v2\/types\/page"}],"author":[{"embeddable":true,"href":"https:\/\/blog.alu.hr\/index.php?rest_route=\/wp\/v2\/users\/2"}],"replies":[{"embeddable":true,"href":"https:\/\/blog.alu.hr\/index.php?rest_route=%2Fwp%2Fv2%2Fcomments&post=537"}],"version-history":[{"count":31,"href":"https:\/\/blog.alu.hr\/index.php?rest_route=\/wp\/v2\/pages\/537\/revisions"}],"predecessor-version":[{"id":4560,"href":"https:\/\/blog.alu.hr\/index.php?rest_route=\/wp\/v2\/pages\/537\/revisions\/4560"}],"up":[{"embeddable":true,"href":"https:\/\/blog.alu.hr\/index.php?rest_route=\/wp\/v2\/pages\/526"}],"wp:attachment":[{"href":"https:\/\/blog.alu.hr\/index.php?rest_route=%2Fwp%2Fv2%2Fmedia&parent=537"}],"curies":[{"name":"wp","href":"https:\/\/api.w.org\/{rel}","templated":true}]}}