{"id":4745,"date":"2024-11-21T12:05:55","date_gmt":"2024-11-21T10:05:55","guid":{"rendered":"https:\/\/blog.alu.hr\/?page_id=4745"},"modified":"2024-12-01T22:29:12","modified_gmt":"2024-12-01T20:29:12","slug":"2024-2","status":"publish","type":"page","link":"https:\/\/blog.alu.hr\/?page_id=4745","title":{"rendered":"2024"},"content":{"rendered":"\n<div style=\"height:100px\" aria-hidden=\"true\" class=\"wp-block-spacer\"><\/div>\n\n\n\n<p class=\"has-text-align-left has-vivid-cyan-blue-color has-pale-cyan-blue-background-color has-text-color has-background has-link-color has-medium-font-size wp-elements-16912504538010396fd7ac45f1191579\"><strong>Klara \u0160o\u0161tari\u0107<\/strong><\/p>\n\n\n\n<figure class=\"wp-block-image size-large\"><a href=\"https:\/\/blog.alu.hr\/wp-content\/uploads\/2024\/11\/IMG_7496-scaled.jpg\"><img loading=\"lazy\" decoding=\"async\" width=\"1024\" height=\"768\" src=\"https:\/\/blog.alu.hr\/wp-content\/uploads\/2024\/11\/IMG_7496-1024x768.jpg\" alt=\"\" class=\"wp-image-4749\" srcset=\"https:\/\/blog.alu.hr\/wp-content\/uploads\/2024\/11\/IMG_7496-1024x768.jpg 1024w, https:\/\/blog.alu.hr\/wp-content\/uploads\/2024\/11\/IMG_7496-300x225.jpg 300w, https:\/\/blog.alu.hr\/wp-content\/uploads\/2024\/11\/IMG_7496-768x576.jpg 768w, https:\/\/blog.alu.hr\/wp-content\/uploads\/2024\/11\/IMG_7496-1536x1152.jpg 1536w, https:\/\/blog.alu.hr\/wp-content\/uploads\/2024\/11\/IMG_7496-2048x1536.jpg 2048w\" sizes=\"auto, (max-width: 709px) 85vw, (max-width: 909px) 67vw, (max-width: 1362px) 62vw, 840px\" \/><\/a><\/figure>\n\n\n\n<figure class=\"wp-block-image size-large\"><a href=\"https:\/\/blog.alu.hr\/wp-content\/uploads\/2024\/11\/IMG_7499-scaled.jpg\"><img loading=\"lazy\" decoding=\"async\" width=\"1024\" height=\"768\" src=\"https:\/\/blog.alu.hr\/wp-content\/uploads\/2024\/11\/IMG_7499-1024x768.jpg\" alt=\"\" class=\"wp-image-4750\" srcset=\"https:\/\/blog.alu.hr\/wp-content\/uploads\/2024\/11\/IMG_7499-1024x768.jpg 1024w, https:\/\/blog.alu.hr\/wp-content\/uploads\/2024\/11\/IMG_7499-300x225.jpg 300w, https:\/\/blog.alu.hr\/wp-content\/uploads\/2024\/11\/IMG_7499-768x576.jpg 768w, https:\/\/blog.alu.hr\/wp-content\/uploads\/2024\/11\/IMG_7499-1536x1152.jpg 1536w, https:\/\/blog.alu.hr\/wp-content\/uploads\/2024\/11\/IMG_7499-2048x1536.jpg 2048w\" sizes=\"auto, (max-width: 709px) 85vw, (max-width: 909px) 67vw, (max-width: 1362px) 62vw, 840px\" \/><\/a><\/figure>\n\n\n\n<div style=\"height:100px\" aria-hidden=\"true\" class=\"wp-block-spacer\"><\/div>\n\n\n\n<p class=\"has-vivid-cyan-blue-color has-pale-cyan-blue-background-color has-text-color has-background has-link-color has-medium-font-size wp-elements-c0faff4ea518fffd0c4ffe8a8e2fd311\"><strong>Lara Bele<\/strong><\/p>\n\n\n\n<figure class=\"wp-block-image size-large\"><a href=\"https:\/\/blog.alu.hr\/wp-content\/uploads\/2024\/12\/image-1.png\"><img loading=\"lazy\" decoding=\"async\" width=\"1024\" height=\"683\" src=\"https:\/\/blog.alu.hr\/wp-content\/uploads\/2024\/12\/image-1-1024x683.png\" alt=\"\" class=\"wp-image-4912\" srcset=\"https:\/\/blog.alu.hr\/wp-content\/uploads\/2024\/12\/image-1-1024x683.png 1024w, https:\/\/blog.alu.hr\/wp-content\/uploads\/2024\/12\/image-1-300x200.png 300w, https:\/\/blog.alu.hr\/wp-content\/uploads\/2024\/12\/image-1-768x512.png 768w, https:\/\/blog.alu.hr\/wp-content\/uploads\/2024\/12\/image-1-1536x1024.png 1536w, https:\/\/blog.alu.hr\/wp-content\/uploads\/2024\/12\/image-1-2048x1365.png 2048w\" sizes=\"auto, (max-width: 709px) 85vw, (max-width: 909px) 67vw, (max-width: 1362px) 62vw, 840px\" \/><\/a><\/figure>\n\n\n\n<div style=\"height:100px\" aria-hidden=\"true\" class=\"wp-block-spacer\"><\/div>\n\n\n\n<p class=\"has-vivid-cyan-blue-color has-pale-cyan-blue-background-color has-text-color has-background has-link-color has-medium-font-size wp-elements-463724fe04634899f59b75f54ed1810e\"><strong>Lucija Stolnik<\/strong><\/p>\n\n\n\n<figure class=\"wp-block-image size-large is-resized\"><a href=\"https:\/\/blog.alu.hr\/wp-content\/uploads\/2024\/11\/STILL4-scaled.jpg\"><img loading=\"lazy\" decoding=\"async\" width=\"1024\" height=\"683\" src=\"https:\/\/blog.alu.hr\/wp-content\/uploads\/2024\/11\/STILL4-1024x683.jpg\" alt=\"\" class=\"wp-image-4751\" style=\"width:840px;height:560px\" srcset=\"https:\/\/blog.alu.hr\/wp-content\/uploads\/2024\/11\/STILL4-1024x683.jpg 1024w, https:\/\/blog.alu.hr\/wp-content\/uploads\/2024\/11\/STILL4-300x200.jpg 300w, https:\/\/blog.alu.hr\/wp-content\/uploads\/2024\/11\/STILL4-768x512.jpg 768w, https:\/\/blog.alu.hr\/wp-content\/uploads\/2024\/11\/STILL4-1536x1024.jpg 1536w, https:\/\/blog.alu.hr\/wp-content\/uploads\/2024\/11\/STILL4-2048x1365.jpg 2048w\" sizes=\"auto, (max-width: 709px) 85vw, (max-width: 909px) 67vw, (max-width: 1362px) 62vw, 840px\" \/><\/a><\/figure>\n\n\n\n<div style=\"height:100px\" aria-hidden=\"true\" class=\"wp-block-spacer\"><\/div>\n\n\n\n<p class=\"has-vivid-cyan-blue-color has-pale-cyan-blue-background-color has-text-color has-background has-link-color has-medium-font-size wp-elements-476d1844bc9789af4438128d88b3414e\"><strong>Kaja Dujmi\u0107<\/strong><\/p>\n\n\n\n<p class=\"has-vivid-cyan-blue-color has-pale-cyan-blue-background-color has-text-color has-background has-link-color has-medium-font-size wp-elements-908ed9b184e978798cf83ac48834a71d\"><strong>Rada Sibila<\/strong><\/p>\n\n\n\n<p class=\"has-vivid-cyan-blue-color has-pale-cyan-blue-background-color has-text-color has-background has-link-color has-medium-font-size wp-elements-1e78f3bd50a633725c3ac5a58bd94c29\"><strong>Marlen Ban<\/strong><\/p>\n","protected":false},"excerpt":{"rendered":"<p>Klara \u0160o\u0161tari\u0107 Lara Bele Lucija Stolnik Kaja Dujmi\u0107 Rada Sibila Marlen Ban<\/p>\n","protected":false},"author":7,"featured_media":0,"parent":19,"menu_order":11,"comment_status":"closed","ping_status":"closed","template":"","meta":{"footnotes":""},"class_list":["post-4745","page","type-page","status-publish","hentry"],"_links":{"self":[{"href":"https:\/\/blog.alu.hr\/index.php?rest_route=\/wp\/v2\/pages\/4745","targetHints":{"allow":["GET"]}}],"collection":[{"href":"https:\/\/blog.alu.hr\/index.php?rest_route=\/wp\/v2\/pages"}],"about":[{"href":"https:\/\/blog.alu.hr\/index.php?rest_route=\/wp\/v2\/types\/page"}],"author":[{"embeddable":true,"href":"https:\/\/blog.alu.hr\/index.php?rest_route=\/wp\/v2\/users\/7"}],"replies":[{"embeddable":true,"href":"https:\/\/blog.alu.hr\/index.php?rest_route=%2Fwp%2Fv2%2Fcomments&post=4745"}],"version-history":[{"count":10,"href":"https:\/\/blog.alu.hr\/index.php?rest_route=\/wp\/v2\/pages\/4745\/revisions"}],"predecessor-version":[{"id":4945,"href":"https:\/\/blog.alu.hr\/index.php?rest_route=\/wp\/v2\/pages\/4745\/revisions\/4945"}],"up":[{"embeddable":true,"href":"https:\/\/blog.alu.hr\/index.php?rest_route=\/wp\/v2\/pages\/19"}],"wp:attachment":[{"href":"https:\/\/blog.alu.hr\/index.php?rest_route=%2Fwp%2Fv2%2Fmedia&parent=4745"}],"curies":[{"name":"wp","href":"https:\/\/api.w.org\/{rel}","templated":true}]}}