{"id":4279,"date":"2023-10-18T13:40:35","date_gmt":"2023-10-18T11:40:35","guid":{"rendered":"https:\/\/blog.alu.hr\/?page_id=4279"},"modified":"2024-05-10T14:08:49","modified_gmt":"2024-05-10T12:08:49","slug":"2015-2-2","status":"publish","type":"page","link":"https:\/\/blog.alu.hr\/?page_id=4279","title":{"rendered":"2015"},"content":{"rendered":"\n<div class=\"wp-block-columns is-layout-flex wp-container-core-columns-is-layout-3 wp-block-columns-is-layout-flex\">\n<div class=\"wp-block-column is-vertically-aligned-bottom is-layout-flow wp-block-column-is-layout-flow\">\n<div style=\"height:53px\" aria-hidden=\"true\" class=\"wp-block-spacer\"><\/div>\n\n\n\n<div class=\"wp-block-columns is-layout-flex wp-container-core-columns-is-layout-2 wp-block-columns-is-layout-flex\">\n<div class=\"wp-block-column is-layout-flow wp-block-column-is-layout-flow\" style=\"flex-basis:100%\">\n<div class=\"wp-block-columns is-layout-flex wp-container-core-columns-is-layout-1 wp-block-columns-is-layout-flex\">\n<div class=\"wp-block-column is-vertically-aligned-bottom is-layout-flow wp-block-column-is-layout-flow\">\n<p class=\"has-medium-font-size\"><strong>Roko Crni\u0107<\/strong><\/p>\n\n\n\n<figure class=\"wp-block-image size-full\"><a href=\"https:\/\/blog.alu.hr\/wp-content\/uploads\/2023\/09\/rokoDiplosmki-1.png\"><img loading=\"lazy\" decoding=\"async\" width=\"855\" height=\"953\" src=\"https:\/\/blog.alu.hr\/wp-content\/uploads\/2023\/09\/rokoDiplosmki-1.png\" alt=\"\" class=\"wp-image-4030\" srcset=\"https:\/\/blog.alu.hr\/wp-content\/uploads\/2023\/09\/rokoDiplosmki-1.png 855w, https:\/\/blog.alu.hr\/wp-content\/uploads\/2023\/09\/rokoDiplosmki-1-269x300.png 269w, https:\/\/blog.alu.hr\/wp-content\/uploads\/2023\/09\/rokoDiplosmki-1-768x856.png 768w\" sizes=\"auto, (max-width: 709px) 85vw, (max-width: 909px) 67vw, (max-width: 1362px) 62vw, 840px\" \/><\/a><\/figure>\n<\/div>\n\n\n\n<div class=\"wp-block-column is-layout-flow wp-block-column-is-layout-flow\">\n<figure class=\"wp-block-image size-large is-resized\"><a href=\"https:\/\/blog.alu.hr\/wp-content\/uploads\/2016\/04\/ROKO-copy.jpg\"><img loading=\"lazy\" decoding=\"async\" src=\"https:\/\/blog.alu.hr\/wp-content\/uploads\/2016\/04\/ROKO-copy-845x1024.jpg\" alt=\"\" class=\"wp-image-2292\" width=\"370\" height=\"448\" srcset=\"https:\/\/blog.alu.hr\/wp-content\/uploads\/2016\/04\/ROKO-copy-845x1024.jpg 845w, https:\/\/blog.alu.hr\/wp-content\/uploads\/2016\/04\/ROKO-copy-247x300.jpg 247w, https:\/\/blog.alu.hr\/wp-content\/uploads\/2016\/04\/ROKO-copy.jpg 850w\" sizes=\"auto, (max-width: 370px) 85vw, 370px\" \/><\/a><\/figure>\n<\/div>\n<\/div>\n\n\n\n<div class=\"wp-block-file\"><a id=\"wp-block-file--media-b9acf1c4-1d02-42a8-868b-d2235a3a7f6e\" href=\"https:\/\/blog.alu.hr\/wp-content\/uploads\/2024\/05\/folije_postaV_ispravak.pdf\">Roko Crnic &#8211; diplomski<\/a><a href=\"https:\/\/blog.alu.hr\/wp-content\/uploads\/2024\/05\/folije_postaV_ispravak.pdf\" class=\"wp-block-file__button wp-element-button\" download aria-describedby=\"wp-block-file--media-b9acf1c4-1d02-42a8-868b-d2235a3a7f6e\">Download<\/a><\/div>\n<\/div>\n<\/div>\n<\/div>\n<\/div>\n\n\n\n<p class=\"has-medium-font-size\"><strong>Dora \u0110urkesac<\/strong> <a href=\"http:\/\/cargocollective.com\/doradurkesac\/Body-Events\" data-type=\"URL\" data-id=\"http:\/\/cargocollective.com\/doradurkesac\/Body-Events\" target=\"_blank\" rel=\"noreferrer noopener\">web<\/a><\/p>\n\n\n\n<figure class=\"wp-block-image size-full\"><a href=\"https:\/\/blog.alu.hr\/wp-content\/uploads\/2016\/04\/Dora-Durkesac_Vrste-tijela-prostora-i-vremena_09_670.png\"><img loading=\"lazy\" decoding=\"async\" width=\"670\" height=\"446\" src=\"https:\/\/blog.alu.hr\/wp-content\/uploads\/2016\/04\/Dora-Durkesac_Vrste-tijela-prostora-i-vremena_09_670.png\" alt=\"\" class=\"wp-image-2296\" srcset=\"https:\/\/blog.alu.hr\/wp-content\/uploads\/2016\/04\/Dora-Durkesac_Vrste-tijela-prostora-i-vremena_09_670.png 670w, https:\/\/blog.alu.hr\/wp-content\/uploads\/2016\/04\/Dora-Durkesac_Vrste-tijela-prostora-i-vremena_09_670-300x199.png 300w\" sizes=\"auto, (max-width: 670px) 85vw, 670px\" \/><\/a><\/figure>\n\n\n\n<div class=\"wp-block-file\"><a id=\"wp-block-file--media-7cfb1c8c-b15f-4e0f-802e-38555ff7d4f4\" href=\"https:\/\/blog.alu.hr\/wp-content\/uploads\/2024\/05\/Dora-Durkesac_Vrste-tijela-prostora-i-vremena.pdf\">Dora-Durkesac_Vrste-tijela-prostora-i-vremena<\/a><a href=\"https:\/\/blog.alu.hr\/wp-content\/uploads\/2024\/05\/Dora-Durkesac_Vrste-tijela-prostora-i-vremena.pdf\" class=\"wp-block-file__button wp-element-button\" download aria-describedby=\"wp-block-file--media-7cfb1c8c-b15f-4e0f-802e-38555ff7d4f4\">Download<\/a><\/div>\n\n\n\n<div style=\"height:100px\" aria-hidden=\"true\" class=\"wp-block-spacer\"><\/div>\n\n\n\n<p class=\"has-medium-font-size\"><strong>Katerina Duda<\/strong> <a href=\"https:\/\/katerinaduda.net\/\">web<\/a><\/p>\n\n\n\n<figure class=\"wp-block-image size-large\"><a href=\"https:\/\/blog.alu.hr\/wp-content\/uploads\/2023\/11\/IMG_6291-scaled.jpg\"><img loading=\"lazy\" decoding=\"async\" width=\"1024\" height=\"683\" src=\"https:\/\/blog.alu.hr\/wp-content\/uploads\/2023\/11\/IMG_6291-1024x683.jpg\" alt=\"\" class=\"wp-image-4384\" srcset=\"https:\/\/blog.alu.hr\/wp-content\/uploads\/2023\/11\/IMG_6291-1024x683.jpg 1024w, https:\/\/blog.alu.hr\/wp-content\/uploads\/2023\/11\/IMG_6291-300x200.jpg 300w, https:\/\/blog.alu.hr\/wp-content\/uploads\/2023\/11\/IMG_6291-768x512.jpg 768w, https:\/\/blog.alu.hr\/wp-content\/uploads\/2023\/11\/IMG_6291-1536x1024.jpg 1536w, https:\/\/blog.alu.hr\/wp-content\/uploads\/2023\/11\/IMG_6291-2048x1365.jpg 2048w\" sizes=\"auto, (max-width: 709px) 85vw, (max-width: 909px) 67vw, (max-width: 1362px) 62vw, 840px\" \/><\/a><\/figure>\n\n\n\n<div class=\"wp-block-file\"><a id=\"wp-block-file--media-9ed3f6a6-ced0-47e9-a045-28d6145613a9\" href=\"https:\/\/blog.alu.hr\/wp-content\/uploads\/2023\/11\/diplomski-F.pdf\">Prisvajanje grada:turizam<\/a><a href=\"https:\/\/blog.alu.hr\/wp-content\/uploads\/2023\/11\/diplomski-F.pdf\" class=\"wp-block-file__button wp-element-button\" download aria-describedby=\"wp-block-file--media-9ed3f6a6-ced0-47e9-a045-28d6145613a9\">Download<\/a><\/div>\n\n\n\n<div style=\"height:100px\" aria-hidden=\"true\" class=\"wp-block-spacer\"><\/div>\n\n\n\n<p class=\"has-medium-font-size\"><strong>Darko Jefti\u0107<\/strong><\/p>\n\n\n\n<figure class=\"wp-block-gallery has-nested-images columns-default is-cropped wp-block-gallery-1 is-layout-flex wp-block-gallery-is-layout-flex\">\n<figure class=\"wp-block-image size-large\"><a href=\"https:\/\/blog.alu.hr\/wp-content\/uploads\/2023\/12\/darkojeftic1.png\"><img loading=\"lazy\" decoding=\"async\" width=\"1024\" height=\"571\" data-id=\"4567\" src=\"https:\/\/blog.alu.hr\/wp-content\/uploads\/2023\/12\/darkojeftic1-1024x571.png\" alt=\"\" class=\"wp-image-4567\" srcset=\"https:\/\/blog.alu.hr\/wp-content\/uploads\/2023\/12\/darkojeftic1-1024x571.png 1024w, https:\/\/blog.alu.hr\/wp-content\/uploads\/2023\/12\/darkojeftic1-300x167.png 300w, https:\/\/blog.alu.hr\/wp-content\/uploads\/2023\/12\/darkojeftic1-768x428.png 768w, https:\/\/blog.alu.hr\/wp-content\/uploads\/2023\/12\/darkojeftic1.png 1098w\" sizes=\"auto, (max-width: 709px) 85vw, (max-width: 909px) 67vw, (max-width: 1362px) 62vw, 840px\" \/><\/a><\/figure>\n\n\n\n<figure class=\"wp-block-image size-large\"><a href=\"https:\/\/blog.alu.hr\/wp-content\/uploads\/2023\/12\/darkojeftic2.png\"><img loading=\"lazy\" decoding=\"async\" width=\"1024\" height=\"583\" data-id=\"4568\" src=\"https:\/\/blog.alu.hr\/wp-content\/uploads\/2023\/12\/darkojeftic2-1024x583.png\" alt=\"\" class=\"wp-image-4568\" srcset=\"https:\/\/blog.alu.hr\/wp-content\/uploads\/2023\/12\/darkojeftic2-1024x583.png 1024w, https:\/\/blog.alu.hr\/wp-content\/uploads\/2023\/12\/darkojeftic2-300x171.png 300w, https:\/\/blog.alu.hr\/wp-content\/uploads\/2023\/12\/darkojeftic2-768x437.png 768w, https:\/\/blog.alu.hr\/wp-content\/uploads\/2023\/12\/darkojeftic2.png 1212w\" sizes=\"auto, (max-width: 709px) 85vw, (max-width: 909px) 67vw, (max-width: 1362px) 62vw, 840px\" \/><\/a><\/figure>\n<\/figure>\n\n\n\n<div class=\"wp-block-file\"><a id=\"wp-block-file--media-d7f3efe3-e1c6-41de-ba4b-a12660aa6094\" href=\"https:\/\/blog.alu.hr\/wp-content\/uploads\/2023\/10\/dj-ALU-DIPLOMSKI-FINAL.pdf\" target=\"_blank\" rel=\"noreferrer noopener\">Darko Jeftic diplomski<\/a><a href=\"https:\/\/blog.alu.hr\/wp-content\/uploads\/2023\/10\/dj-ALU-DIPLOMSKI-FINAL.pdf\" class=\"wp-block-file__button wp-element-button\" download aria-describedby=\"wp-block-file--media-d7f3efe3-e1c6-41de-ba4b-a12660aa6094\">Download<\/a><\/div>\n\n\n\n<div style=\"height:100px\" aria-hidden=\"true\" class=\"wp-block-spacer\"><\/div>\n\n\n\n<p class=\"has-medium-font-size\"><strong>Luana Loji\u0107<\/strong> <a href=\"https:\/\/luana.earth\/Info\">web<\/a><\/p>\n\n\n\n<figure class=\"wp-block-image size-large is-resized\"><a href=\"https:\/\/blog.alu.hr\/wp-content\/uploads\/2024\/05\/IMG_0281-scaled.jpg\"><img loading=\"lazy\" decoding=\"async\" src=\"https:\/\/blog.alu.hr\/wp-content\/uploads\/2024\/05\/IMG_0281-1024x683.jpg\" alt=\"\" class=\"wp-image-4692\" width=\"661\" height=\"441\" srcset=\"https:\/\/blog.alu.hr\/wp-content\/uploads\/2024\/05\/IMG_0281-1024x683.jpg 1024w, https:\/\/blog.alu.hr\/wp-content\/uploads\/2024\/05\/IMG_0281-300x200.jpg 300w, https:\/\/blog.alu.hr\/wp-content\/uploads\/2024\/05\/IMG_0281-768x512.jpg 768w, https:\/\/blog.alu.hr\/wp-content\/uploads\/2024\/05\/IMG_0281-1536x1024.jpg 1536w, https:\/\/blog.alu.hr\/wp-content\/uploads\/2024\/05\/IMG_0281-2048x1365.jpg 2048w\" sizes=\"auto, (max-width: 661px) 85vw, 661px\" \/><\/a><\/figure>\n\n\n\n<div class=\"wp-block-file\"><a id=\"wp-block-file--media-342bc4e1-2ff5-469d-9f06-caca3bfae928\" href=\"https:\/\/blog.alu.hr\/wp-content\/uploads\/2024\/05\/kamen-i-ja-final.pdf\">Luana Lojic &#8211; diplomski<\/a><a href=\"https:\/\/blog.alu.hr\/wp-content\/uploads\/2024\/05\/kamen-i-ja-final.pdf\" class=\"wp-block-file__button wp-element-button\" download aria-describedby=\"wp-block-file--media-342bc4e1-2ff5-469d-9f06-caca3bfae928\">Download<\/a><\/div>\n\n\n\n<div style=\"height:100px\" aria-hidden=\"true\" class=\"wp-block-spacer\"><\/div>\n\n\n\n<p class=\"has-medium-font-size\"><strong>Thomas Johnson<\/strong><\/p>\n\n\n\n<figure class=\"wp-block-image size-large\"><a href=\"https:\/\/blog.alu.hr\/wp-content\/uploads\/2024\/05\/Screenshot-2024-05-10-at-14.04.38.png\"><img loading=\"lazy\" decoding=\"async\" width=\"1024\" height=\"684\" src=\"https:\/\/blog.alu.hr\/wp-content\/uploads\/2024\/05\/Screenshot-2024-05-10-at-14.04.38-1024x684.png\" alt=\"\" class=\"wp-image-4693\" srcset=\"https:\/\/blog.alu.hr\/wp-content\/uploads\/2024\/05\/Screenshot-2024-05-10-at-14.04.38-1024x684.png 1024w, https:\/\/blog.alu.hr\/wp-content\/uploads\/2024\/05\/Screenshot-2024-05-10-at-14.04.38-300x200.png 300w, https:\/\/blog.alu.hr\/wp-content\/uploads\/2024\/05\/Screenshot-2024-05-10-at-14.04.38-768x513.png 768w, https:\/\/blog.alu.hr\/wp-content\/uploads\/2024\/05\/Screenshot-2024-05-10-at-14.04.38-1536x1026.png 1536w, https:\/\/blog.alu.hr\/wp-content\/uploads\/2024\/05\/Screenshot-2024-05-10-at-14.04.38.png 1617w\" sizes=\"auto, (max-width: 709px) 85vw, (max-width: 909px) 67vw, (max-width: 1362px) 62vw, 840px\" \/><\/a><\/figure>\n\n\n\n<div style=\"height:100px\" aria-hidden=\"true\" class=\"wp-block-spacer\"><\/div>\n\n\n\n<p class=\"has-medium-font-size\"><strong>Laura Potrovi\u0107<\/strong><\/p>\n\n\n\n<figure class=\"wp-block-image size-full\"><a href=\"https:\/\/blog.alu.hr\/wp-content\/uploads\/2024\/05\/Screenshot-2024-05-10-at-14.07.45.png\"><img loading=\"lazy\" decoding=\"async\" width=\"553\" height=\"736\" src=\"https:\/\/blog.alu.hr\/wp-content\/uploads\/2024\/05\/Screenshot-2024-05-10-at-14.07.45.png\" alt=\"\" class=\"wp-image-4695\" srcset=\"https:\/\/blog.alu.hr\/wp-content\/uploads\/2024\/05\/Screenshot-2024-05-10-at-14.07.45.png 553w, https:\/\/blog.alu.hr\/wp-content\/uploads\/2024\/05\/Screenshot-2024-05-10-at-14.07.45-225x300.png 225w\" sizes=\"auto, (max-width: 553px) 85vw, 553px\" \/><\/a><\/figure>\n\n\n\n<div class=\"wp-block-file\"><a id=\"wp-block-file--media-097cfbb3-1d8a-41f5-a342-fcd4268c1d0e\" href=\"https:\/\/blog.alu.hr\/wp-content\/uploads\/2024\/05\/Laura-Potrovic-diplomski-rad.pdf\">Laura-Potrovic-diplomski-rad<\/a><a href=\"https:\/\/blog.alu.hr\/wp-content\/uploads\/2024\/05\/Laura-Potrovic-diplomski-rad.pdf\" class=\"wp-block-file__button wp-element-button\" download aria-describedby=\"wp-block-file--media-097cfbb3-1d8a-41f5-a342-fcd4268c1d0e\">Download<\/a><\/div>\n\n\n\n<div style=\"height:59px\" aria-hidden=\"true\" class=\"wp-block-spacer\"><\/div>\n\n\n\n<p class=\"has-medium-font-size\"><strong>Matija Kralj<\/strong><\/p>\n\n\n\n<div class=\"wp-block-group is-nowrap is-layout-flex wp-container-core-group-is-layout-1 wp-block-group-is-layout-flex\">\n<figure class=\"wp-block-image size-large is-resized\"><a href=\"https:\/\/blog.alu.hr\/wp-content\/uploads\/2023\/12\/b80fa927257675.56372bfc44356.jpg\"><img loading=\"lazy\" decoding=\"async\" src=\"https:\/\/blog.alu.hr\/wp-content\/uploads\/2023\/12\/b80fa927257675.56372bfc44356-1024x683.jpg\" alt=\"\" class=\"wp-image-4620\" width=\"512\" height=\"342\" srcset=\"https:\/\/blog.alu.hr\/wp-content\/uploads\/2023\/12\/b80fa927257675.56372bfc44356-1024x683.jpg 1024w, https:\/\/blog.alu.hr\/wp-content\/uploads\/2023\/12\/b80fa927257675.56372bfc44356-300x200.jpg 300w, https:\/\/blog.alu.hr\/wp-content\/uploads\/2023\/12\/b80fa927257675.56372bfc44356-768x512.jpg 768w, https:\/\/blog.alu.hr\/wp-content\/uploads\/2023\/12\/b80fa927257675.56372bfc44356.jpg 1200w\" sizes=\"auto, (max-width: 512px) 85vw, 512px\" \/><\/a><\/figure>\n\n\n\n<div style=\"height:192px\" aria-hidden=\"true\" class=\"wp-block-spacer\"><\/div>\n\n\n\n<figure class=\"wp-block-image size-full is-resized\"><a href=\"https:\/\/blog.alu.hr\/wp-content\/uploads\/2023\/12\/2f4e8a27257675.56372c025b52b.jpg\"><img loading=\"lazy\" decoding=\"async\" src=\"https:\/\/blog.alu.hr\/wp-content\/uploads\/2023\/12\/2f4e8a27257675.56372c025b52b.jpg\" alt=\"\" class=\"wp-image-4621\" width=\"283\" height=\"400\" srcset=\"https:\/\/blog.alu.hr\/wp-content\/uploads\/2023\/12\/2f4e8a27257675.56372c025b52b.jpg 566w, https:\/\/blog.alu.hr\/wp-content\/uploads\/2023\/12\/2f4e8a27257675.56372c025b52b-212x300.jpg 212w\" sizes=\"auto, (max-width: 283px) 85vw, 283px\" \/><\/a><\/figure>\n<\/div>\n\n\n\n<div class=\"wp-block-file\"><a id=\"wp-block-file--media-4e008f2c-5905-4ae8-8c45-bb50375af4af\" href=\"https:\/\/blog.alu.hr\/wp-content\/uploads\/2023\/12\/Diplomski-rad-Toranj-S1.pdf\">Diplomski-rad<\/a><a href=\"https:\/\/blog.alu.hr\/wp-content\/uploads\/2023\/12\/Diplomski-rad-Toranj-S1.pdf\" class=\"wp-block-file__button wp-element-button\" download aria-describedby=\"wp-block-file--media-4e008f2c-5905-4ae8-8c45-bb50375af4af\">Download<\/a><\/div>\n","protected":false},"excerpt":{"rendered":"<p>Roko Crni\u0107 Dora \u0110urkesac web Katerina Duda web Darko Jefti\u0107 Luana Loji\u0107 web Thomas Johnson Laura Potrovi\u0107 Matija Kralj<\/p>\n","protected":false},"author":7,"featured_media":0,"parent":526,"menu_order":9,"comment_status":"closed","ping_status":"closed","template":"","meta":{"footnotes":""},"class_list":["post-4279","page","type-page","status-publish","hentry"],"_links":{"self":[{"href":"https:\/\/blog.alu.hr\/index.php?rest_route=\/wp\/v2\/pages\/4279","targetHints":{"allow":["GET"]}}],"collection":[{"href":"https:\/\/blog.alu.hr\/index.php?rest_route=\/wp\/v2\/pages"}],"about":[{"href":"https:\/\/blog.alu.hr\/index.php?rest_route=\/wp\/v2\/types\/page"}],"author":[{"embeddable":true,"href":"https:\/\/blog.alu.hr\/index.php?rest_route=\/wp\/v2\/users\/7"}],"replies":[{"embeddable":true,"href":"https:\/\/blog.alu.hr\/index.php?rest_route=%2Fwp%2Fv2%2Fcomments&post=4279"}],"version-history":[{"count":20,"href":"https:\/\/blog.alu.hr\/index.php?rest_route=\/wp\/v2\/pages\/4279\/revisions"}],"predecessor-version":[{"id":4946,"href":"https:\/\/blog.alu.hr\/index.php?rest_route=\/wp\/v2\/pages\/4279\/revisions\/4946"}],"up":[{"embeddable":true,"href":"https:\/\/blog.alu.hr\/index.php?rest_route=\/wp\/v2\/pages\/526"}],"wp:attachment":[{"href":"https:\/\/blog.alu.hr\/index.php?rest_route=%2Fwp%2Fv2%2Fmedia&parent=4279"}],"curies":[{"name":"wp","href":"https:\/\/api.w.org\/{rel}","templated":true}]}}