{"id":4148,"date":"2023-09-10T22:06:48","date_gmt":"2023-09-10T20:06:48","guid":{"rendered":"http:\/\/blog.alu.hr\/?page_id=4148"},"modified":"2024-05-10T10:14:52","modified_gmt":"2024-05-10T08:14:52","slug":"2020-3","status":"publish","type":"page","link":"https:\/\/blog.alu.hr\/?page_id=4148","title":{"rendered":"2020"},"content":{"rendered":"\n<div style=\"height:100px\" aria-hidden=\"true\" class=\"wp-block-spacer\"><\/div>\n\n\n\n<p class=\"has-vivid-red-color has-text-color has-medium-font-size\"><strong>VALENTINA BUTUMOVI\u0106<\/strong><\/p>\n\n\n<div class=\"wp-block-image\">\n<figure class=\"alignleft size-large\"><img loading=\"lazy\" decoding=\"async\" width=\"1000\" height=\"667\" src=\"https:\/\/blog.alu.hr\/wp-content\/uploads\/2023\/09\/Valentinagalerija-vn-1.jpg\" alt=\"\" class=\"wp-image-4152\" srcset=\"https:\/\/blog.alu.hr\/wp-content\/uploads\/2023\/09\/Valentinagalerija-vn-1.jpg 1000w, https:\/\/blog.alu.hr\/wp-content\/uploads\/2023\/09\/Valentinagalerija-vn-1-300x200.jpg 300w, https:\/\/blog.alu.hr\/wp-content\/uploads\/2023\/09\/Valentinagalerija-vn-1-768x512.jpg 768w\" sizes=\"auto, (max-width: 709px) 85vw, (max-width: 909px) 67vw, (max-width: 1362px) 62vw, 840px\" \/><\/figure><\/div>\n\n\n<div class=\"wp-block-file\"><a id=\"wp-block-file--media-a95da2c1-31bc-42cf-80a2-6711170f84e4\" href=\"https:\/\/blog.alu.hr\/wp-content\/uploads\/2023\/07\/Valentina-Butumovi\u0107MRTVA-PRIRODA-DIPLOMSKA-RADNJA.pdf\"><br>Valentina-Butumovi\u0107 MRTVA-PRIRODA-DIPLOMSKA-RADNJA<\/a><a href=\"https:\/\/blog.alu.hr\/wp-content\/uploads\/2023\/07\/Valentina-Butumovi\u0107MRTVA-PRIRODA-DIPLOMSKA-RADNJA.pdf\" class=\"wp-block-file__button wp-element-button\" download aria-describedby=\"wp-block-file--media-a95da2c1-31bc-42cf-80a2-6711170f84e4\">Download<\/a><\/div>\n\n\n\n<div style=\"height:38px\" aria-hidden=\"true\" class=\"wp-block-spacer\"><\/div>\n\n\n\n<p class=\"has-vivid-red-color has-text-color has-medium-font-size\"><strong> IVA KOREN\u010cI\u0106<\/strong> <a href=\"https:\/\/ivakorencic.wordpress.com\/\">web<\/a><\/p>\n\n\n<div class=\"wp-block-image\">\n<figure class=\"alignleft size-large is-resized\"><img loading=\"lazy\" decoding=\"async\" src=\"https:\/\/blog.alu.hr\/wp-content\/uploads\/2023\/07\/ivaKorencic-726x1024.png\" alt=\"\" class=\"wp-image-3335\" width=\"401\" height=\"565\" srcset=\"https:\/\/blog.alu.hr\/wp-content\/uploads\/2023\/07\/ivaKorencic-726x1024.png 726w, https:\/\/blog.alu.hr\/wp-content\/uploads\/2023\/07\/ivaKorencic-213x300.png 213w, https:\/\/blog.alu.hr\/wp-content\/uploads\/2023\/07\/ivaKorencic-768x1084.png 768w, https:\/\/blog.alu.hr\/wp-content\/uploads\/2023\/07\/ivaKorencic.png 774w\" sizes=\"auto, (max-width: 401px) 85vw, 401px\" \/><\/figure><\/div>\n\n\n<div style=\"height:27px\" aria-hidden=\"true\" class=\"wp-block-spacer\"><\/div>\n\n\n\n<p>Iva Koren\u010di\u0107 Diplomski tekst <a href=\"https:\/\/blog.alu.hr\/wp-content\/uploads\/2023\/11\/SVEJEDANPROSTOR_Iva-Korencic_diplomski-rad.pdf\" data-type=\"attachment\" data-id=\"4397\">Sve Jedan Prostor<\/a><\/p>\n\n\n\n<div style=\"height:100px\" aria-hidden=\"true\" class=\"wp-block-spacer\"><\/div>\n\n\n\n<p class=\"has-vivid-red-color has-text-color has-medium-font-size\">  <strong> BRANIMIR \u0160TIVI\u0106<\/strong> <a href=\"https:\/\/branimirstivic.com\/\">web<\/a><\/p>\n\n\n<div class=\"wp-block-image\">\n<figure class=\"alignleft size-large\"><img loading=\"lazy\" decoding=\"async\" width=\"1024\" height=\"469\" src=\"https:\/\/blog.alu.hr\/wp-content\/uploads\/2023\/07\/image-4-1024x469.png\" alt=\"\" class=\"wp-image-3187\" srcset=\"https:\/\/blog.alu.hr\/wp-content\/uploads\/2023\/07\/image-4-1024x469.png 1024w, https:\/\/blog.alu.hr\/wp-content\/uploads\/2023\/07\/image-4-300x137.png 300w, https:\/\/blog.alu.hr\/wp-content\/uploads\/2023\/07\/image-4-768x352.png 768w, https:\/\/blog.alu.hr\/wp-content\/uploads\/2023\/07\/image-4.png 1126w\" sizes=\"auto, (max-width: 709px) 85vw, (max-width: 909px) 67vw, (max-width: 1362px) 62vw, 840px\" \/><\/figure><\/div>\n\n\n<div class=\"wp-block-file\"><a id=\"wp-block-file--media-f2527d35-95e5-4902-adc1-bfe4ab1ece28\" href=\"https:\/\/blog.alu.hr\/wp-content\/uploads\/2023\/07\/Branimir\u0160tivi\u0107_MIJEH_radni-naslov-MI-I-JA-3.0-1.pdf\"><strong>Branimir \u0160tivi\u0107_diplomska radnja MIJEH<\/strong><\/a><a href=\"https:\/\/blog.alu.hr\/wp-content\/uploads\/2023\/07\/Branimir\u0160tivi\u0107_MIJEH_radni-naslov-MI-I-JA-3.0-1.pdf\" class=\"wp-block-file__button wp-element-button\" download aria-describedby=\"wp-block-file--media-f2527d35-95e5-4902-adc1-bfe4ab1ece28\">Download<\/a><\/div>\n\n\n\n<div style=\"height:20px\" aria-hidden=\"true\" class=\"wp-block-spacer\"><\/div>\n\n\n\n<div style=\"height:52px\" aria-hidden=\"true\" class=\"wp-block-spacer\"><\/div>\n\n\n\n<p class=\"has-vivid-red-color has-text-color has-medium-font-size\"><strong> TEUTA GATOLIN<\/strong> <a href=\"https:\/\/teutagatolin.github.io\/\">web<\/a><\/p>\n\n\n<div class=\"wp-block-image\">\n<figure class=\"alignleft size-large\"><img loading=\"lazy\" decoding=\"async\" width=\"1024\" height=\"841\" src=\"https:\/\/blog.alu.hr\/wp-content\/uploads\/2023\/07\/image-3-1024x841.png\" alt=\"\" class=\"wp-image-3184\" srcset=\"https:\/\/blog.alu.hr\/wp-content\/uploads\/2023\/07\/image-3-1024x841.png 1024w, https:\/\/blog.alu.hr\/wp-content\/uploads\/2023\/07\/image-3-300x246.png 300w, https:\/\/blog.alu.hr\/wp-content\/uploads\/2023\/07\/image-3-768x631.png 768w, https:\/\/blog.alu.hr\/wp-content\/uploads\/2023\/07\/image-3.png 1093w\" sizes=\"auto, (max-width: 709px) 85vw, (max-width: 909px) 67vw, (max-width: 1362px) 62vw, 840px\" \/><\/figure><\/div>\n\n\n<div class=\"wp-block-file\"><a id=\"wp-block-file--media-c0243a13-4f58-4e4f-b861-ec869a8bb647\" href=\"https:\/\/blog.alu.hr\/wp-content\/uploads\/2023\/07\/TeutaGatolin_era_presvla\u010denja_paukova_gatolin_diplomski_rad-4.pdf\"><br><br><br><br><br><br><br><br><br><br><br><br><br><br><br><br><br><br><br>Teuta Gatolin_era_presvla\u010denja_paukova_diplomski_rad<\/a><a href=\"https:\/\/blog.alu.hr\/wp-content\/uploads\/2023\/07\/TeutaGatolin_era_presvla\u010denja_paukova_gatolin_diplomski_rad-4.pdf\" class=\"wp-block-file__button wp-element-button\" download aria-describedby=\"wp-block-file--media-c0243a13-4f58-4e4f-b861-ec869a8bb647\">Download<\/a><\/div>\n\n\n\n<div style=\"height:21px\" aria-hidden=\"true\" class=\"wp-block-spacer\"><\/div>\n\n\n\n<p class=\"has-vivid-red-color has-text-color has-medium-font-size\"><strong>MAJA RIVI\u0106<\/strong>  <a href=\"https:\/\/majarivic.com\/about\/\">web<\/a><\/p>\n\n\n\n<figure class=\"wp-block-image size-full\"><a href=\"https:\/\/blog.alu.hr\/wp-content\/uploads\/2023\/11\/majaRivicDipl.jpg\"><img loading=\"lazy\" decoding=\"async\" width=\"778\" height=\"558\" src=\"https:\/\/blog.alu.hr\/wp-content\/uploads\/2023\/11\/majaRivicDipl.jpg\" alt=\"\" class=\"wp-image-4404\" srcset=\"https:\/\/blog.alu.hr\/wp-content\/uploads\/2023\/11\/majaRivicDipl.jpg 778w, https:\/\/blog.alu.hr\/wp-content\/uploads\/2023\/11\/majaRivicDipl-300x215.jpg 300w, https:\/\/blog.alu.hr\/wp-content\/uploads\/2023\/11\/majaRivicDipl-768x551.jpg 768w\" sizes=\"auto, (max-width: 778px) 85vw, 778px\" \/><\/a><\/figure>\n\n\n\n<div class=\"wp-block-file\"><a id=\"wp-block-file--media-5fac404c-68b8-4fa8-ae7a-77662cacdd29\" href=\"https:\/\/blog.alu.hr\/wp-content\/uploads\/2023\/10\/Maja-Rivic-Diplomski-rad-Tjeloglasja.pdf\" target=\"_blank\" rel=\"noreferrer noopener\">Maja Rivi\u0107 &#8211; Diplomski rad &#8211; Tjeloglasja<\/a><a href=\"https:\/\/blog.alu.hr\/wp-content\/uploads\/2023\/10\/Maja-Rivic-Diplomski-rad-Tjeloglasja.pdf\" class=\"wp-block-file__button wp-element-button\" download aria-describedby=\"wp-block-file--media-5fac404c-68b8-4fa8-ae7a-77662cacdd29\">Download<\/a><\/div>\n\n\n\n<div style=\"height:41px\" aria-hidden=\"true\" class=\"wp-block-spacer\"><\/div>\n\n\n\n<p class=\"has-vivid-red-color has-text-color has-medium-font-size\"><strong>IVAN JAMI\u0106<\/strong><\/p>\n\n\n\n<figure class=\"wp-block-image size-large\"><a href=\"https:\/\/blog.alu.hr\/wp-content\/uploads\/2023\/11\/JamicDipl.jpg\"><img loading=\"lazy\" decoding=\"async\" width=\"1024\" height=\"760\" src=\"https:\/\/blog.alu.hr\/wp-content\/uploads\/2023\/11\/JamicDipl-1024x760.jpg\" alt=\"\" class=\"wp-image-4406\" srcset=\"https:\/\/blog.alu.hr\/wp-content\/uploads\/2023\/11\/JamicDipl-1024x760.jpg 1024w, https:\/\/blog.alu.hr\/wp-content\/uploads\/2023\/11\/JamicDipl-300x223.jpg 300w, https:\/\/blog.alu.hr\/wp-content\/uploads\/2023\/11\/JamicDipl-768x570.jpg 768w, https:\/\/blog.alu.hr\/wp-content\/uploads\/2023\/11\/JamicDipl.jpg 1126w\" sizes=\"auto, (max-width: 709px) 85vw, (max-width: 909px) 67vw, (max-width: 1362px) 62vw, 840px\" \/><\/a><\/figure>\n\n\n\n<div class=\"wp-block-file\"><a id=\"wp-block-file--media-78c8eac9-56d4-4946-b0aa-faae748c1a2c\" href=\"https:\/\/blog.alu.hr\/wp-content\/uploads\/2023\/10\/DIPLOMSKI-IVANJAMIC.pdf\" target=\"_blank\" rel=\"noreferrer noopener\">DIPLOMSKI-IVANJAMIC<\/a><a href=\"https:\/\/blog.alu.hr\/wp-content\/uploads\/2023\/10\/DIPLOMSKI-IVANJAMIC.pdf\" class=\"wp-block-file__button wp-element-button\" download aria-describedby=\"wp-block-file--media-78c8eac9-56d4-4946-b0aa-faae748c1a2c\">Download<\/a><\/div>\n\n\n\n<div style=\"height:47px\" aria-hidden=\"true\" class=\"wp-block-spacer\"><\/div>\n\n\n\n<p class=\"has-vivid-red-color has-text-color has-medium-font-size\"><strong>SANJA BISTRI\u010cI\u0106<\/strong><\/p>\n\n\n\n<figure class=\"wp-block-image size-large\"><a href=\"https:\/\/blog.alu.hr\/wp-content\/uploads\/2023\/11\/IMG_9339.jpg\"><img loading=\"lazy\" decoding=\"async\" width=\"1024\" height=\"682\" src=\"https:\/\/blog.alu.hr\/wp-content\/uploads\/2023\/11\/IMG_9339-1024x682.jpg\" alt=\"\" class=\"wp-image-4368\" srcset=\"https:\/\/blog.alu.hr\/wp-content\/uploads\/2023\/11\/IMG_9339-1024x682.jpg 1024w, https:\/\/blog.alu.hr\/wp-content\/uploads\/2023\/11\/IMG_9339-300x200.jpg 300w, https:\/\/blog.alu.hr\/wp-content\/uploads\/2023\/11\/IMG_9339-768x512.jpg 768w, https:\/\/blog.alu.hr\/wp-content\/uploads\/2023\/11\/IMG_9339-1536x1024.jpg 1536w, https:\/\/blog.alu.hr\/wp-content\/uploads\/2023\/11\/IMG_9339.jpg 2000w\" sizes=\"auto, (max-width: 709px) 85vw, (max-width: 909px) 67vw, (max-width: 1362px) 62vw, 840px\" \/><\/a><\/figure>\n\n\n\n<p><a href=\"https:\/\/www.instagram.com\/sanja_bistricicsrica\/\">instagram<\/a><\/p>\n\n\n\n<div style=\"height:100px\" aria-hidden=\"true\" class=\"wp-block-spacer\"><\/div>\n\n\n\n<div style=\"height:100px\" aria-hidden=\"true\" class=\"wp-block-spacer\"><\/div>\n\n\n\n<p class=\"has-vivid-red-color has-text-color has-medium-font-size\"><\/p>\n","protected":false},"excerpt":{"rendered":"<p>VALENTINA BUTUMOVI\u0106 IVA KOREN\u010cI\u0106 web Iva Koren\u010di\u0107 Diplomski tekst Sve Jedan Prostor BRANIMIR \u0160TIVI\u0106 web TEUTA GATOLIN web MAJA RIVI\u0106 web IVAN JAMI\u0106 SANJA BISTRI\u010cI\u0106 instagram<\/p>\n","protected":false},"author":3,"featured_media":0,"parent":526,"menu_order":3,"comment_status":"closed","ping_status":"closed","template":"","meta":{"footnotes":""},"class_list":["post-4148","page","type-page","status-publish","hentry"],"_links":{"self":[{"href":"https:\/\/blog.alu.hr\/index.php?rest_route=\/wp\/v2\/pages\/4148","targetHints":{"allow":["GET"]}}],"collection":[{"href":"https:\/\/blog.alu.hr\/index.php?rest_route=\/wp\/v2\/pages"}],"about":[{"href":"https:\/\/blog.alu.hr\/index.php?rest_route=\/wp\/v2\/types\/page"}],"author":[{"embeddable":true,"href":"https:\/\/blog.alu.hr\/index.php?rest_route=\/wp\/v2\/users\/3"}],"replies":[{"embeddable":true,"href":"https:\/\/blog.alu.hr\/index.php?rest_route=%2Fwp%2Fv2%2Fcomments&post=4148"}],"version-history":[{"count":36,"href":"https:\/\/blog.alu.hr\/index.php?rest_route=\/wp\/v2\/pages\/4148\/revisions"}],"predecessor-version":[{"id":4666,"href":"https:\/\/blog.alu.hr\/index.php?rest_route=\/wp\/v2\/pages\/4148\/revisions\/4666"}],"up":[{"embeddable":true,"href":"https:\/\/blog.alu.hr\/index.php?rest_route=\/wp\/v2\/pages\/526"}],"wp:attachment":[{"href":"https:\/\/blog.alu.hr\/index.php?rest_route=%2Fwp%2Fv2%2Fmedia&parent=4148"}],"curies":[{"name":"wp","href":"https:\/\/api.w.org\/{rel}","templated":true}]}}