{"id":3918,"date":"2023-07-25T21:17:50","date_gmt":"2023-07-25T19:17:50","guid":{"rendered":"http:\/\/blog.alu.hr\/?page_id=3918"},"modified":"2024-12-01T22:23:37","modified_gmt":"2024-12-01T20:23:37","slug":"2023-2","status":"publish","type":"page","link":"https:\/\/blog.alu.hr\/?page_id=3918","title":{"rendered":"2023"},"content":{"rendered":"\n<div style=\"height:100px\" aria-hidden=\"true\" class=\"wp-block-spacer\"><\/div>\n\n\n\n<p class=\"has-normal-font-size\">Ivana Gali\u0107<\/p>\n\n\n\n<figure class=\"wp-block-gallery has-nested-images columns-2 is-cropped wp-block-gallery-1 is-layout-flex wp-block-gallery-is-layout-flex\">\n<figure class=\"wp-block-image\"><img loading=\"lazy\" decoding=\"async\" width=\"1024\" height=\"575\" data-id=\"3921\" src=\"https:\/\/blog.alu.hr\/wp-content\/uploads\/2023\/07\/IMG_5806-1024x575.jpg\" alt=\"\" class=\"wp-image-3921\" srcset=\"https:\/\/blog.alu.hr\/wp-content\/uploads\/2023\/07\/IMG_5806-1024x575.jpg 1024w, https:\/\/blog.alu.hr\/wp-content\/uploads\/2023\/07\/IMG_5806-300x169.jpg 300w, https:\/\/blog.alu.hr\/wp-content\/uploads\/2023\/07\/IMG_5806-768x431.jpg 768w, https:\/\/blog.alu.hr\/wp-content\/uploads\/2023\/07\/IMG_5806-1536x863.jpg 1536w, https:\/\/blog.alu.hr\/wp-content\/uploads\/2023\/07\/IMG_5806-2048x1150.jpg 2048w\" sizes=\"auto, (max-width: 709px) 85vw, (max-width: 909px) 67vw, (max-width: 1362px) 62vw, 840px\" \/><\/figure>\n\n\n\n<figure class=\"wp-block-image\"><img loading=\"lazy\" decoding=\"async\" width=\"1024\" height=\"575\" data-id=\"3922\" src=\"https:\/\/blog.alu.hr\/wp-content\/uploads\/2023\/07\/IMG_5808-1024x575.jpg\" alt=\"\" class=\"wp-image-3922\" srcset=\"https:\/\/blog.alu.hr\/wp-content\/uploads\/2023\/07\/IMG_5808-1024x575.jpg 1024w, https:\/\/blog.alu.hr\/wp-content\/uploads\/2023\/07\/IMG_5808-300x169.jpg 300w, https:\/\/blog.alu.hr\/wp-content\/uploads\/2023\/07\/IMG_5808-768x431.jpg 768w, https:\/\/blog.alu.hr\/wp-content\/uploads\/2023\/07\/IMG_5808-1536x863.jpg 1536w, https:\/\/blog.alu.hr\/wp-content\/uploads\/2023\/07\/IMG_5808-2048x1150.jpg 2048w\" sizes=\"auto, (max-width: 709px) 85vw, (max-width: 909px) 67vw, (max-width: 1362px) 62vw, 840px\" \/><\/figure>\n\n\n\n<figure class=\"wp-block-image\"><img loading=\"lazy\" decoding=\"async\" width=\"1024\" height=\"768\" data-id=\"3930\" src=\"https:\/\/blog.alu.hr\/wp-content\/uploads\/2023\/07\/IMG-3825-1024x768.jpg\" alt=\"\" class=\"wp-image-3930\" srcset=\"https:\/\/blog.alu.hr\/wp-content\/uploads\/2023\/07\/IMG-3825-1024x768.jpg 1024w, https:\/\/blog.alu.hr\/wp-content\/uploads\/2023\/07\/IMG-3825-300x225.jpg 300w, https:\/\/blog.alu.hr\/wp-content\/uploads\/2023\/07\/IMG-3825-768x576.jpg 768w, https:\/\/blog.alu.hr\/wp-content\/uploads\/2023\/07\/IMG-3825-1536x1152.jpg 1536w, https:\/\/blog.alu.hr\/wp-content\/uploads\/2023\/07\/IMG-3825-2048x1536.jpg 2048w\" sizes=\"auto, (max-width: 709px) 85vw, (max-width: 909px) 67vw, (max-width: 1362px) 62vw, 840px\" \/><\/figure>\n<\/figure>\n\n\n\n<div style=\"height:20px\" aria-hidden=\"true\" class=\"wp-block-spacer\"><\/div>\n\n\n\n<p class=\"has-normal-font-size\">Marie Jeanne Juki\u0107<\/p>\n\n\n\n<figure class=\"wp-block-gallery has-nested-images columns-2 is-cropped wp-block-gallery-2 is-layout-flex wp-block-gallery-is-layout-flex\">\n<figure class=\"wp-block-image\"><img loading=\"lazy\" decoding=\"async\" width=\"1024\" height=\"768\" data-id=\"3938\" src=\"https:\/\/blog.alu.hr\/wp-content\/uploads\/2023\/07\/image00004-1024x768.jpeg\" alt=\"\" class=\"wp-image-3938\" srcset=\"https:\/\/blog.alu.hr\/wp-content\/uploads\/2023\/07\/image00004-1024x768.jpeg 1024w, https:\/\/blog.alu.hr\/wp-content\/uploads\/2023\/07\/image00004-300x225.jpeg 300w, https:\/\/blog.alu.hr\/wp-content\/uploads\/2023\/07\/image00004-768x576.jpeg 768w, https:\/\/blog.alu.hr\/wp-content\/uploads\/2023\/07\/image00004-1536x1152.jpeg 1536w, https:\/\/blog.alu.hr\/wp-content\/uploads\/2023\/07\/image00004-2048x1536.jpeg 2048w\" sizes=\"auto, (max-width: 709px) 85vw, (max-width: 909px) 67vw, (max-width: 1362px) 62vw, 840px\" \/><\/figure>\n\n\n\n<figure class=\"wp-block-image\"><img loading=\"lazy\" decoding=\"async\" width=\"1024\" height=\"768\" data-id=\"3942\" src=\"https:\/\/blog.alu.hr\/wp-content\/uploads\/2023\/07\/image00007-1024x768.jpeg\" alt=\"\" class=\"wp-image-3942\" srcset=\"https:\/\/blog.alu.hr\/wp-content\/uploads\/2023\/07\/image00007-1024x768.jpeg 1024w, https:\/\/blog.alu.hr\/wp-content\/uploads\/2023\/07\/image00007-300x225.jpeg 300w, https:\/\/blog.alu.hr\/wp-content\/uploads\/2023\/07\/image00007-768x576.jpeg 768w, https:\/\/blog.alu.hr\/wp-content\/uploads\/2023\/07\/image00007-1536x1152.jpeg 1536w, https:\/\/blog.alu.hr\/wp-content\/uploads\/2023\/07\/image00007-2048x1536.jpeg 2048w\" sizes=\"auto, (max-width: 709px) 85vw, (max-width: 909px) 67vw, (max-width: 1362px) 62vw, 840px\" \/><\/figure>\n\n\n\n<figure class=\"wp-block-image\"><img loading=\"lazy\" decoding=\"async\" width=\"1024\" height=\"768\" data-id=\"3943\" src=\"https:\/\/blog.alu.hr\/wp-content\/uploads\/2023\/07\/image00008-1024x768.jpeg\" alt=\"\" class=\"wp-image-3943\" srcset=\"https:\/\/blog.alu.hr\/wp-content\/uploads\/2023\/07\/image00008-1024x768.jpeg 1024w, https:\/\/blog.alu.hr\/wp-content\/uploads\/2023\/07\/image00008-300x225.jpeg 300w, https:\/\/blog.alu.hr\/wp-content\/uploads\/2023\/07\/image00008-768x576.jpeg 768w, https:\/\/blog.alu.hr\/wp-content\/uploads\/2023\/07\/image00008-1536x1152.jpeg 1536w, https:\/\/blog.alu.hr\/wp-content\/uploads\/2023\/07\/image00008-2048x1536.jpeg 2048w\" sizes=\"auto, (max-width: 709px) 85vw, (max-width: 909px) 67vw, (max-width: 1362px) 62vw, 840px\" \/><\/figure>\n<\/figure>\n\n\n\n<div style=\"height:100px\" aria-hidden=\"true\" class=\"wp-block-spacer\"><\/div>\n\n\n\n<p class=\"has-normal-font-size\">Nina Kasavica<\/p>\n\n\n\n<figure class=\"wp-block-gallery has-nested-images columns-2 is-cropped wp-block-gallery-3 is-layout-flex wp-block-gallery-is-layout-flex\">\n<figure class=\"wp-block-image\"><img loading=\"lazy\" decoding=\"async\" width=\"768\" height=\"1024\" data-id=\"3950\" src=\"https:\/\/blog.alu.hr\/wp-content\/uploads\/2023\/07\/IMG_6229-768x1024.jpeg\" alt=\"\" class=\"wp-image-3950\" srcset=\"https:\/\/blog.alu.hr\/wp-content\/uploads\/2023\/07\/IMG_6229-768x1024.jpeg 768w, https:\/\/blog.alu.hr\/wp-content\/uploads\/2023\/07\/IMG_6229-225x300.jpeg 225w, https:\/\/blog.alu.hr\/wp-content\/uploads\/2023\/07\/IMG_6229-1152x1536.jpeg 1152w, https:\/\/blog.alu.hr\/wp-content\/uploads\/2023\/07\/IMG_6229-1536x2048.jpeg 1536w, https:\/\/blog.alu.hr\/wp-content\/uploads\/2023\/07\/IMG_6229-scaled.jpeg 1920w\" sizes=\"auto, (max-width: 768px) 85vw, 768px\" \/><\/figure>\n\n\n\n<figure class=\"wp-block-image\"><img loading=\"lazy\" decoding=\"async\" width=\"768\" height=\"1024\" data-id=\"3951\" src=\"https:\/\/blog.alu.hr\/wp-content\/uploads\/2023\/07\/IMG_6233-768x1024.jpeg\" alt=\"\" class=\"wp-image-3951\" srcset=\"https:\/\/blog.alu.hr\/wp-content\/uploads\/2023\/07\/IMG_6233-768x1024.jpeg 768w, https:\/\/blog.alu.hr\/wp-content\/uploads\/2023\/07\/IMG_6233-225x300.jpeg 225w, https:\/\/blog.alu.hr\/wp-content\/uploads\/2023\/07\/IMG_6233-1152x1536.jpeg 1152w, https:\/\/blog.alu.hr\/wp-content\/uploads\/2023\/07\/IMG_6233-1536x2048.jpeg 1536w, https:\/\/blog.alu.hr\/wp-content\/uploads\/2023\/07\/IMG_6233-scaled.jpeg 1920w\" sizes=\"auto, (max-width: 768px) 85vw, 768px\" \/><\/figure>\n\n\n\n<figure class=\"wp-block-image\"><img loading=\"lazy\" decoding=\"async\" width=\"768\" height=\"1024\" data-id=\"3953\" src=\"https:\/\/blog.alu.hr\/wp-content\/uploads\/2023\/07\/IMG_6196-768x1024.jpeg\" alt=\"\" class=\"wp-image-3953\" srcset=\"https:\/\/blog.alu.hr\/wp-content\/uploads\/2023\/07\/IMG_6196-768x1024.jpeg 768w, https:\/\/blog.alu.hr\/wp-content\/uploads\/2023\/07\/IMG_6196-225x300.jpeg 225w, https:\/\/blog.alu.hr\/wp-content\/uploads\/2023\/07\/IMG_6196-1152x1536.jpeg 1152w, https:\/\/blog.alu.hr\/wp-content\/uploads\/2023\/07\/IMG_6196-1536x2048.jpeg 1536w, https:\/\/blog.alu.hr\/wp-content\/uploads\/2023\/07\/IMG_6196-scaled.jpeg 1920w\" sizes=\"auto, (max-width: 768px) 85vw, 768px\" \/><\/figure>\n<\/figure>\n\n\n\n<div style=\"height:100px\" aria-hidden=\"true\" class=\"wp-block-spacer\"><\/div>\n\n\n\n<p class=\"has-normal-font-size\">Monika Milo\u0161evski<\/p>\n\n\n\n<figure class=\"wp-block-gallery has-nested-images columns-2 is-cropped wp-block-gallery-4 is-layout-flex wp-block-gallery-is-layout-flex\">\n<figure class=\"wp-block-image\"><img loading=\"lazy\" decoding=\"async\" width=\"768\" height=\"1024\" data-id=\"3955\" src=\"https:\/\/blog.alu.hr\/wp-content\/uploads\/2023\/07\/20230619_151857-768x1024.jpg\" alt=\"\" class=\"wp-image-3955\" srcset=\"https:\/\/blog.alu.hr\/wp-content\/uploads\/2023\/07\/20230619_151857-768x1024.jpg 768w, https:\/\/blog.alu.hr\/wp-content\/uploads\/2023\/07\/20230619_151857-225x300.jpg 225w, https:\/\/blog.alu.hr\/wp-content\/uploads\/2023\/07\/20230619_151857-1152x1536.jpg 1152w, https:\/\/blog.alu.hr\/wp-content\/uploads\/2023\/07\/20230619_151857-1536x2048.jpg 1536w, https:\/\/blog.alu.hr\/wp-content\/uploads\/2023\/07\/20230619_151857-scaled.jpg 1920w\" sizes=\"auto, (max-width: 768px) 85vw, 768px\" \/><\/figure>\n\n\n\n<figure class=\"wp-block-image\"><img loading=\"lazy\" decoding=\"async\" width=\"1024\" height=\"768\" data-id=\"3956\" src=\"https:\/\/blog.alu.hr\/wp-content\/uploads\/2023\/07\/20230619_152020-1024x768.jpg\" alt=\"\" class=\"wp-image-3956\" srcset=\"https:\/\/blog.alu.hr\/wp-content\/uploads\/2023\/07\/20230619_152020-1024x768.jpg 1024w, https:\/\/blog.alu.hr\/wp-content\/uploads\/2023\/07\/20230619_152020-300x225.jpg 300w, https:\/\/blog.alu.hr\/wp-content\/uploads\/2023\/07\/20230619_152020-768x576.jpg 768w, https:\/\/blog.alu.hr\/wp-content\/uploads\/2023\/07\/20230619_152020-1536x1152.jpg 1536w, https:\/\/blog.alu.hr\/wp-content\/uploads\/2023\/07\/20230619_152020-2048x1536.jpg 2048w\" sizes=\"auto, (max-width: 709px) 85vw, (max-width: 909px) 67vw, (max-width: 1362px) 62vw, 840px\" \/><\/figure>\n\n\n\n<figure class=\"wp-block-image\"><img loading=\"lazy\" decoding=\"async\" width=\"1024\" height=\"768\" data-id=\"3958\" src=\"https:\/\/blog.alu.hr\/wp-content\/uploads\/2023\/07\/20230621_182757-1024x768.jpg\" alt=\"\" class=\"wp-image-3958\" srcset=\"https:\/\/blog.alu.hr\/wp-content\/uploads\/2023\/07\/20230621_182757-1024x768.jpg 1024w, https:\/\/blog.alu.hr\/wp-content\/uploads\/2023\/07\/20230621_182757-300x225.jpg 300w, https:\/\/blog.alu.hr\/wp-content\/uploads\/2023\/07\/20230621_182757-768x576.jpg 768w, https:\/\/blog.alu.hr\/wp-content\/uploads\/2023\/07\/20230621_182757-1536x1152.jpg 1536w, https:\/\/blog.alu.hr\/wp-content\/uploads\/2023\/07\/20230621_182757-2048x1536.jpg 2048w\" sizes=\"auto, (max-width: 709px) 85vw, (max-width: 909px) 67vw, (max-width: 1362px) 62vw, 840px\" \/><\/figure>\n<\/figure>\n\n\n\n<div style=\"height:100px\" aria-hidden=\"true\" class=\"wp-block-spacer\"><\/div>\n\n\n\n<p class=\"has-normal-font-size\">David Wilhelm<\/p>\n\n\n\n<figure class=\"wp-block-gallery has-nested-images columns-2 is-cropped wp-block-gallery-5 is-layout-flex wp-block-gallery-is-layout-flex\">\n<figure class=\"wp-block-image size-large\"><img loading=\"lazy\" decoding=\"async\" width=\"1024\" height=\"683\" data-id=\"3963\" src=\"https:\/\/blog.alu.hr\/wp-content\/uploads\/2023\/07\/IMG_5867-1024x683.jpg\" alt=\"\" class=\"wp-image-3963\" srcset=\"https:\/\/blog.alu.hr\/wp-content\/uploads\/2023\/07\/IMG_5867-1024x683.jpg 1024w, https:\/\/blog.alu.hr\/wp-content\/uploads\/2023\/07\/IMG_5867-300x200.jpg 300w, https:\/\/blog.alu.hr\/wp-content\/uploads\/2023\/07\/IMG_5867-768x512.jpg 768w, https:\/\/blog.alu.hr\/wp-content\/uploads\/2023\/07\/IMG_5867-1536x1024.jpg 1536w, https:\/\/blog.alu.hr\/wp-content\/uploads\/2023\/07\/IMG_5867-2048x1365.jpg 2048w\" sizes=\"auto, (max-width: 709px) 85vw, (max-width: 909px) 67vw, (max-width: 1362px) 62vw, 840px\" \/><\/figure>\n\n\n\n<figure class=\"wp-block-image size-large\"><img loading=\"lazy\" decoding=\"async\" width=\"1024\" height=\"683\" data-id=\"3962\" src=\"https:\/\/blog.alu.hr\/wp-content\/uploads\/2023\/07\/IMG_5872-1024x683.jpg\" alt=\"\" class=\"wp-image-3962\" srcset=\"https:\/\/blog.alu.hr\/wp-content\/uploads\/2023\/07\/IMG_5872-1024x683.jpg 1024w, https:\/\/blog.alu.hr\/wp-content\/uploads\/2023\/07\/IMG_5872-300x200.jpg 300w, https:\/\/blog.alu.hr\/wp-content\/uploads\/2023\/07\/IMG_5872-768x512.jpg 768w, https:\/\/blog.alu.hr\/wp-content\/uploads\/2023\/07\/IMG_5872-1536x1024.jpg 1536w, https:\/\/blog.alu.hr\/wp-content\/uploads\/2023\/07\/IMG_5872-2048x1365.jpg 2048w\" sizes=\"auto, (max-width: 709px) 85vw, (max-width: 909px) 67vw, (max-width: 1362px) 62vw, 840px\" \/><\/figure>\n\n\n\n<figure class=\"wp-block-image size-large\"><img loading=\"lazy\" decoding=\"async\" width=\"1024\" height=\"683\" data-id=\"3961\" src=\"https:\/\/blog.alu.hr\/wp-content\/uploads\/2023\/07\/IMG_5869-1024x683.jpg\" alt=\"\" class=\"wp-image-3961\" srcset=\"https:\/\/blog.alu.hr\/wp-content\/uploads\/2023\/07\/IMG_5869-1024x683.jpg 1024w, https:\/\/blog.alu.hr\/wp-content\/uploads\/2023\/07\/IMG_5869-300x200.jpg 300w, https:\/\/blog.alu.hr\/wp-content\/uploads\/2023\/07\/IMG_5869-768x512.jpg 768w, https:\/\/blog.alu.hr\/wp-content\/uploads\/2023\/07\/IMG_5869-1536x1024.jpg 1536w, https:\/\/blog.alu.hr\/wp-content\/uploads\/2023\/07\/IMG_5869-2048x1365.jpg 2048w\" sizes=\"auto, (max-width: 709px) 85vw, (max-width: 909px) 67vw, (max-width: 1362px) 62vw, 840px\" \/><\/figure>\n<\/figure>\n\n\n\n<figure class=\"wp-block-gallery has-nested-images columns-default is-cropped wp-block-gallery-6 is-layout-flex wp-block-gallery-is-layout-flex\"><\/figure>\n\n\n\n<p class=\"has-small-font-size\"><\/p>\n\n\n\n<p><\/p>\n\n\n\n<p><\/p>\n\n\n\n<p><\/p>\n","protected":false},"excerpt":{"rendered":"<p>Ivana Gali\u0107 Marie Jeanne Juki\u0107 Nina Kasavica Monika Milo\u0161evski David Wilhelm<\/p>\n","protected":false},"author":3,"featured_media":0,"parent":19,"menu_order":12,"comment_status":"closed","ping_status":"closed","template":"","meta":{"footnotes":""},"class_list":["post-3918","page","type-page","status-publish","hentry"],"_links":{"self":[{"href":"https:\/\/blog.alu.hr\/index.php?rest_route=\/wp\/v2\/pages\/3918","targetHints":{"allow":["GET"]}}],"collection":[{"href":"https:\/\/blog.alu.hr\/index.php?rest_route=\/wp\/v2\/pages"}],"about":[{"href":"https:\/\/blog.alu.hr\/index.php?rest_route=\/wp\/v2\/types\/page"}],"author":[{"embeddable":true,"href":"https:\/\/blog.alu.hr\/index.php?rest_route=\/wp\/v2\/users\/3"}],"replies":[{"embeddable":true,"href":"https:\/\/blog.alu.hr\/index.php?rest_route=%2Fwp%2Fv2%2Fcomments&post=3918"}],"version-history":[{"count":15,"href":"https:\/\/blog.alu.hr\/index.php?rest_route=\/wp\/v2\/pages\/3918\/revisions"}],"predecessor-version":[{"id":4481,"href":"https:\/\/blog.alu.hr\/index.php?rest_route=\/wp\/v2\/pages\/3918\/revisions\/4481"}],"up":[{"embeddable":true,"href":"https:\/\/blog.alu.hr\/index.php?rest_route=\/wp\/v2\/pages\/19"}],"wp:attachment":[{"href":"https:\/\/blog.alu.hr\/index.php?rest_route=%2Fwp%2Fv2%2Fmedia&parent=3918"}],"curies":[{"name":"wp","href":"https:\/\/api.w.org\/{rel}","templated":true}]}}