{"id":3141,"date":"2023-07-16T13:31:39","date_gmt":"2023-07-16T11:31:39","guid":{"rendered":"http:\/\/blog.alu.hr\/?page_id=3141"},"modified":"2023-12-20T17:21:29","modified_gmt":"2023-12-20T15:21:29","slug":"2023-2","status":"publish","type":"page","link":"https:\/\/blog.alu.hr\/?page_id=3141","title":{"rendered":"2023"},"content":{"rendered":"\n<div style=\"height:100px\" aria-hidden=\"true\" class=\"wp-block-spacer\"><\/div>\n\n\n\n<p><\/p>\n\n\n\n\n\n<p><\/p>\n\n\n\n<p><\/p>\n\n\n\n<p><\/p>\n\n\n\n<p><\/p>\n\n\n\n<p class=\"has-medium-font-size\"><strong>Magdalena Jan\u0111el<\/strong><\/p>\n\n\n\n<figure class=\"wp-block-image size-large\"><img loading=\"lazy\" decoding=\"async\" width=\"1024\" height=\"768\" src=\"https:\/\/blog.alu.hr\/wp-content\/uploads\/2023\/07\/IMG_9078-1024x768.jpeg\" alt=\"\" class=\"wp-image-3165\" srcset=\"https:\/\/blog.alu.hr\/wp-content\/uploads\/2023\/07\/IMG_9078-1024x768.jpeg 1024w, https:\/\/blog.alu.hr\/wp-content\/uploads\/2023\/07\/IMG_9078-300x225.jpeg 300w, https:\/\/blog.alu.hr\/wp-content\/uploads\/2023\/07\/IMG_9078-768x576.jpeg 768w, https:\/\/blog.alu.hr\/wp-content\/uploads\/2023\/07\/IMG_9078-1536x1152.jpeg 1536w, https:\/\/blog.alu.hr\/wp-content\/uploads\/2023\/07\/IMG_9078.jpeg 2048w\" sizes=\"auto, (max-width: 709px) 85vw, (max-width: 909px) 67vw, (max-width: 1362px) 62vw, 840px\" \/><\/figure>\n\n\n\n<div class=\"wp-block-group\"><div class=\"wp-block-group__inner-container is-layout-flow wp-block-group-is-layout-flow\">\n<div class=\"wp-block-file\"><a id=\"wp-block-file--media-8f37c14c-62b2-4207-bc5f-4e495c93f30e\" href=\"https:\/\/blog.alu.hr\/wp-content\/uploads\/2023\/07\/Jandjel_diplomski.pdf\"><strong>Kontrakcije i Relaksacije <\/strong>Magdalena Jandjel diplomski tekst<\/a><a href=\"https:\/\/blog.alu.hr\/wp-content\/uploads\/2023\/07\/Jandjel_diplomski.pdf\" class=\"wp-block-file__button wp-element-button\" download aria-describedby=\"wp-block-file--media-8f37c14c-62b2-4207-bc5f-4e495c93f30e\">Download<\/a><\/div>\n\n\n\n<p><a href=\"https:\/\/www.instagram.com\/magdalenajandel\/\">instagram<\/a><\/p>\n\n\n\n<div style=\"height:100px\" aria-hidden=\"true\" class=\"wp-block-spacer\"><\/div>\n\n\n\n<p><\/p>\n\n\n\n<p class=\"has-medium-font-size\"><strong>Kris Komljenovi\u0107<\/strong><\/p>\n\n\n\n<figure class=\"wp-block-image size-large\"><img loading=\"lazy\" decoding=\"async\" width=\"1024\" height=\"576\" src=\"https:\/\/blog.alu.hr\/wp-content\/uploads\/2023\/07\/image-1-1024x576.png\" alt=\"\" class=\"wp-image-3161\" srcset=\"https:\/\/blog.alu.hr\/wp-content\/uploads\/2023\/07\/image-1-1024x576.png 1024w, https:\/\/blog.alu.hr\/wp-content\/uploads\/2023\/07\/image-1-300x169.png 300w, https:\/\/blog.alu.hr\/wp-content\/uploads\/2023\/07\/image-1-768x432.png 768w, https:\/\/blog.alu.hr\/wp-content\/uploads\/2023\/07\/image-1-1536x864.png 1536w, https:\/\/blog.alu.hr\/wp-content\/uploads\/2023\/07\/image-1.png 1600w\" sizes=\"auto, (max-width: 709px) 85vw, (max-width: 909px) 67vw, (max-width: 1362px) 62vw, 840px\" \/><\/figure>\n<\/div><\/div>\n\n\n\n<div class=\"wp-block-file\"><a id=\"wp-block-file--media-ae2049f1-364d-4d60-a962-b97f57861d59\" href=\"https:\/\/blog.alu.hr\/wp-content\/uploads\/2023\/07\/KrisDipl.homunkul-1.pdf\"><strong>Homunkul<\/strong>, diplomski tekst, Kris Komljenovi\u0107<\/a><a href=\"https:\/\/blog.alu.hr\/wp-content\/uploads\/2023\/07\/KrisDipl.homunkul-1.pdf\" class=\"wp-block-file__button wp-element-button\" download aria-describedby=\"wp-block-file--media-ae2049f1-364d-4d60-a962-b97f57861d59\">Download<\/a><\/div>\n\n\n\n<p><a href=\"https:\/\/fawngz.tumblr.com\/work-navi\">website<\/a><\/p>\n\n\n\n<div style=\"height:100px\" aria-hidden=\"true\" class=\"wp-block-spacer\"><\/div>\n\n\n\n<p><\/p>\n\n\n\n<p class=\"has-medium-font-size\"><strong>Lucija Ostrogovi\u0107<\/strong><\/p>\n\n\n\n<figure class=\"wp-block-image size-large\"><img loading=\"lazy\" decoding=\"async\" width=\"1024\" height=\"683\" src=\"https:\/\/blog.alu.hr\/wp-content\/uploads\/2023\/07\/10-1024x683.jpg\" alt=\"\" class=\"wp-image-3163\" srcset=\"https:\/\/blog.alu.hr\/wp-content\/uploads\/2023\/07\/10-1024x683.jpg 1024w, https:\/\/blog.alu.hr\/wp-content\/uploads\/2023\/07\/10-300x200.jpg 300w, https:\/\/blog.alu.hr\/wp-content\/uploads\/2023\/07\/10-768x512.jpg 768w, https:\/\/blog.alu.hr\/wp-content\/uploads\/2023\/07\/10-1536x1025.jpg 1536w, https:\/\/blog.alu.hr\/wp-content\/uploads\/2023\/07\/10-2048x1367.jpg 2048w\" sizes=\"auto, (max-width: 709px) 85vw, (max-width: 909px) 67vw, (max-width: 1362px) 62vw, 840px\" \/><\/figure>\n\n\n\n<p><a href=\"https:\/\/blog.alu.hr\/wp-content\/uploads\/2023\/12\/Apartmanizacija-iznutra-prema-van_Lucija-Ostrogovic.pdf\" data-type=\"attachment\" data-id=\"4651\">Apartmantazicija iznutra prema van<\/a>, Diplomski rad Lucija Ostrogovi\u0107<\/p>\n\n\n\n<p><a href=\"https:\/\/www.instagram.com\/lucija_ostrogovic\/\">instagram<\/a><\/p>\n\n\n\n<div style=\"height:100px\" aria-hidden=\"true\" class=\"wp-block-spacer\"><\/div>\n\n\n\n<p><\/p>\n\n\n\n<p class=\"has-medium-font-size\"><strong>Vjeran Vuka\u0161inovi\u0107<\/strong><\/p>\n\n\n\n<div class=\"wp-block-group\"><div class=\"wp-block-group__inner-container is-layout-flow wp-block-group-is-layout-flow\"><\/div><\/div>\n\n\n\n<figure class=\"wp-block-image size-large\"><img loading=\"lazy\" decoding=\"async\" width=\"1024\" height=\"461\" src=\"https:\/\/blog.alu.hr\/wp-content\/uploads\/2023\/07\/IMG_20230619_145528-1-1024x461.jpg\" alt=\"\" class=\"wp-image-3833\" srcset=\"https:\/\/blog.alu.hr\/wp-content\/uploads\/2023\/07\/IMG_20230619_145528-1-1024x461.jpg 1024w, https:\/\/blog.alu.hr\/wp-content\/uploads\/2023\/07\/IMG_20230619_145528-1-300x135.jpg 300w, https:\/\/blog.alu.hr\/wp-content\/uploads\/2023\/07\/IMG_20230619_145528-1-768x346.jpg 768w, https:\/\/blog.alu.hr\/wp-content\/uploads\/2023\/07\/IMG_20230619_145528-1-1536x691.jpg 1536w, https:\/\/blog.alu.hr\/wp-content\/uploads\/2023\/07\/IMG_20230619_145528-1-2048x922.jpg 2048w\" sizes=\"auto, (max-width: 709px) 85vw, (max-width: 909px) 67vw, (max-width: 1362px) 62vw, 840px\" \/><\/figure>\n\n\n\n<div class=\"wp-block-file\"><a id=\"wp-block-file--media-0c49a728-202f-49e6-b74b-10a9f6791d0d\" href=\"https:\/\/blog.alu.hr\/wp-content\/uploads\/2023\/07\/ROOM-FOR-MOREVjeranDipl.pdf\">              ROOM-FOR-MORE Vjeran Vuka\u0161inovi\u0107, Diplomski tekst<\/a><a href=\"https:\/\/blog.alu.hr\/wp-content\/uploads\/2023\/07\/ROOM-FOR-MOREVjeranDipl.pdf\" class=\"wp-block-file__button wp-element-button\" download aria-describedby=\"wp-block-file--media-0c49a728-202f-49e6-b74b-10a9f6791d0d\">Download<\/a><\/div>\n\n\n\n<p><a href=\"https:\/\/www.instagram.com\/vjeran.vuk\/\">instagram<\/a><\/p>\n\n\n\n<p><\/p>\n\n\n\n<div style=\"height:100px\" aria-hidden=\"true\" class=\"wp-block-spacer\"><\/div>\n\n\n\n<p class=\"has-medium-font-size\"><strong>Iva Gavrilovi\u0107<\/strong><\/p>\n\n\n\n<figure class=\"wp-block-image size-large\"><a href=\"https:\/\/blog.alu.hr\/wp-content\/uploads\/2023\/10\/slika1.jpg\"><img loading=\"lazy\" decoding=\"async\" width=\"1024\" height=\"576\" src=\"https:\/\/blog.alu.hr\/wp-content\/uploads\/2023\/10\/slika1-1024x576.jpg\" alt=\"\" class=\"wp-image-4319\" srcset=\"https:\/\/blog.alu.hr\/wp-content\/uploads\/2023\/10\/slika1-1024x576.jpg 1024w, https:\/\/blog.alu.hr\/wp-content\/uploads\/2023\/10\/slika1-300x169.jpg 300w, https:\/\/blog.alu.hr\/wp-content\/uploads\/2023\/10\/slika1-768x432.jpg 768w, https:\/\/blog.alu.hr\/wp-content\/uploads\/2023\/10\/slika1-1536x864.jpg 1536w, https:\/\/blog.alu.hr\/wp-content\/uploads\/2023\/10\/slika1.jpg 1920w\" sizes=\"auto, (max-width: 709px) 85vw, (max-width: 909px) 67vw, (max-width: 1362px) 62vw, 840px\" \/><\/a><\/figure>\n\n\n\n<div class=\"wp-block-file\"><a id=\"wp-block-file--media-cfab846a-c523-4214-94fe-d7e0cc1f8112\" href=\"https:\/\/blog.alu.hr\/wp-content\/uploads\/2023\/11\/Diplomski-rad_U-potrazi-za-slikom-koja-je-dom_Gavrilovic_2023.pdf\">Diplomski rad_U potrazi za slikom koja je dom_Gavrilovic\u0301_2023<\/a><a href=\"https:\/\/blog.alu.hr\/wp-content\/uploads\/2023\/11\/Diplomski-rad_U-potrazi-za-slikom-koja-je-dom_Gavrilovic_2023.pdf\" class=\"wp-block-file__button wp-element-button\" download aria-describedby=\"wp-block-file--media-cfab846a-c523-4214-94fe-d7e0cc1f8112\">Download<\/a><\/div>\n\n\n\n<p><a href=\"https:\/\/www.instagram.com\/avi.gavrilovic\/\">instagram<\/a><\/p>\n\n\n\n<div style=\"height:60px\" aria-hidden=\"true\" class=\"wp-block-spacer\"><\/div>\n\n\n\n<p class=\"has-medium-font-size\"><strong>Petar Vranjkovi\u0107<\/strong><\/p>\n\n\n\n<div style=\"height:21px\" aria-hidden=\"true\" class=\"wp-block-spacer\"><\/div>\n\n\n\n<figure class=\"wp-block-image size-large\"><a href=\"https:\/\/blog.alu.hr\/wp-content\/uploads\/2023\/11\/vranjkovic.jpg\"><img loading=\"lazy\" decoding=\"async\" width=\"1024\" height=\"705\" src=\"https:\/\/blog.alu.hr\/wp-content\/uploads\/2023\/11\/vranjkovic-1024x705.jpg\" alt=\"\" class=\"wp-image-4408\" srcset=\"https:\/\/blog.alu.hr\/wp-content\/uploads\/2023\/11\/vranjkovic-1024x705.jpg 1024w, https:\/\/blog.alu.hr\/wp-content\/uploads\/2023\/11\/vranjkovic-300x206.jpg 300w, https:\/\/blog.alu.hr\/wp-content\/uploads\/2023\/11\/vranjkovic-768x529.jpg 768w, https:\/\/blog.alu.hr\/wp-content\/uploads\/2023\/11\/vranjkovic-1536x1057.jpg 1536w, https:\/\/blog.alu.hr\/wp-content\/uploads\/2023\/11\/vranjkovic.jpg 1796w\" sizes=\"auto, (max-width: 709px) 85vw, (max-width: 909px) 67vw, (max-width: 1362px) 62vw, 840px\" \/><\/a><\/figure>\n\n\n\n<div style=\"height:27px\" aria-hidden=\"true\" class=\"wp-block-spacer\"><\/div>\n\n\n\n<p>Petar Vranjkovi\u0107 Diplomski tekst <a href=\"https:\/\/blog.alu.hr\/wp-content\/uploads\/2023\/11\/PetarVranjkovic_CRP.pdf\" data-type=\"attachment\" data-id=\"4411\">I najbli\u017ee zvjezde su nam daleko<\/a><\/p>\n\n\n\n<div style=\"height:100px\" aria-hidden=\"true\" class=\"wp-block-spacer\"><\/div>\n","protected":false},"excerpt":{"rendered":"<p>Magdalena Jan\u0111el instagram Kris Komljenovi\u0107 website Lucija Ostrogovi\u0107 Apartmantazicija iznutra prema van, Diplomski rad Lucija Ostrogovi\u0107 instagram Vjeran Vuka\u0161inovi\u0107 instagram Iva Gavrilovi\u0107 instagram Petar Vranjkovi\u0107 Petar Vranjkovi\u0107 Diplomski tekst I najbli\u017ee zvjezde su nam daleko<\/p>\n","protected":false},"author":3,"featured_media":0,"parent":526,"menu_order":1,"comment_status":"closed","ping_status":"closed","template":"","meta":{"footnotes":""},"class_list":["post-3141","page","type-page","status-publish","hentry"],"_links":{"self":[{"href":"https:\/\/blog.alu.hr\/index.php?rest_route=\/wp\/v2\/pages\/3141","targetHints":{"allow":["GET"]}}],"collection":[{"href":"https:\/\/blog.alu.hr\/index.php?rest_route=\/wp\/v2\/pages"}],"about":[{"href":"https:\/\/blog.alu.hr\/index.php?rest_route=\/wp\/v2\/types\/page"}],"author":[{"embeddable":true,"href":"https:\/\/blog.alu.hr\/index.php?rest_route=\/wp\/v2\/users\/3"}],"replies":[{"embeddable":true,"href":"https:\/\/blog.alu.hr\/index.php?rest_route=%2Fwp%2Fv2%2Fcomments&post=3141"}],"version-history":[{"count":47,"href":"https:\/\/blog.alu.hr\/index.php?rest_route=\/wp\/v2\/pages\/3141\/revisions"}],"predecessor-version":[{"id":4656,"href":"https:\/\/blog.alu.hr\/index.php?rest_route=\/wp\/v2\/pages\/3141\/revisions\/4656"}],"up":[{"embeddable":true,"href":"https:\/\/blog.alu.hr\/index.php?rest_route=\/wp\/v2\/pages\/526"}],"wp:attachment":[{"href":"https:\/\/blog.alu.hr\/index.php?rest_route=%2Fwp%2Fv2%2Fmedia&parent=3141"}],"curies":[{"name":"wp","href":"https:\/\/api.w.org\/{rel}","templated":true}]}}