{"id":3139,"date":"2023-07-16T13:31:01","date_gmt":"2023-07-16T11:31:01","guid":{"rendered":"http:\/\/blog.alu.hr\/?page_id=3139"},"modified":"2024-12-07T21:19:32","modified_gmt":"2024-12-07T19:19:32","slug":"2022-2","status":"publish","type":"page","link":"https:\/\/blog.alu.hr\/?page_id=3139","title":{"rendered":"2022"},"content":{"rendered":"\n<p><\/p>\n\n\n\n<p><\/p>\n\n\n\n<p id=\"Bruna-Jakupovi\u0107\" class=\"has-text-color has-background has-medium-font-size has-vivid-red-color has-pale-pink-background-color\"><strong>Bruna Jakupovi\u0107<\/strong><\/p>\n\n\n<div class=\"wp-block-image\">\n<figure class=\"alignleft is-resized\"><img decoding=\"async\" src=\"https:\/\/lh5.googleusercontent.com\/xCThnXf92hzf5DZXR8V4xrmNA4PXbiqfld8N91Ka4T7X8cZGEpYgeUslUxeJbu7U3_4xyOjgMKZ_7v6LfZ1P_XODHj73ECjRFEX-a_LFmqH72vSkB-4GJ6t7AdeCMgXVNnG0uAlugnu4cboAlot0Oa0\" alt=\"\" style=\"width:509px;height:904px\"\/><\/figure><\/div>\n\n\n<div style=\"height:20px\" aria-hidden=\"true\" class=\"wp-block-spacer\"><\/div>\n\n\n\n<div style=\"height:20px\" aria-hidden=\"true\" class=\"wp-block-spacer\"><\/div>\n\n\n\n<p class=\"has-pale-pink-color has-text-color\"><strong>Diplomski rad <a href=\"https:\/\/blog.alu.hr\/wp-content\/uploads\/2023\/07\/BrunaJakupovicDipl-2.pdf\">Void\/Provalija<\/a> Bruna Jakupovi\u0107<\/strong><\/p>\n\n\n\n<p>instagram <a href=\"https:\/\/www.instagram.com\/rose_kolektiv\/\">Rose Kolektiv<\/a><\/p>\n\n\n\n<div style=\"height:100px\" aria-hidden=\"true\" class=\"wp-block-spacer\"><\/div>\n\n\n\n<p class=\"has-vivid-red-color has-pale-pink-background-color has-text-color has-background has-medium-font-size\" id=\"evan-kirby\"><strong>Evan Kirby<\/strong><\/p>\n\n\n<div class=\"wp-block-image\">\n<figure class=\"alignleft size-large\"><img loading=\"lazy\" decoding=\"async\" width=\"768\" height=\"1024\" src=\"https:\/\/blog.alu.hr\/wp-content\/uploads\/2023\/07\/image.png\" alt=\"\" class=\"wp-image-3155\" srcset=\"https:\/\/blog.alu.hr\/wp-content\/uploads\/2023\/07\/image.png 768w, https:\/\/blog.alu.hr\/wp-content\/uploads\/2023\/07\/image-225x300.png 225w\" sizes=\"auto, (max-width: 768px) 85vw, 768px\" \/><\/figure><\/div>\n\n\n<h1 class=\"wp-block-heading has-pale-pink-color has-text-color\">Diplomski rad <a href=\"https:\/\/blog.alu.hr\/wp-content\/uploads\/2023\/07\/Thesis-MA2.pdf\">Itinerant<\/a> Evan Kirby<\/h1>\n\n\n\n<p><a href=\"https:\/\/www.instagram.com\/evanjkirby\/\">instagram<\/a><\/p>\n\n\n\n<div style=\"height:100px\" aria-hidden=\"true\" class=\"wp-block-spacer\"><\/div>\n\n\n\n<p class=\"has-pale-pink-color has-text-color\"><\/p>\n\n\n\n<p class=\"has-vivid-red-color has-pale-pink-background-color has-text-color has-background has-medium-font-size\" id=\"lana-lehpamer\"><strong>Lana Lehpamer<\/strong><\/p>\n\n\n\n<p><\/p>\n\n\n\n<figure class=\"wp-block-image size-large is-resized\"><img loading=\"lazy\" decoding=\"async\" width=\"576\" height=\"1024\" src=\"https:\/\/blog.alu.hr\/wp-content\/uploads\/2023\/07\/image-12-576x1024.png\" alt=\"\" class=\"wp-image-3719\" style=\"width:587px;height:1043px\" srcset=\"https:\/\/blog.alu.hr\/wp-content\/uploads\/2023\/07\/image-12-576x1024.png 576w, https:\/\/blog.alu.hr\/wp-content\/uploads\/2023\/07\/image-12-169x300.png 169w, https:\/\/blog.alu.hr\/wp-content\/uploads\/2023\/07\/image-12-768x1366.png 768w, https:\/\/blog.alu.hr\/wp-content\/uploads\/2023\/07\/image-12-864x1536.png 864w, https:\/\/blog.alu.hr\/wp-content\/uploads\/2023\/07\/image-12.png 899w\" sizes=\"auto, (max-width: 576px) 85vw, 576px\" \/><\/figure>\n\n\n\n<h1 class=\"wp-block-heading has-pale-pink-color has-text-color\"> Diplomski rad <a href=\"https:\/\/blog.alu.hr\/wp-content\/uploads\/2023\/07\/LANA-DIPL_Unknot-1.pdf\">Unknot<\/a> Lana Lehpamer<\/h1>\n\n\n\n<p>instagram <a href=\"https:\/\/www.instagram.com\/rose_kolektiv\/\">Rose Kolektiv<\/a><\/p>\n\n\n\n<div style=\"height:100px\" aria-hidden=\"true\" class=\"wp-block-spacer\"><\/div>\n\n\n\n<p class=\"has-pale-pink-color has-text-color\">.<\/p>\n\n\n\n<p class=\"has-vivid-red-color has-pale-pink-background-color has-text-color has-background has-medium-font-size\" id=\"ivor-tamarut\"><strong>Ivor Tamarut<\/strong><\/p>\n\n\n\n<p><\/p>\n\n\n<div class=\"wp-block-image\">\n<figure class=\"alignleft size-large\"><img loading=\"lazy\" decoding=\"async\" width=\"656\" height=\"514\" src=\"https:\/\/blog.alu.hr\/wp-content\/uploads\/2023\/07\/image-10.png\" alt=\"\" class=\"wp-image-3199\" srcset=\"https:\/\/blog.alu.hr\/wp-content\/uploads\/2023\/07\/image-10.png 656w, https:\/\/blog.alu.hr\/wp-content\/uploads\/2023\/07\/image-10-300x235.png 300w\" sizes=\"auto, (max-width: 656px) 85vw, 656px\" \/><\/figure><\/div>\n\n\n<hr class=\"wp-block-separator has-css-opacity\"\/>\n\n\n\n<h1 class=\"wp-block-heading has-pale-pink-color has-text-color\">Diplomski rad  <a href=\"https:\/\/blog.alu.hr\/wp-content\/uploads\/2023\/07\/Repeticije-diplomski-tekst-Ivor-Tamarut-3.pdf\">Repeticije<\/a> Ivor Tamarut <\/h1>\n\n\n\n<p class=\"has-pale-pink-color has-text-color\"><\/p>\n\n\n\n<p>instagram <a href=\"https:\/\/www.instagram.com\/rose_kolektiv\/\">Rose Kolektiv<\/a><\/p>\n\n\n\n<div style=\"height:100px\" aria-hidden=\"true\" class=\"wp-block-spacer\"><\/div>\n\n\n\n<p><\/p>\n\n\n\n<h2 class=\"wp-block-heading\"><\/h2>\n\n\n\n<p class=\"has-vivid-red-color has-pale-pink-background-color has-text-color has-background has-medium-font-size\" id=\"josip-knezevic\"><strong>Josip Kne\u017eevi\u0107<\/strong><\/p>\n\n\n\n<figure class=\"wp-block-image size-large is-resized\"><img loading=\"lazy\" decoding=\"async\" width=\"576\" height=\"1024\" src=\"https:\/\/blog.alu.hr\/wp-content\/uploads\/2023\/07\/josipDipl-576x1024.jpeg\" alt=\"\" class=\"wp-image-3830\" style=\"width:459px;height:816px\" srcset=\"https:\/\/blog.alu.hr\/wp-content\/uploads\/2023\/07\/josipDipl-576x1024.jpeg 576w, https:\/\/blog.alu.hr\/wp-content\/uploads\/2023\/07\/josipDipl-169x300.jpeg 169w, https:\/\/blog.alu.hr\/wp-content\/uploads\/2023\/07\/josipDipl.jpeg 608w\" sizes=\"auto, (max-width: 576px) 85vw, 576px\" \/><\/figure>\n\n\n\n<h1 class=\"wp-block-heading has-pale-pink-color has-text-color\">Diplomski rad <a href=\"https:\/\/blog.alu.hr\/wp-content\/uploads\/2023\/07\/NoMiNiS-0.-Josip-Knez\u030cevic\u0301.pdf\">Nominis<\/a> Josip Kne\u017eevi\u0107<\/h1>\n\n\n\n<div style=\"height:100px\" aria-hidden=\"true\" class=\"wp-block-spacer\"><\/div>\n\n\n\n<p class=\"has-vivid-red-color has-pale-pink-background-color has-text-color has-background has-medium-font-size\" id=\"andrej-drozdan\"><strong>Andrej Dro\u017edan<\/strong><\/p>\n\n\n\n<figure class=\"wp-block-image size-large\"><img loading=\"lazy\" decoding=\"async\" width=\"1024\" height=\"576\" src=\"https:\/\/blog.alu.hr\/wp-content\/uploads\/2023\/09\/andrej-drozdan-01-1024x576.jpg\" alt=\"\" class=\"wp-image-4039\" srcset=\"https:\/\/blog.alu.hr\/wp-content\/uploads\/2023\/09\/andrej-drozdan-01-1024x576.jpg 1024w, https:\/\/blog.alu.hr\/wp-content\/uploads\/2023\/09\/andrej-drozdan-01-300x169.jpg 300w, https:\/\/blog.alu.hr\/wp-content\/uploads\/2023\/09\/andrej-drozdan-01-768x432.jpg 768w, https:\/\/blog.alu.hr\/wp-content\/uploads\/2023\/09\/andrej-drozdan-01-1536x864.jpg 1536w, https:\/\/blog.alu.hr\/wp-content\/uploads\/2023\/09\/andrej-drozdan-01.jpg 1920w\" sizes=\"auto, (max-width: 709px) 85vw, (max-width: 909px) 67vw, (max-width: 1362px) 62vw, 840px\" \/><\/figure>\n\n\n\n<p class=\"has-pale-pink-color has-text-color has-medium-font-size\"><strong>Diplomski rad Konekcija Memorija Andrej Dro\u017edan<\/strong><\/p>\n\n\n\n<div class=\"wp-block-file\"><a id=\"wp-block-file--media-35341e0b-6702-4d26-9170-e480e404a000\" href=\"https:\/\/blog.alu.hr\/wp-content\/uploads\/2023\/09\/konekcijaMemorija_AndrejDroz\u030cdan-1.pdf\">Diplomski rad Konekcija Memorija Andrej Dro\u017edan <\/a><a href=\"https:\/\/blog.alu.hr\/wp-content\/uploads\/2023\/09\/konekcijaMemorija_AndrejDroz\u030cdan-1.pdf\" class=\"wp-block-file__button wp-element-button\" download aria-describedby=\"wp-block-file--media-35341e0b-6702-4d26-9170-e480e404a000\">Download<\/a><\/div>\n\n\n\n<p><a href=\"https:\/\/www.instagram.com\/nemogu\/\">instagram<\/a><\/p>\n\n\n\n<h1 class=\"wp-block-heading has-pale-pink-color has-text-color\"><\/h1>\n\n\n\n<div style=\"height:100px\" aria-hidden=\"true\" class=\"wp-block-spacer\"><\/div>\n\n\n\n<div style=\"height:100px\" aria-hidden=\"true\" class=\"wp-block-spacer\"><\/div>\n\n\n\n<p>.<\/p>\n\n\n\n<p><\/p>\n\n\n\n<p><\/p>\n\n\n\n<p><\/p>\n","protected":false},"excerpt":{"rendered":"<p>Bruna Jakupovi\u0107 Diplomski rad Void\/Provalija Bruna Jakupovi\u0107 instagram Rose Kolektiv Evan Kirby Diplomski rad Itinerant Evan Kirby instagram Lana Lehpamer Diplomski rad Unknot Lana Lehpamer instagram Rose Kolektiv . Ivor Tamarut Diplomski rad Repeticije Ivor Tamarut instagram Rose Kolektiv Josip Kne\u017eevi\u0107 Diplomski rad Nominis Josip Kne\u017eevi\u0107 Andrej Dro\u017edan Diplomski rad Konekcija Memorija Andrej Dro\u017edan instagram &hellip; <a href=\"https:\/\/blog.alu.hr\/?page_id=3139\" class=\"more-link\">Continue reading<span class=\"screen-reader-text\"> &#8220;2022&#8221;<\/span><\/a><\/p>\n","protected":false},"author":3,"featured_media":0,"parent":526,"menu_order":3,"comment_status":"closed","ping_status":"closed","template":"","meta":{"footnotes":""},"class_list":["post-3139","page","type-page","status-publish","hentry"],"_links":{"self":[{"href":"https:\/\/blog.alu.hr\/index.php?rest_route=\/wp\/v2\/pages\/3139","targetHints":{"allow":["GET"]}}],"collection":[{"href":"https:\/\/blog.alu.hr\/index.php?rest_route=\/wp\/v2\/pages"}],"about":[{"href":"https:\/\/blog.alu.hr\/index.php?rest_route=\/wp\/v2\/types\/page"}],"author":[{"embeddable":true,"href":"https:\/\/blog.alu.hr\/index.php?rest_route=\/wp\/v2\/users\/3"}],"replies":[{"embeddable":true,"href":"https:\/\/blog.alu.hr\/index.php?rest_route=%2Fwp%2Fv2%2Fcomments&post=3139"}],"version-history":[{"count":81,"href":"https:\/\/blog.alu.hr\/index.php?rest_route=\/wp\/v2\/pages\/3139\/revisions"}],"predecessor-version":[{"id":5162,"href":"https:\/\/blog.alu.hr\/index.php?rest_route=\/wp\/v2\/pages\/3139\/revisions\/5162"}],"up":[{"embeddable":true,"href":"https:\/\/blog.alu.hr\/index.php?rest_route=\/wp\/v2\/pages\/526"}],"wp:attachment":[{"href":"https:\/\/blog.alu.hr\/index.php?rest_route=%2Fwp%2Fv2%2Fmedia&parent=3139"}],"curies":[{"name":"wp","href":"https:\/\/api.w.org\/{rel}","templated":true}]}}