{"id":3137,"date":"2023-07-16T13:30:25","date_gmt":"2023-07-16T11:30:25","guid":{"rendered":"http:\/\/blog.alu.hr\/?page_id=3137"},"modified":"2024-05-10T10:14:13","modified_gmt":"2024-05-10T08:14:13","slug":"2021-2","status":"publish","type":"page","link":"https:\/\/blog.alu.hr\/?page_id=3137","title":{"rendered":"2021"},"content":{"rendered":"\n<p><\/p>\n\n\n\n<div style=\"height:100px\" aria-hidden=\"true\" class=\"wp-block-spacer\"><\/div>\n\n\n\n<p><\/p>\n\n\n\n<p class=\"has-medium-font-size\"><strong>\u017deljko Beljan<\/strong><\/p>\n\n\n<div class=\"wp-block-image is-style-default\">\n<figure class=\"alignleft size-large\"><img loading=\"lazy\" decoding=\"async\" width=\"1024\" height=\"899\" src=\"https:\/\/blog.alu.hr\/wp-content\/uploads\/2023\/07\/image-2-1024x899.png\" alt=\"\" class=\"wp-image-3182\" srcset=\"https:\/\/blog.alu.hr\/wp-content\/uploads\/2023\/07\/image-2-1024x899.png 1024w, https:\/\/blog.alu.hr\/wp-content\/uploads\/2023\/07\/image-2-300x263.png 300w, https:\/\/blog.alu.hr\/wp-content\/uploads\/2023\/07\/image-2-768x674.png 768w, https:\/\/blog.alu.hr\/wp-content\/uploads\/2023\/07\/image-2.png 1194w\" sizes=\"auto, (max-width: 709px) 85vw, (max-width: 909px) 67vw, (max-width: 1362px) 62vw, 840px\" \/><\/figure><\/div>\n\n\n<div class=\"wp-block-buttons is-layout-flex wp-block-buttons-is-layout-flex\"><\/div>\n\n\n\n<div style=\"height:20px\" aria-hidden=\"true\" class=\"wp-block-spacer\"><\/div>\n\n\n\n<div class=\"wp-block-file\"><a id=\"wp-block-file--media-96cceecd-c73c-4c72-b15d-68b9afaf2ebf\" href=\"https:\/\/blog.alu.hr\/wp-content\/uploads\/2023\/10\/Diplomski_Zeljko_Beljan-converted.pdf\" target=\"_blank\" rel=\"noreferrer noopener\">Diplomski rad Zeljko_Beljan<\/a><a href=\"https:\/\/blog.alu.hr\/wp-content\/uploads\/2023\/10\/Diplomski_Zeljko_Beljan-converted.pdf\" class=\"wp-block-file__button wp-element-button\" download aria-describedby=\"wp-block-file--media-96cceecd-c73c-4c72-b15d-68b9afaf2ebf\">Download<\/a><\/div>\n\n\n\n<p><a href=\"https:\/\/www.instagram.com\/benjaminbeljan\/\">instagram<\/a><\/p>\n\n\n\n<div style=\"height:20px\" aria-hidden=\"true\" class=\"wp-block-spacer\"><\/div>\n\n\n\n<div style=\"height:20px\" aria-hidden=\"true\" class=\"wp-block-spacer\"><\/div>\n\n\n\n<p class=\"has-medium-font-size\"><strong>Iva \u010cukelj<\/strong><\/p>\n\n\n<div class=\"wp-block-image\">\n<figure class=\"alignleft is-resized\"><img loading=\"lazy\" decoding=\"async\" src=\"https:\/\/www.kgz.hr\/UserDocsImages\/\/\/vnazor-citigal\/2022\/4_lica_gvn.jpg\" alt=\"\" width=\"833\" height=\"590\"\/><\/figure><\/div>\n\n\n<div style=\"height:40px\" aria-hidden=\"true\" class=\"wp-block-spacer\"><\/div>\n\n\n\n<div class=\"wp-block-file\"><a id=\"wp-block-file--media-8d7edc83-c056-488b-b8ca-97bbd8cd9312\" href=\"https:\/\/blog.alu.hr\/wp-content\/uploads\/2023\/10\/Iva_Cukelj_Diplomski_Cetiri_lica_rucnog_rada-1.pdf\" target=\"_blank\" rel=\"noreferrer noopener\">Iva_Cukelj_Diplomski rad_Cetiri_lica_rucnog_rada<\/a><a href=\"https:\/\/blog.alu.hr\/wp-content\/uploads\/2023\/10\/Iva_Cukelj_Diplomski_Cetiri_lica_rucnog_rada-1.pdf\" class=\"wp-block-file__button wp-element-button\" download aria-describedby=\"wp-block-file--media-8d7edc83-c056-488b-b8ca-97bbd8cd9312\">Download<\/a><\/div>\n\n\n\n<p><a href=\"https:\/\/www.instagram.com\/ivoola\/\">instagram<\/a><\/p>\n\n\n\n<div style=\"height:100px\" aria-hidden=\"true\" class=\"wp-block-spacer\"><\/div>\n\n\n\n<p><\/p>\n\n\n\n<p class=\"has-medium-font-size\"><strong>Josip Drdi\u0107<\/strong><\/p>\n\n\n\n<figure class=\"wp-block-gallery has-nested-images columns-default is-cropped wp-block-gallery-1 is-layout-flex wp-block-gallery-is-layout-flex\">\n<figure class=\"wp-block-image size-large\"><a href=\"https:\/\/blog.alu.hr\/wp-content\/uploads\/2023\/12\/Screenshot-2023-12-10-at-17.33.29.png\"><img loading=\"lazy\" decoding=\"async\" width=\"1024\" height=\"732\" data-id=\"4604\" src=\"https:\/\/blog.alu.hr\/wp-content\/uploads\/2023\/12\/Screenshot-2023-12-10-at-17.33.29-1024x732.png\" alt=\"\" class=\"wp-image-4604\" srcset=\"https:\/\/blog.alu.hr\/wp-content\/uploads\/2023\/12\/Screenshot-2023-12-10-at-17.33.29-1024x732.png 1024w, https:\/\/blog.alu.hr\/wp-content\/uploads\/2023\/12\/Screenshot-2023-12-10-at-17.33.29-300x215.png 300w, https:\/\/blog.alu.hr\/wp-content\/uploads\/2023\/12\/Screenshot-2023-12-10-at-17.33.29-768x549.png 768w, https:\/\/blog.alu.hr\/wp-content\/uploads\/2023\/12\/Screenshot-2023-12-10-at-17.33.29.png 1172w\" sizes=\"auto, (max-width: 709px) 85vw, (max-width: 909px) 67vw, (max-width: 1362px) 62vw, 840px\" \/><\/a><\/figure>\n\n\n\n<figure class=\"wp-block-image size-large\"><a href=\"https:\/\/blog.alu.hr\/wp-content\/uploads\/2023\/12\/Screenshot-2023-12-10-at-17.33.15.png\"><img loading=\"lazy\" decoding=\"async\" width=\"1024\" height=\"594\" data-id=\"4603\" src=\"https:\/\/blog.alu.hr\/wp-content\/uploads\/2023\/12\/Screenshot-2023-12-10-at-17.33.15-1024x594.png\" alt=\"\" class=\"wp-image-4603\" srcset=\"https:\/\/blog.alu.hr\/wp-content\/uploads\/2023\/12\/Screenshot-2023-12-10-at-17.33.15-1024x594.png 1024w, https:\/\/blog.alu.hr\/wp-content\/uploads\/2023\/12\/Screenshot-2023-12-10-at-17.33.15-300x174.png 300w, https:\/\/blog.alu.hr\/wp-content\/uploads\/2023\/12\/Screenshot-2023-12-10-at-17.33.15-768x446.png 768w, https:\/\/blog.alu.hr\/wp-content\/uploads\/2023\/12\/Screenshot-2023-12-10-at-17.33.15.png 1230w\" sizes=\"auto, (max-width: 709px) 85vw, (max-width: 909px) 67vw, (max-width: 1362px) 62vw, 840px\" \/><\/a><\/figure>\n<\/figure>\n\n\n\n<p><a href=\"https:\/\/blog.alu.hr\/wp-content\/uploads\/2023\/12\/IZMICANJE_J0sip-Drdic2022.pdf\" data-type=\"attachment\" data-id=\"4600\">Izmicanje<\/a> \/ diplomski tekst Josip Drdi\u0107<\/p>\n\n\n\n<div style=\"height:100px\" aria-hidden=\"true\" class=\"wp-block-spacer\"><\/div>\n\n\n\n<p class=\"has-medium-font-size\"><strong>Ana Domljan<\/strong><\/p>\n\n\n<div class=\"wp-block-image\">\n<figure class=\"alignleft size-large is-resized\"><img loading=\"lazy\" decoding=\"async\" src=\"https:\/\/blog.alu.hr\/wp-content\/uploads\/2023\/07\/image-8-1024x611.png\" alt=\"\" class=\"wp-image-3195\" width=\"602\" height=\"359\" srcset=\"https:\/\/blog.alu.hr\/wp-content\/uploads\/2023\/07\/image-8-1024x611.png 1024w, https:\/\/blog.alu.hr\/wp-content\/uploads\/2023\/07\/image-8-300x179.png 300w, https:\/\/blog.alu.hr\/wp-content\/uploads\/2023\/07\/image-8-768x458.png 768w, https:\/\/blog.alu.hr\/wp-content\/uploads\/2023\/07\/image-8.png 1180w\" sizes=\"auto, (max-width: 602px) 85vw, 602px\" \/><\/figure><\/div>\n\n\n<div style=\"height:28px\" aria-hidden=\"true\" class=\"wp-block-spacer\"><\/div>\n\n\n\n<div class=\"wp-block-file\"><a id=\"wp-block-file--media-e8aaef94-dc09-4800-84b6-482c4cb5f9c0\" href=\"https:\/\/blog.alu.hr\/wp-content\/uploads\/2023\/10\/Ana-Domljan-SVEUCILISTE-U-ZAGREBUAna-1.pdf\" target=\"_blank\" rel=\"noreferrer noopener\">Ana Domljan-Diplomska radnja<\/a><a href=\"https:\/\/blog.alu.hr\/wp-content\/uploads\/2023\/10\/Ana-Domljan-SVEUCILISTE-U-ZAGREBUAna-1.pdf\" class=\"wp-block-file__button wp-element-button\" download aria-describedby=\"wp-block-file--media-e8aaef94-dc09-4800-84b6-482c4cb5f9c0\">Download<\/a><\/div>\n\n\n\n<div style=\"height:100px\" aria-hidden=\"true\" class=\"wp-block-spacer\"><\/div>\n\n\n\n<p class=\"has-medium-font-size\"><strong>Josipa \u0160krapi\u0107 <\/strong><\/p>\n\n\n<div class=\"wp-block-image\">\n<figure class=\"alignleft size-large\"><img loading=\"lazy\" decoding=\"async\" width=\"1024\" height=\"574\" src=\"https:\/\/blog.alu.hr\/wp-content\/uploads\/2023\/07\/image-7-1024x574.png\" alt=\"\" class=\"wp-image-3192\" srcset=\"https:\/\/blog.alu.hr\/wp-content\/uploads\/2023\/07\/image-7-1024x574.png 1024w, https:\/\/blog.alu.hr\/wp-content\/uploads\/2023\/07\/image-7-300x168.png 300w, https:\/\/blog.alu.hr\/wp-content\/uploads\/2023\/07\/image-7-768x430.png 768w, https:\/\/blog.alu.hr\/wp-content\/uploads\/2023\/07\/image-7-1536x860.png 1536w, https:\/\/blog.alu.hr\/wp-content\/uploads\/2023\/07\/image-7.png 1864w\" sizes=\"auto, (max-width: 709px) 85vw, (max-width: 909px) 67vw, (max-width: 1362px) 62vw, 840px\" \/><\/figure><\/div>\n\n\n<p>.<\/p>\n\n\n\n<p>.<\/p>\n\n\n\n<p>.<\/p>\n\n\n\n<div class=\"wp-block-file\"><a id=\"wp-block-file--media-7471d3c7-9320-4056-b9fa-cfedd166275e\" href=\"https:\/\/blog.alu.hr\/wp-content\/uploads\/2023\/10\/josipa-skrapci_diplomski.pdf\" target=\"_blank\" rel=\"noreferrer noopener\">josipa skrapic_diplomska radnja<\/a><a href=\"https:\/\/blog.alu.hr\/wp-content\/uploads\/2023\/10\/josipa-skrapci_diplomski.pdf\" class=\"wp-block-file__button wp-element-button\" download aria-describedby=\"wp-block-file--media-7471d3c7-9320-4056-b9fa-cfedd166275e\">Download<\/a><\/div>\n\n\n\n<div style=\"height:100px\" aria-hidden=\"true\" class=\"wp-block-spacer\"><\/div>\n\n\n\n<p class=\"has-medium-font-size\"><strong>Paula Ton\u010di\u0107<\/strong><\/p>\n\n\n\n<div style=\"height:20px\" aria-hidden=\"true\" class=\"wp-block-spacer\"><\/div>\n\n\n\n<div class=\"wp-block-group\"><div class=\"wp-block-group__inner-container is-layout-constrained wp-block-group-is-layout-constrained\">\n<div class=\"wp-block-columns is-layout-flex wp-container-core-columns-is-layout-1 wp-block-columns-is-layout-flex\">\n<div class=\"wp-block-column is-layout-flow wp-block-column-is-layout-flow\" style=\"flex-basis:100%\"><div class=\"wp-block-image\">\n<figure class=\"alignleft size-large is-resized\"><img loading=\"lazy\" decoding=\"async\" src=\"https:\/\/blog.alu.hr\/wp-content\/uploads\/2023\/07\/image-5-551x1024.png\" alt=\"\" class=\"wp-image-3189\" width=\"276\" height=\"512\" srcset=\"https:\/\/blog.alu.hr\/wp-content\/uploads\/2023\/07\/image-5-551x1024.png 551w, https:\/\/blog.alu.hr\/wp-content\/uploads\/2023\/07\/image-5-161x300.png 161w, https:\/\/blog.alu.hr\/wp-content\/uploads\/2023\/07\/image-5.png 578w\" sizes=\"auto, (max-width: 276px) 85vw, 276px\" \/><\/figure><\/div>\n\n\n<figure class=\"wp-block-image size-large is-resized\"><a href=\"https:\/\/blog.alu.hr\/wp-content\/uploads\/2023\/12\/DOKUMENTACIJA-RADA1-1.jpg\"><img loading=\"lazy\" decoding=\"async\" src=\"https:\/\/blog.alu.hr\/wp-content\/uploads\/2023\/12\/DOKUMENTACIJA-RADA1-1-1024x768.jpg\" alt=\"\" class=\"wp-image-4472\" width=\"512\" height=\"384\" srcset=\"https:\/\/blog.alu.hr\/wp-content\/uploads\/2023\/12\/DOKUMENTACIJA-RADA1-1-1024x768.jpg 1024w, https:\/\/blog.alu.hr\/wp-content\/uploads\/2023\/12\/DOKUMENTACIJA-RADA1-1-300x225.jpg 300w, https:\/\/blog.alu.hr\/wp-content\/uploads\/2023\/12\/DOKUMENTACIJA-RADA1-1-768x576.jpg 768w, https:\/\/blog.alu.hr\/wp-content\/uploads\/2023\/12\/DOKUMENTACIJA-RADA1-1-1536x1152.jpg 1536w, https:\/\/blog.alu.hr\/wp-content\/uploads\/2023\/12\/DOKUMENTACIJA-RADA1-1.jpg 1920w\" sizes=\"auto, (max-width: 512px) 85vw, 512px\" \/><\/a><\/figure>\n<\/div>\n<\/div>\n<\/div><\/div>\n\n\n\n<p>.<\/p>\n\n\n\n<p><\/p>\n\n\n\n<p>Paula Ton\u010di\u0107 <a href=\"https:\/\/blog.alu.hr\/wp-content\/uploads\/2023\/12\/toncic-dipl2021.pdf\" data-type=\"attachment\" data-id=\"4464\">Diplomski rad<\/a><\/p>\n\n\n\n<p>.<\/p>\n\n\n\n<p>.<\/p>\n\n\n\n<div style=\"height:100px\" aria-hidden=\"true\" class=\"wp-block-spacer\"><\/div>\n\n\n\n<figure class=\"wp-block-image size-large is-resized\"><a href=\"https:\/\/blog.alu.hr\/wp-content\/uploads\/2024\/05\/trbuljak_vito_alu_prilog_151-scaled.jpg\"><img loading=\"lazy\" decoding=\"async\" src=\"https:\/\/blog.alu.hr\/wp-content\/uploads\/2024\/05\/trbuljak_vito_alu_prilog_151-1024x768.jpg\" alt=\"\" class=\"wp-image-4664\" width=\"572\" height=\"429\" srcset=\"https:\/\/blog.alu.hr\/wp-content\/uploads\/2024\/05\/trbuljak_vito_alu_prilog_151-1024x768.jpg 1024w, https:\/\/blog.alu.hr\/wp-content\/uploads\/2024\/05\/trbuljak_vito_alu_prilog_151-300x225.jpg 300w, https:\/\/blog.alu.hr\/wp-content\/uploads\/2024\/05\/trbuljak_vito_alu_prilog_151-768x576.jpg 768w, https:\/\/blog.alu.hr\/wp-content\/uploads\/2024\/05\/trbuljak_vito_alu_prilog_151-1536x1152.jpg 1536w, https:\/\/blog.alu.hr\/wp-content\/uploads\/2024\/05\/trbuljak_vito_alu_prilog_151-2048x1536.jpg 2048w\" sizes=\"auto, (max-width: 572px) 85vw, 572px\" \/><\/a><\/figure>\n\n\n\n<p class=\"has-medium-font-size\"><strong>Vito Trbuljak<\/strong><\/p>\n\n\n\n<div class=\"wp-block-file\"><a id=\"wp-block-file--media-2d32f31d-ebec-4f29-add6-1996e26fe749\" href=\"https:\/\/blog.alu.hr\/wp-content\/uploads\/2023\/11\/trbuljak_vito_istrazivanje_rutine_diplomski_rad_rujan_2021.pdf\">trbuljak_vito_istrazivanje_rutine_diplomski_rad<\/a><a href=\"https:\/\/blog.alu.hr\/wp-content\/uploads\/2023\/11\/trbuljak_vito_istrazivanje_rutine_diplomski_rad_rujan_2021.pdf\" class=\"wp-block-file__button wp-element-button\" download aria-describedby=\"wp-block-file--media-2d32f31d-ebec-4f29-add6-1996e26fe749\">Download<\/a><\/div>\n\n\n\n<p>.<\/p>\n\n\n\n<p>.<\/p>\n\n\n\n<p><\/p>\n\n\n\n<p><\/p>\n","protected":false},"excerpt":{"rendered":"<p>\u017deljko Beljan instagram Iva \u010cukelj instagram Josip Drdi\u0107 Izmicanje \/ diplomski tekst Josip Drdi\u0107 Ana Domljan Josipa \u0160krapi\u0107 . . . Paula Ton\u010di\u0107 . Paula Ton\u010di\u0107 Diplomski rad . . Vito Trbuljak . .<\/p>\n","protected":false},"author":3,"featured_media":0,"parent":526,"menu_order":3,"comment_status":"closed","ping_status":"closed","template":"","meta":{"footnotes":""},"class_list":["post-3137","page","type-page","status-publish","hentry"],"_links":{"self":[{"href":"https:\/\/blog.alu.hr\/index.php?rest_route=\/wp\/v2\/pages\/3137","targetHints":{"allow":["GET"]}}],"collection":[{"href":"https:\/\/blog.alu.hr\/index.php?rest_route=\/wp\/v2\/pages"}],"about":[{"href":"https:\/\/blog.alu.hr\/index.php?rest_route=\/wp\/v2\/types\/page"}],"author":[{"embeddable":true,"href":"https:\/\/blog.alu.hr\/index.php?rest_route=\/wp\/v2\/users\/3"}],"replies":[{"embeddable":true,"href":"https:\/\/blog.alu.hr\/index.php?rest_route=%2Fwp%2Fv2%2Fcomments&post=3137"}],"version-history":[{"count":87,"href":"https:\/\/blog.alu.hr\/index.php?rest_route=\/wp\/v2\/pages\/3137\/revisions"}],"predecessor-version":[{"id":4665,"href":"https:\/\/blog.alu.hr\/index.php?rest_route=\/wp\/v2\/pages\/3137\/revisions\/4665"}],"up":[{"embeddable":true,"href":"https:\/\/blog.alu.hr\/index.php?rest_route=\/wp\/v2\/pages\/526"}],"wp:attachment":[{"href":"https:\/\/blog.alu.hr\/index.php?rest_route=%2Fwp%2Fv2%2Fmedia&parent=3137"}],"curies":[{"name":"wp","href":"https:\/\/api.w.org\/{rel}","templated":true}]}}