{"id":2779,"date":"2019-06-12T19:02:46","date_gmt":"2019-06-12T17:02:46","guid":{"rendered":"http:\/\/blog.alu.hr\/?page_id=2779"},"modified":"2024-05-10T10:17:33","modified_gmt":"2024-05-10T08:17:33","slug":"2018-2","status":"publish","type":"page","link":"https:\/\/blog.alu.hr\/?page_id=2779","title":{"rendered":"2018"},"content":{"rendered":"\n<div style=\"height:100px\" aria-hidden=\"true\" class=\"wp-block-spacer\"><\/div>\n\n\n\n<p class=\"has-pale-cyan-blue-color has-text-color has-medium-font-size\"><strong>Nika Pe\u0107arina<\/strong><\/p>\n\n\n<div class=\"wp-block-image\">\n<figure class=\"alignleft\"><img decoding=\"async\" src=\"https:\/\/klfm.org\/wp-content\/uploads\/2019\/08\/Nika-Pe%C4%87arina-Psu-glede-cvije%C4%87a.png\" alt=\"Nika Pe\u0107arina: Psu glede cvije\u0107a \u2013 KLFM\"\/><\/figure><\/div>\n\n\n<div style=\"height:20px\" aria-hidden=\"true\" class=\"wp-block-spacer\"><\/div>\n\n\n\n<div class=\"wp-block-file\"><a id=\"wp-block-file--media-fbb9eeed-1538-4779-9177-8e7e82b9182f\" href=\"https:\/\/blog.alu.hr\/wp-content\/uploads\/2023\/07\/PsuGledaCvijecaNikAPecarina.pdf\">   Psu glede cvije\u0107a, diplomski tekst, Nika Pe\u0107arina<\/a><a href=\"https:\/\/blog.alu.hr\/wp-content\/uploads\/2023\/07\/PsuGledaCvijecaNikAPecarina.pdf\" class=\"wp-block-file__button wp-element-button\" download aria-describedby=\"wp-block-file--media-fbb9eeed-1538-4779-9177-8e7e82b9182f\">Download<\/a><\/div>\n\n\n\n<div style=\"height:100px\" aria-hidden=\"true\" class=\"wp-block-spacer\"><\/div>\n\n\n\n<p class=\"has-pale-cyan-blue-color has-text-color has-medium-font-size\"><strong>Marko Guti\u0107 Mi\u017eimakov<\/strong><\/p>\n\n\n\n<figure class=\"wp-block-image size-large\"><a href=\"https:\/\/blog.alu.hr\/wp-content\/uploads\/2023\/10\/vizual-GMK.png\"><img loading=\"lazy\" decoding=\"async\" width=\"1024\" height=\"576\" src=\"https:\/\/blog.alu.hr\/wp-content\/uploads\/2023\/10\/vizual-GMK-1024x576.png\" alt=\"\" class=\"wp-image-4344\" srcset=\"https:\/\/blog.alu.hr\/wp-content\/uploads\/2023\/10\/vizual-GMK-1024x576.png 1024w, https:\/\/blog.alu.hr\/wp-content\/uploads\/2023\/10\/vizual-GMK-300x169.png 300w, https:\/\/blog.alu.hr\/wp-content\/uploads\/2023\/10\/vizual-GMK-768x432.png 768w, https:\/\/blog.alu.hr\/wp-content\/uploads\/2023\/10\/vizual-GMK-1536x864.png 1536w, https:\/\/blog.alu.hr\/wp-content\/uploads\/2023\/10\/vizual-GMK.png 1680w\" sizes=\"auto, (max-width: 709px) 85vw, (max-width: 909px) 67vw, (max-width: 1362px) 62vw, 840px\" \/><\/a><\/figure>\n\n\n\n<div class=\"wp-block-file\"><a id=\"wp-block-file--media-280d5050-23cf-4307-8bc4-c0879edc8569\" href=\"https:\/\/blog.alu.hr\/wp-content\/uploads\/2023\/10\/DIGITALNI_GOLEMI_GESTIKULIRAJUCI_HIBRIDI.pdf\" target=\"_blank\" rel=\"noreferrer noopener\">DIGITALNI_GOLEMI_GESTIKULIRAJUCI_HIBRIDI<\/a><a href=\"https:\/\/blog.alu.hr\/wp-content\/uploads\/2023\/10\/DIGITALNI_GOLEMI_GESTIKULIRAJUCI_HIBRIDI.pdf\" class=\"wp-block-file__button wp-element-button\" download aria-describedby=\"wp-block-file--media-280d5050-23cf-4307-8bc4-c0879edc8569\">Download<\/a><\/div>\n\n\n\n<div style=\"height:100px\" aria-hidden=\"true\" class=\"wp-block-spacer\"><\/div>\n\n\n\n<div style=\"height:100px\" aria-hidden=\"true\" class=\"wp-block-spacer\"><\/div>\n\n\n\n<p class=\"has-pale-cyan-blue-color has-text-color has-medium-font-size\"><strong>Marta Stra\u017ei\u010di\u0107<\/strong><\/p>\n\n\n<p>\u00a0<\/p>\n<p><iframe loading=\"lazy\" title=\"EVGENIA308 Official Trailer &amp; Gameplay\" src=\"https:\/\/player.vimeo.com\/video\/295152870?dnt=1&amp;app_id=122963\" width=\"840\" height=\"473\" frameborder=\"0\" allow=\"autoplay; fullscreen; picture-in-picture\"><\/iframe><\/p>\n<p>\u00a0<\/p>\n\n\n<div class=\"wp-block-file\"><a id=\"wp-block-file--media-76129e80-2250-43c9-bf83-a8e51b89fa08\" href=\"https:\/\/blog.alu.hr\/wp-content\/uploads\/2024\/05\/Marta-Strazicic-Diplomski-rad.pdf\" target=\"_blank\" rel=\"noreferrer noopener\">Marta-Strazicic-Diplomski-rad<\/a><a href=\"https:\/\/blog.alu.hr\/wp-content\/uploads\/2024\/05\/Marta-Strazicic-Diplomski-rad.pdf\" class=\"wp-block-file__button wp-element-button\" download aria-describedby=\"wp-block-file--media-76129e80-2250-43c9-bf83-a8e51b89fa08\">Download<\/a><\/div>\n\n\n\n<div style=\"height:16px\" aria-hidden=\"true\" class=\"wp-block-spacer\"><\/div>\n\n\n\n<p class=\"has-pale-cyan-blue-color has-text-color has-medium-font-size\"><strong>Alen Kasumovi\u0107<\/strong><\/p>\n\n\n<div class=\"wp-block-image\">\n<figure class=\"alignleft is-resized\"><a href=\"https:\/\/alenkasumovic.com\/artworks\"><img loading=\"lazy\" decoding=\"async\" src=\"https:\/\/img1.wsimg.com\/isteam\/ip\/71a19176-2e91-4d04-a356-e3ad01f0d9a3\/8bc6fa9f-9d94-4853-b295-bf253830b779.JPG\/:\/rs=w:1300,h:800\" alt=\"\/\/img1.wsimg.com\/isteam\/ip\/71a19176-2e91-4d04-a356-e3ad01f0d9a3\/8bc6fa9f-9d94-4853-b295-bf253830b779.JPG\/:\/rs=w:1300,h:800\" width=\"686\" height=\"457\"\/><\/a><\/figure><\/div>\n\n\n<div style=\"height:10px\" aria-hidden=\"true\" class=\"wp-block-spacer\"><\/div>\n\n\n\n<div class=\"wp-block-file\"><a id=\"wp-block-file--media-35f4de58-6b14-4b18-92a5-a1a133673127\" href=\"https:\/\/blog.alu.hr\/wp-content\/uploads\/2024\/05\/Super-tijelo-copy.docx\">Super-tijelo-diplomski<\/a><a href=\"https:\/\/blog.alu.hr\/wp-content\/uploads\/2024\/05\/Super-tijelo-copy.docx\" class=\"wp-block-file__button wp-element-button\" download aria-describedby=\"wp-block-file--media-35f4de58-6b14-4b18-92a5-a1a133673127\">Download<\/a><\/div>\n\n\n\n<p class=\"has-pale-cyan-blue-color has-text-color has-medium-font-size\"><strong>Vanda Kreutz<\/strong><\/p>\n\n\n<div class=\"wp-block-image\">\n<figure class=\"alignleft size-large\"><img loading=\"lazy\" decoding=\"async\" width=\"755\" height=\"1024\" src=\"https:\/\/blog.alu.hr\/wp-content\/uploads\/2023\/07\/vandaDipl-755x1024.png\" alt=\"\" class=\"wp-image-3290\" srcset=\"https:\/\/blog.alu.hr\/wp-content\/uploads\/2023\/07\/vandaDipl-755x1024.png 755w, https:\/\/blog.alu.hr\/wp-content\/uploads\/2023\/07\/vandaDipl-221x300.png 221w, https:\/\/blog.alu.hr\/wp-content\/uploads\/2023\/07\/vandaDipl-768x1042.png 768w, https:\/\/blog.alu.hr\/wp-content\/uploads\/2023\/07\/vandaDipl.png 880w\" sizes=\"auto, (max-width: 755px) 85vw, 755px\" \/><\/figure><\/div>\n\n\n<div style=\"height:20px\" aria-hidden=\"true\" class=\"wp-block-spacer\"><\/div>\n\n\n\n<div class=\"wp-block-file\"><a id=\"wp-block-file--media-c76075eb-06a6-4230-bd25-4d855279ff36\" href=\"https:\/\/blog.alu.hr\/wp-content\/uploads\/2023\/07\/VandaKreutzDIPLOMSKI.pdf\">Vanda Kreutz, Par (ne)sretnih fotona, diplomska radnja<\/a><a href=\"https:\/\/blog.alu.hr\/wp-content\/uploads\/2023\/07\/VandaKreutzDIPLOMSKI.pdf\" class=\"wp-block-file__button wp-element-button\" download aria-describedby=\"wp-block-file--media-c76075eb-06a6-4230-bd25-4d855279ff36\">Download<\/a><\/div>\n\n\n\n<div style=\"height:100px\" aria-hidden=\"true\" class=\"wp-block-spacer\"><\/div>\n\n\n\n<p class=\"has-pale-cyan-blue-color has-text-color has-medium-font-size\"><strong>Romano Dautanac<\/strong><\/p>\n\n\n\n<figure class=\"wp-block-image size-large\"><img loading=\"lazy\" decoding=\"async\" width=\"619\" height=\"422\" src=\"https:\/\/blog.alu.hr\/wp-content\/uploads\/2023\/09\/Romano.png\" alt=\"\" class=\"wp-image-4016\" srcset=\"https:\/\/blog.alu.hr\/wp-content\/uploads\/2023\/09\/Romano.png 619w, https:\/\/blog.alu.hr\/wp-content\/uploads\/2023\/09\/Romano-300x205.png 300w\" sizes=\"auto, (max-width: 619px) 85vw, 619px\" \/><\/figure>\n\n\n\n<div style=\"height:20px\" aria-hidden=\"true\" class=\"wp-block-spacer\"><\/div>\n\n\n\n<div class=\"wp-block-file\"><a id=\"wp-block-file--media-e134b0d6-b980-4d54-bd2c-b1fa07e5c532\" href=\"https:\/\/blog.alu.hr\/wp-content\/uploads\/2023\/07\/Romano-Dautanac-DIPLOMSKI-Kao-neki-237-8-odjednom.pdf\">Romano Dautanac, Kao neki 237-8 odjednom, diplomska radnja<\/a><a href=\"https:\/\/blog.alu.hr\/wp-content\/uploads\/2023\/07\/Romano-Dautanac-DIPLOMSKI-Kao-neki-237-8-odjednom.pdf\" class=\"wp-block-file__button wp-element-button\" download aria-describedby=\"wp-block-file--media-e134b0d6-b980-4d54-bd2c-b1fa07e5c532\">Download<\/a><\/div>\n\n\n\n<div style=\"height:100px\" aria-hidden=\"true\" class=\"wp-block-spacer\"><\/div>\n\n\n\n<p class=\"has-pale-cyan-blue-color has-text-color has-medium-font-size\"><strong>Josipa Mili\u010devi\u0107<\/strong><\/p>\n\n\n<div class=\"wp-block-image\">\n<figure class=\"alignleft is-resized\"><img loading=\"lazy\" decoding=\"async\" src=\"https:\/\/blog.alu.hr\/wp-content\/uploads\/2023\/07\/JosipaMIlicevic-300x225.png\" alt=\"\" class=\"wp-image-3280\" width=\"614\" height=\"461\" srcset=\"https:\/\/blog.alu.hr\/wp-content\/uploads\/2023\/07\/JosipaMIlicevic-300x225.png 300w, https:\/\/blog.alu.hr\/wp-content\/uploads\/2023\/07\/JosipaMIlicevic.png 692w\" sizes=\"auto, (max-width: 614px) 85vw, 614px\" \/><\/figure><\/div>\n\n\n<div style=\"height:20px\" aria-hidden=\"true\" class=\"wp-block-spacer\"><\/div>\n\n\n\n<div class=\"wp-block-file\"><a id=\"wp-block-file--media-9cced574-ecae-4440-a3f6-1b9a47fa5aee\" href=\"https:\/\/blog.alu.hr\/wp-content\/uploads\/2023\/07\/JosipaMili\u010devi\u0107Dipl-1.pdf\">Josipa Mili\u010devi\u0107, Duhovi vode, Diplomska radnja<\/a><a href=\"https:\/\/blog.alu.hr\/wp-content\/uploads\/2023\/07\/JosipaMili\u010devi\u0107Dipl-1.pdf\" class=\"wp-block-file__button wp-element-button\" download aria-describedby=\"wp-block-file--media-9cced574-ecae-4440-a3f6-1b9a47fa5aee\">Download<\/a><\/div>\n\n\n\n<div style=\"height:100px\" aria-hidden=\"true\" class=\"wp-block-spacer\"><\/div>\n","protected":false},"excerpt":{"rendered":"<p>Nika Pe\u0107arina Marko Guti\u0107 Mi\u017eimakov Marta Stra\u017ei\u010di\u0107 \u00a0 \u00a0 Alen Kasumovi\u0107 Vanda Kreutz Romano Dautanac Josipa Mili\u010devi\u0107<\/p>\n","protected":false},"author":3,"featured_media":0,"parent":526,"menu_order":7,"comment_status":"open","ping_status":"closed","template":"","meta":{"footnotes":""},"class_list":["post-2779","page","type-page","status-publish","hentry"],"_links":{"self":[{"href":"https:\/\/blog.alu.hr\/index.php?rest_route=\/wp\/v2\/pages\/2779","targetHints":{"allow":["GET"]}}],"collection":[{"href":"https:\/\/blog.alu.hr\/index.php?rest_route=\/wp\/v2\/pages"}],"about":[{"href":"https:\/\/blog.alu.hr\/index.php?rest_route=\/wp\/v2\/types\/page"}],"author":[{"embeddable":true,"href":"https:\/\/blog.alu.hr\/index.php?rest_route=\/wp\/v2\/users\/3"}],"replies":[{"embeddable":true,"href":"https:\/\/blog.alu.hr\/index.php?rest_route=%2Fwp%2Fv2%2Fcomments&post=2779"}],"version-history":[{"count":53,"href":"https:\/\/blog.alu.hr\/index.php?rest_route=\/wp\/v2\/pages\/2779\/revisions"}],"predecessor-version":[{"id":4670,"href":"https:\/\/blog.alu.hr\/index.php?rest_route=\/wp\/v2\/pages\/2779\/revisions\/4670"}],"up":[{"embeddable":true,"href":"https:\/\/blog.alu.hr\/index.php?rest_route=\/wp\/v2\/pages\/526"}],"wp:attachment":[{"href":"https:\/\/blog.alu.hr\/index.php?rest_route=%2Fwp%2Fv2%2Fmedia&parent=2779"}],"curies":[{"name":"wp","href":"https:\/\/api.w.org\/{rel}","templated":true}]}}