{"id":2709,"date":"2017-11-23T17:08:06","date_gmt":"2017-11-23T15:08:06","guid":{"rendered":"http:\/\/blog.alu.hr\/?page_id=2709"},"modified":"2024-05-10T13:32:52","modified_gmt":"2024-05-10T11:32:52","slug":"2017-2","status":"publish","type":"page","link":"https:\/\/blog.alu.hr\/?page_id=2709","title":{"rendered":"2017"},"content":{"rendered":"\n<div style=\"height:100px\" aria-hidden=\"true\" class=\"wp-block-spacer\"><\/div>\n\n\n\n<p class=\"has-medium-font-size\"><strong>Jason Mulhausen<\/strong><\/p>\n\n\n<div class=\"wp-block-image\">\n<figure class=\"alignleft size-large\"><img loading=\"lazy\" decoding=\"async\" width=\"1024\" height=\"668\" src=\"https:\/\/blog.alu.hr\/wp-content\/uploads\/2023\/07\/Jason-Myth-1024x668.png\" alt=\"\" class=\"wp-image-3703\" srcset=\"https:\/\/blog.alu.hr\/wp-content\/uploads\/2023\/07\/Jason-Myth-1024x668.png 1024w, https:\/\/blog.alu.hr\/wp-content\/uploads\/2023\/07\/Jason-Myth-300x196.png 300w, https:\/\/blog.alu.hr\/wp-content\/uploads\/2023\/07\/Jason-Myth-768x501.png 768w, https:\/\/blog.alu.hr\/wp-content\/uploads\/2023\/07\/Jason-Myth-1536x1003.png 1536w, https:\/\/blog.alu.hr\/wp-content\/uploads\/2023\/07\/Jason-Myth.png 1716w\" sizes=\"auto, (max-width: 709px) 85vw, (max-width: 909px) 67vw, (max-width: 1362px) 62vw, 840px\" \/><\/figure><\/div>\n\n\n<div class=\"wp-block-group\"><div class=\"wp-block-group__inner-container is-layout-flow wp-block-group-is-layout-flow\">\n<div style=\"height:20px\" aria-hidden=\"true\" class=\"wp-block-spacer\"><\/div>\n<\/div><\/div>\n\n\n\n<div class=\"wp-block-file\"><a id=\"wp-block-file--media-56481b82-8ecb-4adf-a1d0-afdb2af35866\" href=\"https:\/\/blog.alu.hr\/wp-content\/uploads\/2023\/07\/myth-doc.pdf\">             Dokumentacija postava Jason Mulhausen Myth of the Machine <\/a><a href=\"https:\/\/blog.alu.hr\/wp-content\/uploads\/2023\/07\/myth-doc.pdf\" class=\"wp-block-file__button wp-element-button\" download aria-describedby=\"wp-block-file--media-56481b82-8ecb-4adf-a1d0-afdb2af35866\">Download<\/a><\/div>\n\n\n\n<div style=\"height:100px\" aria-hidden=\"true\" class=\"wp-block-spacer\"><\/div>\n\n\n\n<p class=\"has-medium-font-size\"><strong>Jasna Kova\u010devi\u0107<\/strong><\/p>\n\n\n<div class=\"wp-block-image\">\n<figure class=\"alignleft size-large is-resized\"><img loading=\"lazy\" decoding=\"async\" src=\"https:\/\/blog.alu.hr\/wp-content\/uploads\/2023\/07\/1-copy-768x1024.jpg\" alt=\"\" class=\"wp-image-3708\" width=\"576\" height=\"768\" srcset=\"https:\/\/blog.alu.hr\/wp-content\/uploads\/2023\/07\/1-copy-768x1024.jpg 768w, https:\/\/blog.alu.hr\/wp-content\/uploads\/2023\/07\/1-copy-225x300.jpg 225w, https:\/\/blog.alu.hr\/wp-content\/uploads\/2023\/07\/1-copy-1152x1536.jpg 1152w, https:\/\/blog.alu.hr\/wp-content\/uploads\/2023\/07\/1-copy-1536x2048.jpg 1536w, https:\/\/blog.alu.hr\/wp-content\/uploads\/2023\/07\/1-copy-scaled.jpg 1920w\" sizes=\"auto, (max-width: 576px) 85vw, 576px\" \/><\/figure><\/div>\n\n\n<div style=\"height:35px\" aria-hidden=\"true\" class=\"wp-block-spacer\"><\/div>\n\n\n\n<div class=\"wp-block-file\"><a id=\"wp-block-file--media-235184db-f4ac-4c2e-b685-9265878f8338\" href=\"https:\/\/blog.alu.hr\/wp-content\/uploads\/2024\/05\/dipl_Jasna_Kovacevic.pdf\">dipl_Jasna_Kovacevic<\/a><a href=\"https:\/\/blog.alu.hr\/wp-content\/uploads\/2024\/05\/dipl_Jasna_Kovacevic.pdf\" class=\"wp-block-file__button wp-element-button\" download aria-describedby=\"wp-block-file--media-235184db-f4ac-4c2e-b685-9265878f8338\">Download<\/a><\/div>\n\n\n\n<p class=\"has-medium-font-size\"><strong>Tara Ivani\u0161evi\u0107<\/strong><\/p>\n\n\n\n<figure class=\"wp-block-image size-large is-resized\"><a href=\"https:\/\/blog.alu.hr\/wp-content\/uploads\/2023\/12\/Screenshot-2023-12-10-at-17.25.18.png\"><img loading=\"lazy\" decoding=\"async\" src=\"https:\/\/blog.alu.hr\/wp-content\/uploads\/2023\/12\/Screenshot-2023-12-10-at-17.25.18-1024x513.png\" alt=\"\" class=\"wp-image-4598\" width=\"756\" height=\"378\" srcset=\"https:\/\/blog.alu.hr\/wp-content\/uploads\/2023\/12\/Screenshot-2023-12-10-at-17.25.18-1024x513.png 1024w, https:\/\/blog.alu.hr\/wp-content\/uploads\/2023\/12\/Screenshot-2023-12-10-at-17.25.18-300x150.png 300w, https:\/\/blog.alu.hr\/wp-content\/uploads\/2023\/12\/Screenshot-2023-12-10-at-17.25.18-768x385.png 768w, https:\/\/blog.alu.hr\/wp-content\/uploads\/2023\/12\/Screenshot-2023-12-10-at-17.25.18-1536x770.png 1536w, https:\/\/blog.alu.hr\/wp-content\/uploads\/2023\/12\/Screenshot-2023-12-10-at-17.25.18.png 1804w\" sizes=\"auto, (max-width: 756px) 85vw, 756px\" \/><\/a><\/figure>\n\n\n\n<div class=\"wp-block-file\"><a id=\"wp-block-file--media-f7120ad0-a9d3-47f5-86ad-b67bf78a999c\" href=\"https:\/\/blog.alu.hr\/wp-content\/uploads\/2023\/10\/diplomski-rad-tara-ivanisevic.pdf\" target=\"_blank\" rel=\"noreferrer noopener\">diplomski rad &#8211; tara ivani\u0161evi\u0107<\/a><a href=\"https:\/\/blog.alu.hr\/wp-content\/uploads\/2023\/10\/diplomski-rad-tara-ivanisevic.pdf\" class=\"wp-block-file__button wp-element-button\" download aria-describedby=\"wp-block-file--media-f7120ad0-a9d3-47f5-86ad-b67bf78a999c\">Download<\/a><\/div>\n\n\n\n<p><a href=\"https:\/\/www.instagram.com\/sindriucu\/\">instagram<\/a><\/p>\n\n\n\n<div style=\"height:20px\" aria-hidden=\"true\" class=\"wp-block-spacer\"><\/div>\n\n\n\n<div style=\"height:100px\" aria-hidden=\"true\" class=\"wp-block-spacer\"><\/div>\n\n\n\n<p class=\"has-medium-font-size\"><strong>Stela Horvat<\/strong><\/p>\n\n\n\n<figure class=\"wp-block-image size-large\"><img loading=\"lazy\" decoding=\"async\" width=\"710\" height=\"520\" src=\"https:\/\/blog.alu.hr\/wp-content\/uploads\/2023\/07\/Screenshot-2023-07-19-at-20.01.59-1.png\" alt=\"\" class=\"wp-image-3715\" srcset=\"https:\/\/blog.alu.hr\/wp-content\/uploads\/2023\/07\/Screenshot-2023-07-19-at-20.01.59-1.png 710w, https:\/\/blog.alu.hr\/wp-content\/uploads\/2023\/07\/Screenshot-2023-07-19-at-20.01.59-1-300x220.png 300w\" sizes=\"auto, (max-width: 710px) 85vw, 710px\" \/><\/figure>\n\n\n\n<figure class=\"wp-block-image size-large is-resized\"><a href=\"https:\/\/blog.alu.hr\/wp-content\/uploads\/2024\/05\/IMG_8142-scaled.jpg\"><img loading=\"lazy\" decoding=\"async\" src=\"https:\/\/blog.alu.hr\/wp-content\/uploads\/2024\/05\/IMG_8142-1024x683.jpg\" alt=\"\" class=\"wp-image-4680\" width=\"709\" height=\"473\" srcset=\"https:\/\/blog.alu.hr\/wp-content\/uploads\/2024\/05\/IMG_8142-1024x683.jpg 1024w, https:\/\/blog.alu.hr\/wp-content\/uploads\/2024\/05\/IMG_8142-300x200.jpg 300w, https:\/\/blog.alu.hr\/wp-content\/uploads\/2024\/05\/IMG_8142-768x512.jpg 768w, https:\/\/blog.alu.hr\/wp-content\/uploads\/2024\/05\/IMG_8142-1536x1024.jpg 1536w, https:\/\/blog.alu.hr\/wp-content\/uploads\/2024\/05\/IMG_8142-2048x1365.jpg 2048w\" sizes=\"auto, (max-width: 709px) 85vw, 709px\" \/><\/a><\/figure>\n\n\n\n<p>Kamera Multipla, Stela Horvat<\/p>\n\n\n\n<div style=\"height:100px\" aria-hidden=\"true\" class=\"wp-block-spacer\"><\/div>\n\n\n\n<p class=\"has-medium-font-size\"><strong>Dorotea Cerin<\/strong><\/p>\n\n\n\n<figure class=\"wp-block-image size-large is-resized\"><a href=\"https:\/\/blog.alu.hr\/wp-content\/uploads\/2024\/05\/MG_0117_preview.jpeg\"><img loading=\"lazy\" decoding=\"async\" src=\"https:\/\/blog.alu.hr\/wp-content\/uploads\/2024\/05\/MG_0117_preview-1024x682.jpeg\" alt=\"\" class=\"wp-image-4675\" width=\"799\" height=\"532\" srcset=\"https:\/\/blog.alu.hr\/wp-content\/uploads\/2024\/05\/MG_0117_preview-1024x682.jpeg 1024w, https:\/\/blog.alu.hr\/wp-content\/uploads\/2024\/05\/MG_0117_preview-300x200.jpeg 300w, https:\/\/blog.alu.hr\/wp-content\/uploads\/2024\/05\/MG_0117_preview-768x512.jpeg 768w, https:\/\/blog.alu.hr\/wp-content\/uploads\/2024\/05\/MG_0117_preview.jpeg 1280w\" sizes=\"auto, (max-width: 799px) 85vw, 799px\" \/><\/a><\/figure>\n\n\n\n<div class=\"wp-block-file\"><a id=\"wp-block-file--media-11d40e2c-1eba-49a5-b37e-337215b70991\" href=\"https:\/\/blog.alu.hr\/wp-content\/uploads\/2024\/05\/Dorotea_Cerin_diplomski-rad_2017.pdf\">Dorotea_Cerin_diplomski-rad_2017<\/a><a href=\"https:\/\/blog.alu.hr\/wp-content\/uploads\/2024\/05\/Dorotea_Cerin_diplomski-rad_2017.pdf\" class=\"wp-block-file__button wp-element-button\" download aria-describedby=\"wp-block-file--media-11d40e2c-1eba-49a5-b37e-337215b70991\">Download<\/a><\/div>\n\n\n\n<div style=\"height:100px\" aria-hidden=\"true\" class=\"wp-block-spacer\"><\/div>\n\n\n\n<p class=\"has-medium-font-size\"><strong>Maura Batarilovi\u0107<\/strong><\/p>\n\n\n\n<figure class=\"wp-block-gallery has-nested-images columns-default is-cropped wp-block-gallery-1 is-layout-flex wp-block-gallery-is-layout-flex\">\n<figure class=\"wp-block-image size-large\"><a href=\"https:\/\/blog.alu.hr\/wp-content\/uploads\/2016\/04\/IMG_5876.jpg\"><img loading=\"lazy\" decoding=\"async\" width=\"1024\" height=\"682\" data-id=\"2398\" src=\"https:\/\/blog.alu.hr\/wp-content\/uploads\/2016\/04\/IMG_5876-1024x682.jpg\" alt=\"IMG_5876\" class=\"wp-image-2398\" srcset=\"https:\/\/blog.alu.hr\/wp-content\/uploads\/2016\/04\/IMG_5876-1024x682.jpg 1024w, https:\/\/blog.alu.hr\/wp-content\/uploads\/2016\/04\/IMG_5876-300x200.jpg 300w\" sizes=\"auto, (max-width: 709px) 85vw, (max-width: 909px) 67vw, (max-width: 1362px) 62vw, 840px\" \/><\/a><\/figure>\n\n\n\n<figure class=\"wp-block-image size-large\"><a href=\"https:\/\/blog.alu.hr\/wp-content\/uploads\/2023\/12\/Screenshot-2023-12-10-at-17.22.03.png\"><img loading=\"lazy\" decoding=\"async\" width=\"684\" height=\"542\" data-id=\"4595\" src=\"https:\/\/blog.alu.hr\/wp-content\/uploads\/2023\/12\/Screenshot-2023-12-10-at-17.22.03.png\" alt=\"\" class=\"wp-image-4595\" srcset=\"https:\/\/blog.alu.hr\/wp-content\/uploads\/2023\/12\/Screenshot-2023-12-10-at-17.22.03.png 684w, https:\/\/blog.alu.hr\/wp-content\/uploads\/2023\/12\/Screenshot-2023-12-10-at-17.22.03-300x238.png 300w\" sizes=\"auto, (max-width: 684px) 85vw, 684px\" \/><\/a><\/figure>\n\n\n\n<figure class=\"wp-block-image size-large\"><a href=\"https:\/\/blog.alu.hr\/wp-content\/uploads\/2023\/12\/Screenshot-2023-12-10-at-17.22.15.png\"><img loading=\"lazy\" decoding=\"async\" width=\"684\" height=\"526\" data-id=\"4596\" src=\"https:\/\/blog.alu.hr\/wp-content\/uploads\/2023\/12\/Screenshot-2023-12-10-at-17.22.15.png\" alt=\"\" class=\"wp-image-4596\" srcset=\"https:\/\/blog.alu.hr\/wp-content\/uploads\/2023\/12\/Screenshot-2023-12-10-at-17.22.15.png 684w, https:\/\/blog.alu.hr\/wp-content\/uploads\/2023\/12\/Screenshot-2023-12-10-at-17.22.15-300x231.png 300w\" sizes=\"auto, (max-width: 684px) 85vw, 684px\" \/><\/a><\/figure>\n<\/figure>\n\n\n\n<div class=\"wp-block-file\"><a id=\"wp-block-file--media-a0fcace2-6fc1-43a0-a248-0d3e655611e7\" href=\"https:\/\/blog.alu.hr\/wp-content\/uploads\/2023\/10\/maura-batarilovic-diplomski-rad-2017.pdf\" target=\"_blank\" rel=\"noreferrer noopener\">maura batarilovi\u0107 diplomski rad 2017<\/a><a href=\"https:\/\/blog.alu.hr\/wp-content\/uploads\/2023\/10\/maura-batarilovic-diplomski-rad-2017.pdf\" class=\"wp-block-file__button wp-element-button\" download aria-describedby=\"wp-block-file--media-a0fcace2-6fc1-43a0-a248-0d3e655611e7\">Download<\/a><\/div>\n\n\n\n<div style=\"height:100px\" aria-hidden=\"true\" class=\"wp-block-spacer\"><\/div>\n\n\n","protected":false},"excerpt":{"rendered":"<p>Jason Mulhausen Jasna Kova\u010devi\u0107 Tara Ivani\u0161evi\u0107 instagram Stela Horvat Kamera Multipla, Stela Horvat Dorotea Cerin Maura Batarilovi\u0107<\/p>\n","protected":false},"author":3,"featured_media":0,"parent":526,"menu_order":8,"comment_status":"open","ping_status":"closed","template":"","meta":{"footnotes":""},"class_list":["post-2709","page","type-page","status-publish","hentry"],"_links":{"self":[{"href":"https:\/\/blog.alu.hr\/index.php?rest_route=\/wp\/v2\/pages\/2709","targetHints":{"allow":["GET"]}}],"collection":[{"href":"https:\/\/blog.alu.hr\/index.php?rest_route=\/wp\/v2\/pages"}],"about":[{"href":"https:\/\/blog.alu.hr\/index.php?rest_route=\/wp\/v2\/types\/page"}],"author":[{"embeddable":true,"href":"https:\/\/blog.alu.hr\/index.php?rest_route=\/wp\/v2\/users\/3"}],"replies":[{"embeddable":true,"href":"https:\/\/blog.alu.hr\/index.php?rest_route=%2Fwp%2Fv2%2Fcomments&post=2709"}],"version-history":[{"count":31,"href":"https:\/\/blog.alu.hr\/index.php?rest_route=\/wp\/v2\/pages\/2709\/revisions"}],"predecessor-version":[{"id":4682,"href":"https:\/\/blog.alu.hr\/index.php?rest_route=\/wp\/v2\/pages\/2709\/revisions\/4682"}],"up":[{"embeddable":true,"href":"https:\/\/blog.alu.hr\/index.php?rest_route=\/wp\/v2\/pages\/526"}],"wp:attachment":[{"href":"https:\/\/blog.alu.hr\/index.php?rest_route=%2Fwp%2Fv2%2Fmedia&parent=2709"}],"curies":[{"name":"wp","href":"https:\/\/api.w.org\/{rel}","templated":true}]}}