{"id":198,"date":"2009-05-16T14:32:35","date_gmt":"2009-05-16T12:32:35","guid":{"rendered":"http:\/\/blog.alu.hr\/?page_id=198"},"modified":"2016-06-05T19:50:48","modified_gmt":"2016-06-05T17:50:48","slug":"zagreb-london-2008","status":"publish","type":"page","link":"https:\/\/blog.alu.hr\/?page_id=198","title":{"rendered":"2008"},"content":{"rendered":"<p><a href=\"https:\/\/blog.alu.hr\/wp-content\/uploads\/2009\/05\/dscn1142.jpg\"><img loading=\"lazy\" decoding=\"async\" class=\"alignright size-medium wp-image-694\" title=\"dscn1142\" alt=\"dscn1142\" src=\"https:\/\/blog.alu.hr\/wp-content\/uploads\/2009\/05\/dscn1142-300x225.jpg\" width=\"300\" height=\"225\" srcset=\"https:\/\/blog.alu.hr\/wp-content\/uploads\/2009\/05\/dscn1142-300x225.jpg 300w, https:\/\/blog.alu.hr\/wp-content\/uploads\/2009\/05\/dscn1142-1024x768.jpg 1024w, https:\/\/blog.alu.hr\/wp-content\/uploads\/2009\/05\/dscn1142.jpg 2048w\" sizes=\"auto, (max-width: 300px) 85vw, 300px\" \/><\/a>Sam Kettel<\/p>\n<p><strong>28.05.2008. &#8211; 06.06.2008. BRITACIA Studentska radionica i izlo\u017eba \/LMU,London &amp; ALU,Zagreb\/<\/strong><\/p>\n<p>Izlo\u017eba predstavlja proces i rezultate radionice ostvarene u suradnji izme\u0111u Akademije likovnih umjetnosti u Zagrebu, Odsjeka animacije i novih medija i London Metropolitan Universityja iz Londona. Projekt je uklju\u010divao i &#8216;predprogram&#8217; u kojem su studenti\/ce jedni drugima pripremili svojevrsne &#8216;pakete&#8217; koji su sadr\u017eavali slike, ilustracije, tekstove, citate, crte\u017ee, i koje su jedni drugima slali prije samog susreta i radionice. Polaziste projekta i tematska okosnica ovaj je puta bio odnos grada i njegovih poznatih i skrivenih prica te odnos stvarnosti i fikcije\/fantasticnog u konstrukciji narativa povijesti mjesta i artikulacije njegova dru\u0161tvenog znacenja.<\/p>\n<p><strong>Zagreba\u010dka dionica zavr\u0161ila je s izlo\u017ebom Britacia u galeriji Miroslav Kraljevi\u0107.<\/strong><\/p>\n<p>sudjelovail su: Tara Versey, Ivana Radenovi\u0107, Sam Kettel, Nick Bates, Alex Pugh, Agnieszka Orzel, Sanja Djakovi\u0107, Marica Vitas, Margareta Dragi\u010devi\u0107, Nikolina Kne\u017eevi\u0107, Luka Hrgovi\u0107, Nenad Kur\u010dubi\u0107.<\/p>\n<p>. . . . . . . . . . . . . . . . . . . . . . .<\/p>\n<p><strong>Druga dionica u Londonu zavr\u0161ila je s izlo\u017ebom Semi-Familiar na London Metropolitan Univerity<\/strong><\/p>\n<p>This work has been developed within the frame of an annual student exchange project that involves linking students from the BA Animation and New Media Department at the Zagreb Academy of Art in Croatia, with the Fine Art BA students based at London Metropolitan University.<\/p>\n<p>Each year, long before the students start travelling! the project begins with a series of meetings, readings and workshops which aim to set out some of the objectives of the project. Although the underlying themes change from year to year, they often tend to circle issues related to foreigness, the exotic, tourism, displacement\/dislocation, and estrangement.<\/p>\n<p>There are two key stages of the project: six students from Zagreb going to London, and six students from London going to Zagreb. During their time in each of these cities the students from each university take part in group seminars and presentations, as well as attending exhibitions, museums, talks, bars, pub. They are also asked to make new work during their time away. This work is then exhibited.<\/p>\n<p>The nature of the project means that the student&#8217;s work often has to be developed in a climate of fluidity and spontaneity. The experience often involves the students&#8217; preconceptions and positions being constantly challenged. Therefore works are not always completed, but rather might form the beginnings of work to be made at a later stage.<br \/>\n<strong><br \/>\nParticipating students: <\/strong> Tara Versey, Ivana Radenovi\u0107, Sam Kettel, Nick Bates, Alex Pugh, Agnieszka Orzel, Sanja Djakovi\u0107, Marica Vitas, Margareta Dragi\u010devi\u0107, Nikolina Kne\u017eevi\u0107, Luka Hrgovi\u0107.<\/p>\n<p>Supported by London Metropolitan University and Zagreb Academy of Fine Art, The City of Zagreb and The Student Union of Croatia.<\/p>\n","protected":false},"excerpt":{"rendered":"<p>Sam Kettel 28.05.2008. &#8211; 06.06.2008. BRITACIA Studentska radionica i izlo\u017eba \/LMU,London &amp; ALU,Zagreb\/ Izlo\u017eba predstavlja proces i rezultate radionice ostvarene u suradnji izme\u0111u Akademije likovnih umjetnosti u Zagrebu, Odsjeka animacije i novih medija i London Metropolitan Universityja iz Londona. Projekt je uklju\u010divao i &#8216;predprogram&#8217; u kojem su studenti\/ce jedni drugima pripremili svojevrsne &#8216;pakete&#8217; koji su &hellip; <a href=\"https:\/\/blog.alu.hr\/?page_id=198\" class=\"more-link\">Continue reading<span class=\"screen-reader-text\"> &#8220;2008&#8221;<\/span><\/a><\/p>\n","protected":false},"author":2,"featured_media":0,"parent":117,"menu_order":8,"comment_status":"closed","ping_status":"closed","template":"","meta":{"footnotes":""},"class_list":["post-198","page","type-page","status-publish","hentry"],"_links":{"self":[{"href":"https:\/\/blog.alu.hr\/index.php?rest_route=\/wp\/v2\/pages\/198","targetHints":{"allow":["GET"]}}],"collection":[{"href":"https:\/\/blog.alu.hr\/index.php?rest_route=\/wp\/v2\/pages"}],"about":[{"href":"https:\/\/blog.alu.hr\/index.php?rest_route=\/wp\/v2\/types\/page"}],"author":[{"embeddable":true,"href":"https:\/\/blog.alu.hr\/index.php?rest_route=\/wp\/v2\/users\/2"}],"replies":[{"embeddable":true,"href":"https:\/\/blog.alu.hr\/index.php?rest_route=%2Fwp%2Fv2%2Fcomments&post=198"}],"version-history":[{"count":12,"href":"https:\/\/blog.alu.hr\/index.php?rest_route=\/wp\/v2\/pages\/198\/revisions"}],"predecessor-version":[{"id":2355,"href":"https:\/\/blog.alu.hr\/index.php?rest_route=\/wp\/v2\/pages\/198\/revisions\/2355"}],"up":[{"embeddable":true,"href":"https:\/\/blog.alu.hr\/index.php?rest_route=\/wp\/v2\/pages\/117"}],"wp:attachment":[{"href":"https:\/\/blog.alu.hr\/index.php?rest_route=%2Fwp%2Fv2%2Fmedia&parent=198"}],"curies":[{"name":"wp","href":"https:\/\/api.w.org\/{rel}","templated":true}]}}