{"id":1978,"date":"2014-04-02T14:05:26","date_gmt":"2014-04-02T12:05:26","guid":{"rendered":"http:\/\/blog.alu.hr\/?page_id=1978"},"modified":"2019-11-18T00:55:55","modified_gmt":"2019-11-17T22:55:55","slug":"task-2013","status":"publish","type":"page","link":"https:\/\/blog.alu.hr\/?page_id=1978","title":{"rendered":"TASK 2013"},"content":{"rendered":"<p><a href=\"https:\/\/blog.alu.hr\/wp-content\/uploads\/2014\/04\/IMG_6641.jpg\"><img loading=\"lazy\" decoding=\"async\" class=\"alignnone size-medium wp-image-2009\" alt=\"IMG_6641\" src=\"https:\/\/blog.alu.hr\/wp-content\/uploads\/2014\/04\/IMG_6641-217x300.jpg\" width=\"217\" height=\"300\" srcset=\"https:\/\/blog.alu.hr\/wp-content\/uploads\/2014\/04\/IMG_6641-217x300.jpg 217w, https:\/\/blog.alu.hr\/wp-content\/uploads\/2014\/04\/IMG_6641-742x1024.jpg 742w, https:\/\/blog.alu.hr\/wp-content\/uploads\/2014\/04\/IMG_6641.jpg 1305w\" sizes=\"auto, (max-width: 217px) 85vw, 217px\" \/><\/a> <a href=\"https:\/\/blog.alu.hr\/wp-content\/uploads\/2014\/04\/IMG_6638.jpg\"><img loading=\"lazy\" decoding=\"async\" class=\"alignnone size-medium wp-image-2010\" alt=\"IMG_6638\" src=\"https:\/\/blog.alu.hr\/wp-content\/uploads\/2014\/04\/IMG_6638-300x200.jpg\" width=\"300\" height=\"200\" srcset=\"https:\/\/blog.alu.hr\/wp-content\/uploads\/2014\/04\/IMG_6638-300x200.jpg 300w, https:\/\/blog.alu.hr\/wp-content\/uploads\/2014\/04\/IMG_6638-1024x682.jpg 1024w\" sizes=\"auto, (max-width: 300px) 85vw, 300px\" \/><\/a><\/p>\n<p><b>Ivana Pipal\/Task\u00a0 03\/Mila <\/b><b>\u010c<\/b><b>uljak\/<\/b>instalacija\/interaktivni pokret nosom\/Osvje\u0161tavanje nosnih pokreta kroz TASK upute<\/p>\n<p>&nbsp;<\/p>\n<p>&nbsp;<\/p>\n<p><a href=\"https:\/\/blog.alu.hr\/wp-content\/uploads\/2014\/04\/IMG_6699.jpg\"><img loading=\"lazy\" decoding=\"async\" class=\" wp-image-2005 alignleft\" alt=\"IMG_6699\" src=\"https:\/\/blog.alu.hr\/wp-content\/uploads\/2014\/04\/IMG_6699-300x200.jpg\" width=\"311\" height=\"209\" \/><\/a><\/p>\n<p>&nbsp;<\/p>\n<p>&nbsp;<\/p>\n<p>&nbsp;<\/p>\n<p>&nbsp;<\/p>\n<p>&nbsp;<\/p>\n<p>&nbsp;<\/p>\n<p>&nbsp;<\/p>\n<p><a href=\"https:\/\/blog.alu.hr\/wp-content\/uploads\/2014\/04\/IMG_6701.jpg\"><img loading=\"lazy\" decoding=\"async\" class=\"size-medium wp-image-2004 alignnone\" alt=\"IMG_6701\" src=\"https:\/\/blog.alu.hr\/wp-content\/uploads\/2014\/04\/IMG_6701-300x200.jpg\" width=\"313\" height=\"228\" \/><\/a><\/p>\n<p><strong>Tamara Bilankov TASK 01<\/strong><\/p>\n<p>Slijede\u0107i upute Milane Bro\u0161 poti\u010dem fizi\u010dke reakcije svog tijela u odre\u0111enim prostorima koje biram u odnosu na interpretirani kontekst samih uputa. Tijekom razli\u010ditih izvedbi unutar prostora osvje\u0161tavam vlastitu relaciju izme\u0111u kinetike tijela i trenutnog psihi\u010dkog stanja koje nastaje ili iz unutarnjih emotivnih podra\u017eaja ili iz okoline u kojoj se nalazim, zvuka, slike, materijala, boja&#8230;<\/p>\n<p>&nbsp;<\/p>\n<p>&nbsp;<\/p>\n<p><a href=\"https:\/\/blog.alu.hr\/wp-content\/uploads\/2014\/04\/IMG_6709.jpg\"><img loading=\"lazy\" decoding=\"async\" class=\"alignnone size-medium wp-image-2002\" alt=\"IMG_6709\" src=\"https:\/\/blog.alu.hr\/wp-content\/uploads\/2014\/04\/IMG_6709-300x200.jpg\" width=\"331\" height=\"221\" srcset=\"https:\/\/blog.alu.hr\/wp-content\/uploads\/2014\/04\/IMG_6709-300x200.jpg 300w, https:\/\/blog.alu.hr\/wp-content\/uploads\/2014\/04\/IMG_6709-1024x682.jpg 1024w\" sizes=\"auto, (max-width: 331px) 85vw, 331px\" \/><\/a><\/p>\n<p><a href=\"https:\/\/blog.alu.hr\/wp-content\/uploads\/2014\/04\/IMG_6710.jpg\"><img loading=\"lazy\" decoding=\"async\" class=\"alignnone size-medium wp-image-2001\" alt=\"IMG_6710\" src=\"https:\/\/blog.alu.hr\/wp-content\/uploads\/2014\/04\/IMG_6710-300x200.jpg\" width=\"328\" height=\"218\" srcset=\"https:\/\/blog.alu.hr\/wp-content\/uploads\/2014\/04\/IMG_6710-300x200.jpg 300w, https:\/\/blog.alu.hr\/wp-content\/uploads\/2014\/04\/IMG_6710-1024x682.jpg 1024w\" sizes=\"auto, (max-width: 328px) 85vw, 328px\" \/><\/a><\/p>\n<p>&nbsp;<\/p>\n<p><strong>Hrvoslava Brku\u0161i\u0107<\/strong>\/TASK 06 \u2013 Matija Ferlin\/Odabrala sam ovaj task jer u njemu nije bio precizno zadan niti jedan korak, ali je precizno zadana emocija. Is\u010ditavam \u010de\u017enju i na svojevrstan na\u010din odgovaram na to. Poput dijaloga. Dijaloga sa autorom i s publikom.<\/p>\n<p>&nbsp;<\/p>\n<p>&nbsp;<\/p>\n<p>&nbsp;<\/p>\n<p><a href=\"https:\/\/blog.alu.hr\/wp-content\/uploads\/2014\/04\/IMG_6729.jpg\"><img loading=\"lazy\" decoding=\"async\" class=\"alignnone size-medium wp-image-2000\" alt=\"IMG_6729\" src=\"https:\/\/blog.alu.hr\/wp-content\/uploads\/2014\/04\/IMG_6729-300x200.jpg\" width=\"331\" height=\"221\" srcset=\"https:\/\/blog.alu.hr\/wp-content\/uploads\/2014\/04\/IMG_6729-300x200.jpg 300w, https:\/\/blog.alu.hr\/wp-content\/uploads\/2014\/04\/IMG_6729-1024x682.jpg 1024w\" sizes=\"auto, (max-width: 331px) 85vw, 331px\" \/><\/a><\/p>\n<p><a href=\"https:\/\/blog.alu.hr\/wp-content\/uploads\/2014\/04\/IMG_6730.jpg\"><img loading=\"lazy\" decoding=\"async\" class=\"alignnone size-medium wp-image-1999\" alt=\"IMG_6730\" src=\"https:\/\/blog.alu.hr\/wp-content\/uploads\/2014\/04\/IMG_6730-300x200.jpg\" width=\"328\" height=\"218\" srcset=\"https:\/\/blog.alu.hr\/wp-content\/uploads\/2014\/04\/IMG_6730-300x200.jpg 300w, https:\/\/blog.alu.hr\/wp-content\/uploads\/2014\/04\/IMG_6730-1024x682.jpg 1024w\" sizes=\"auto, (max-width: 328px) 85vw, 328px\" \/><\/a><\/p>\n<p><strong>Vida Guzmi\u0107<\/strong>\/Task 09 \/ Mateja Bu\u0107ar\/ Lokacija : privatni prostor\/Koreografija:<\/p>\n<p>tijelo kojeg nema<\/p>\n<p>&nbsp;<\/p>\n<p>&nbsp;<\/p>\n<p>&nbsp;<\/p>\n<p><a href=\"https:\/\/blog.alu.hr\/wp-content\/uploads\/2014\/04\/IMG_6736.jpg\"><img loading=\"lazy\" decoding=\"async\" class=\"alignnone size-medium wp-image-1995\" alt=\"IMG_6736\" src=\"https:\/\/blog.alu.hr\/wp-content\/uploads\/2014\/04\/IMG_6736-300x200.jpg\" width=\"331\" height=\"221\" srcset=\"https:\/\/blog.alu.hr\/wp-content\/uploads\/2014\/04\/IMG_6736-300x200.jpg 300w, https:\/\/blog.alu.hr\/wp-content\/uploads\/2014\/04\/IMG_6736-1024x682.jpg 1024w\" sizes=\"auto, (max-width: 331px) 85vw, 331px\" \/><\/a><\/p>\n<p><a href=\"https:\/\/blog.alu.hr\/wp-content\/uploads\/2014\/04\/IMG_6743.jpg\"><img loading=\"lazy\" decoding=\"async\" class=\"alignnone size-medium wp-image-1994\" alt=\"IMG_6743\" src=\"https:\/\/blog.alu.hr\/wp-content\/uploads\/2014\/04\/IMG_6743-300x200.jpg\" width=\"331\" height=\"220\" srcset=\"https:\/\/blog.alu.hr\/wp-content\/uploads\/2014\/04\/IMG_6743-300x200.jpg 300w, https:\/\/blog.alu.hr\/wp-content\/uploads\/2014\/04\/IMG_6743-1024x682.jpg 1024w\" sizes=\"auto, (max-width: 331px) 85vw, 331px\" \/><\/a><\/p>\n<p><a href=\"https:\/\/blog.alu.hr\/wp-content\/uploads\/2014\/04\/IMG_6746.jpg\"><img loading=\"lazy\" decoding=\"async\" class=\"alignnone size-medium wp-image-1992\" alt=\"IMG_6746\" src=\"https:\/\/blog.alu.hr\/wp-content\/uploads\/2014\/04\/IMG_6746-300x200.jpg\" width=\"331\" height=\"220\" srcset=\"https:\/\/blog.alu.hr\/wp-content\/uploads\/2014\/04\/IMG_6746-300x200.jpg 300w, https:\/\/blog.alu.hr\/wp-content\/uploads\/2014\/04\/IMG_6746-1024x682.jpg 1024w\" sizes=\"auto, (max-width: 331px) 85vw, 331px\" \/><\/a><\/p>\n<p>&nbsp;<\/p>\n<p>Stella Lebo\u0161 \u2013 TASK 03\/ Mila \u010culjak\/VIDEO 1\/Pismo namijenjeno ministru\/ici kulture.<\/p>\n<p>VIDEO 2\/Pomo\u0107u Taska poku\u0161ala sam izgraditi mapu kretanja pomo\u0107u zadataka.Nakon sto je svih 7 zadataka izvedeno, preuzeti su dijelovi tijela koji se koriste i smije\u0161teni u finalnu &#8220;kompoziciju&#8221;. Svaki zvuk reprezentira odre\u0111eni dio tijela, a koristila sam : pete, koljeno, desna ruka, lijeva ruka, glava, rame, desni dlan, lijevi dlan, lijeva ruka, desna ruka i srce.<\/p>\n<p>&nbsp;<\/p>\n<p>&nbsp;<\/p>\n<p><a href=\"https:\/\/blog.alu.hr\/wp-content\/uploads\/2014\/04\/IMG_6788.jpg\"><img loading=\"lazy\" decoding=\"async\" class=\"alignnone size-medium wp-image-1987\" alt=\"IMG_6788\" src=\"https:\/\/blog.alu.hr\/wp-content\/uploads\/2014\/04\/IMG_6788-300x168.jpg\" width=\"330\" height=\"185\" srcset=\"https:\/\/blog.alu.hr\/wp-content\/uploads\/2014\/04\/IMG_6788-300x168.jpg 300w, https:\/\/blog.alu.hr\/wp-content\/uploads\/2014\/04\/IMG_6788-1024x575.jpg 1024w\" sizes=\"auto, (max-width: 330px) 85vw, 330px\" \/><\/a><\/p>\n<p><a href=\"https:\/\/blog.alu.hr\/wp-content\/uploads\/2014\/04\/IMG_6789.jpg\"><img loading=\"lazy\" decoding=\"async\" class=\"alignnone size-medium wp-image-1986\" alt=\"IMG_6789\" src=\"https:\/\/blog.alu.hr\/wp-content\/uploads\/2014\/04\/IMG_6789-300x168.jpg\" width=\"331\" height=\"185\" srcset=\"https:\/\/blog.alu.hr\/wp-content\/uploads\/2014\/04\/IMG_6789-300x168.jpg 300w, https:\/\/blog.alu.hr\/wp-content\/uploads\/2014\/04\/IMG_6789-1024x575.jpg 1024w\" sizes=\"auto, (max-width: 331px) 85vw, 331px\" \/><\/a><\/p>\n<p><strong>Luana Loji\u0107<\/strong> TASK 02\/ Irma Ormezo\/Gradila sam rad kao predstavu, s tim da moj sudionik nije \u010dovjek, nego vjetar. Jedna kamera s antenom postavljena na krovu snima fizi\u010dke promjene vjetra, druga antena na ulazu hvata fizi\u010dke promjene tijela koje se pored nje kre\u0107u. Krajnja slika je razgovor ljudskog tijela i atmosferskog tijela. Predstava je, kao i njezini sudionici, podlo\u017ena neprestanim promjenama.<\/p>\n<p>&nbsp;<\/p>\n<p>&nbsp;<\/p>\n<p>&nbsp;<\/p>\n<p><a href=\"https:\/\/blog.alu.hr\/wp-content\/uploads\/2014\/04\/IMG_6812.jpg\"><img loading=\"lazy\" decoding=\"async\" class=\"alignnone size-medium wp-image-1982\" alt=\"IMG_6812\" src=\"https:\/\/blog.alu.hr\/wp-content\/uploads\/2014\/04\/IMG_6812-300x200.jpg\" width=\"331\" height=\"221\" srcset=\"https:\/\/blog.alu.hr\/wp-content\/uploads\/2014\/04\/IMG_6812-300x200.jpg 300w, https:\/\/blog.alu.hr\/wp-content\/uploads\/2014\/04\/IMG_6812-1024x682.jpg 1024w\" sizes=\"auto, (max-width: 331px) 85vw, 331px\" \/><\/a><\/p>\n<p><a href=\"https:\/\/blog.alu.hr\/wp-content\/uploads\/2014\/04\/IMG_6810.jpg\"><img loading=\"lazy\" decoding=\"async\" class=\"alignnone size-medium wp-image-1983\" alt=\"IMG_6810\" src=\"https:\/\/blog.alu.hr\/wp-content\/uploads\/2014\/04\/IMG_6810-300x200.jpg\" width=\"326\" height=\"217\" srcset=\"https:\/\/blog.alu.hr\/wp-content\/uploads\/2014\/04\/IMG_6810-300x200.jpg 300w, https:\/\/blog.alu.hr\/wp-content\/uploads\/2014\/04\/IMG_6810-1024x682.jpg 1024w\" sizes=\"auto, (max-width: 326px) 85vw, 326px\" \/><\/a><\/p>\n<p><strong>Ana Vuzdari\u0107<\/strong>\/Kre\u0107em iz pri\u010de kao objekta kojeg provodim kroz korake zadane u Tasku 07. Tekstualna ideja glasi: Tijelo nije tijelo tijelo je meso tijelo vidim kroz ekran tijelo nema volje tijelo nema snagu tijelo je meso um je meso um je ekran tijelo nema volje um nije volja um je meso.<\/p>\n<p>&nbsp;<\/p>\n<p>&nbsp;<\/p>\n<p><a href=\"https:\/\/blog.alu.hr\/wp-content\/uploads\/2014\/04\/IMG_6822.jpg\"><img loading=\"lazy\" decoding=\"async\" class=\"alignnone size-medium wp-image-1981\" alt=\"IMG_6822\" src=\"https:\/\/blog.alu.hr\/wp-content\/uploads\/2014\/04\/IMG_6822-200x300.jpg\" width=\"216\" height=\"324\" srcset=\"https:\/\/blog.alu.hr\/wp-content\/uploads\/2014\/04\/IMG_6822-200x300.jpg 200w, https:\/\/blog.alu.hr\/wp-content\/uploads\/2014\/04\/IMG_6822-682x1024.jpg 682w, https:\/\/blog.alu.hr\/wp-content\/uploads\/2014\/04\/IMG_6822.jpg 1200w\" sizes=\"auto, (max-width: 216px) 85vw, 216px\" \/><\/a><\/p>\n<p><a href=\"https:\/\/blog.alu.hr\/wp-content\/uploads\/2014\/04\/Fotografija2677.jpg\"><img loading=\"lazy\" decoding=\"async\" class=\"alignnone size-medium wp-image-1979\" alt=\"Fotografija2677\" src=\"https:\/\/blog.alu.hr\/wp-content\/uploads\/2014\/04\/Fotografija2677-300x45.jpg\" width=\"514\" height=\"77\" srcset=\"https:\/\/blog.alu.hr\/wp-content\/uploads\/2014\/04\/Fotografija2677-300x45.jpg 300w, https:\/\/blog.alu.hr\/wp-content\/uploads\/2014\/04\/Fotografija2677-1024x153.jpg 1024w\" sizes=\"auto, (max-width: 514px) 85vw, 514px\" \/><\/a><\/p>\n<p>&nbsp;<\/p>\n<p><a href=\"https:\/\/blog.alu.hr\/wp-content\/uploads\/2014\/04\/Fotografija2675.jpg\"><img loading=\"lazy\" decoding=\"async\" class=\"alignnone size-medium wp-image-1980\" alt=\"Fotografija2675\" src=\"https:\/\/blog.alu.hr\/wp-content\/uploads\/2014\/04\/Fotografija2675-300x71.jpg\" width=\"512\" height=\"121\" srcset=\"https:\/\/blog.alu.hr\/wp-content\/uploads\/2014\/04\/Fotografija2675-300x71.jpg 300w, https:\/\/blog.alu.hr\/wp-content\/uploads\/2014\/04\/Fotografija2675-1024x242.jpg 1024w\" sizes=\"auto, (max-width: 512px) 85vw, 512px\" \/><\/a><\/p>\n<p>&nbsp;<\/p>\n<p><strong>Vanja Babi\u0107<\/strong> \/ TASK 03\/ Mila \u010culjak\/ prostorna instalacija\/zvu\u010dna instalacija\/ Segmenti iz koraka Taska 03 doveli su me do razmi\u0161ljanja o zvuku i prostornoj instalaciji koja rekonstruira dijelove iz filma Fish Tank.<\/p>\n<p>&nbsp;<\/p>\n<p>&nbsp;<\/p>\n<p>&nbsp;<\/p>\n<p>&nbsp;<\/p>\n<p><a href=\"https:\/\/blog.alu.hr\/wp-content\/uploads\/2014\/04\/IMG_6802.jpg\"><img loading=\"lazy\" decoding=\"async\" class=\"alignnone size-medium wp-image-1985\" alt=\"IMG_6802\" src=\"https:\/\/blog.alu.hr\/wp-content\/uploads\/2014\/04\/IMG_6802-300x200.jpg\" width=\"400\" height=\"266\" srcset=\"https:\/\/blog.alu.hr\/wp-content\/uploads\/2014\/04\/IMG_6802-300x200.jpg 300w, https:\/\/blog.alu.hr\/wp-content\/uploads\/2014\/04\/IMG_6802-1024x682.jpg 1024w\" sizes=\"auto, (max-width: 400px) 85vw, 400px\" \/><\/a><\/p>\n<p>&nbsp;<\/p>\n<p><a href=\"https:\/\/blog.alu.hr\/wp-content\/uploads\/2014\/04\/IMG_6807.jpg\"><img loading=\"lazy\" decoding=\"async\" class=\"alignnone size-medium wp-image-1984\" alt=\"IMG_6807\" src=\"https:\/\/blog.alu.hr\/wp-content\/uploads\/2014\/04\/IMG_6807-300x168.jpg\" width=\"398\" height=\"222\" srcset=\"https:\/\/blog.alu.hr\/wp-content\/uploads\/2014\/04\/IMG_6807-300x168.jpg 300w, https:\/\/blog.alu.hr\/wp-content\/uploads\/2014\/04\/IMG_6807-1024x575.jpg 1024w\" sizes=\"auto, (max-width: 398px) 85vw, 398px\" \/><\/a><\/p>\n<p>&nbsp;<\/p>\n","protected":false},"excerpt":{"rendered":"<p>Ivana Pipal\/Task\u00a0 03\/Mila \u010culjak\/instalacija\/interaktivni pokret nosom\/Osvje\u0161tavanje nosnih pokreta kroz TASK upute &nbsp; &nbsp; &nbsp; &nbsp; &nbsp; &nbsp; &nbsp; &nbsp; &nbsp; Tamara Bilankov TASK 01 Slijede\u0107i upute Milane Bro\u0161 poti\u010dem fizi\u010dke reakcije svog tijela u odre\u0111enim prostorima koje biram u odnosu na interpretirani kontekst samih uputa. Tijekom razli\u010ditih izvedbi unutar prostora osvje\u0161tavam vlastitu relaciju izme\u0111u kinetike &hellip; <a href=\"https:\/\/blog.alu.hr\/?page_id=1978\" class=\"more-link\">Continue reading<span class=\"screen-reader-text\"> &#8220;TASK 2013&#8221;<\/span><\/a><\/p>\n","protected":false},"author":2,"featured_media":0,"parent":22,"menu_order":18,"comment_status":"open","ping_status":"open","template":"","meta":{"footnotes":""},"class_list":["post-1978","page","type-page","status-publish","hentry"],"_links":{"self":[{"href":"https:\/\/blog.alu.hr\/index.php?rest_route=\/wp\/v2\/pages\/1978","targetHints":{"allow":["GET"]}}],"collection":[{"href":"https:\/\/blog.alu.hr\/index.php?rest_route=\/wp\/v2\/pages"}],"about":[{"href":"https:\/\/blog.alu.hr\/index.php?rest_route=\/wp\/v2\/types\/page"}],"author":[{"embeddable":true,"href":"https:\/\/blog.alu.hr\/index.php?rest_route=\/wp\/v2\/users\/2"}],"replies":[{"embeddable":true,"href":"https:\/\/blog.alu.hr\/index.php?rest_route=%2Fwp%2Fv2%2Fcomments&post=1978"}],"version-history":[{"count":26,"href":"https:\/\/blog.alu.hr\/index.php?rest_route=\/wp\/v2\/pages\/1978\/revisions"}],"predecessor-version":[{"id":2890,"href":"https:\/\/blog.alu.hr\/index.php?rest_route=\/wp\/v2\/pages\/1978\/revisions\/2890"}],"up":[{"embeddable":true,"href":"https:\/\/blog.alu.hr\/index.php?rest_route=\/wp\/v2\/pages\/22"}],"wp:attachment":[{"href":"https:\/\/blog.alu.hr\/index.php?rest_route=%2Fwp%2Fv2%2Fmedia&parent=1978"}],"curies":[{"name":"wp","href":"https:\/\/api.w.org\/{rel}","templated":true}]}}