{"id":191,"date":"2009-05-16T14:13:57","date_gmt":"2009-05-16T12:13:57","guid":{"rendered":"http:\/\/blog.alu.hr\/?page_id=191"},"modified":"2016-06-05T19:50:25","modified_gmt":"2016-06-05T17:50:25","slug":"zagreb-london-2006","status":"publish","type":"page","link":"https:\/\/blog.alu.hr\/?page_id=191","title":{"rendered":"2007"},"content":{"rendered":"<p><a href=\"https:\/\/blog.alu.hr\/wp-content\/uploads\/2009\/05\/flyers.jpg\"><img loading=\"lazy\" decoding=\"async\" title=\"flyers\" alt=\"flyers\" src=\"https:\/\/blog.alu.hr\/wp-content\/uploads\/2009\/05\/flyers.jpg\" width=\"400\" height=\"284\" \/><\/a><\/p>\n<p>&nbsp;<\/p>\n<p><strong>Superturist<\/strong><\/p>\n<p>Galerija Miroslav Kraljevi\u0107 31.4. &#8211; 15.5. 2007<\/p>\n<p><a href=\"http:\/\/zagreblondonlondonzagreb.blogspot.com\">http:\/\/zagreblondonlondonzagreb.blogspot.com<\/a><\/p>\n<p><strong>\u00a0Sudjelovali: Lucy Carew, Matea \u0160abi\u0107, Jonathan Gabb, Anja Male\u0107, Nicholas Lockyer, Mirna Martini, Lorna Macmillan, Tomica Moste\u010dak, Wendy McLean, Dina Ron\u010devi\u0107, Trevor Taylor, Nives Serti\u0107, Natasha Stanbridge, Lea Vidakovi\u0107.<\/strong><\/p>\n<p>Program razmjene zami\u0161\u00a1ljen je kao nastavak projekta FROM LONDON WITH LOVE \/ gostovanja studenata s Metropolitan University London<\/p>\n<p>u organizaciji galerije Miroslav Kraljevi\u0107 a u suradnji s OZAFIN\/om ALU, u svibnju 2006.<\/p>\n<p>Studenti prije dolaska partnerske grupe pripremaju radove za svoje partnere u obliku Vodi\u010da &#8211; audio vodi\u010da, turisti\u010dkog vodi\u010da, stru\u010dnog vodi\u010da. Ovo je prilika da studenti realiziraju interaktivan rad, ali i prilika da se jedna od mogu\u0107ih tema razmjene (Turizam, promatranje \u201cdrugog\u201d manifestira u obliku projekta.) Na kraju boravka u &#8220;inostranstvu&#8221; dolaze\u0107i studenti takoder \u0107e napraviti projekt u obliku Vodi\u010da za domicilnu grupu &#8211; tako da ce zagreba\u010dki studenti londonskim ponuditi vodstvo kroz London, a londonski studenti ce zagreba\u010dkim ponuditi vodi\u010d Zagrebom.<\/p>\n<p>Teme projekta nisu bile specifi\u010dno zadane, me\u0111utim studenti su pregledavali odre\u0111ene tekstove i ponu\u0111ene su im sljede\u0107e teme kao predmeti za razmi\u0161\u00a1ljanje: jezik, prijevod, turizam, nomadizam, putovanje, spektakl, drugi, dislokacija, avantura. Sastavni dio projekta bio je &#8220;predprogram&#8221; u kojem su studenti jedni drugima pripremili svojevrsne &#8220;pakete&#8221; slika, crte\u017ea, ilustracija, tekstova, inspiracija, citata. Paketi su slani po\u0161tom drugoj strani prije samog susreta. Projekt je nadalje ukljucivao i vodstva koja su i domacini i gosti pripremili jedni drugima vodstva po poznatom, odnosno nepoznatom teritoriju.<\/p>\n<p>Ovo je nastavak suradnje koja je prvi puta ostvarena 2005, te koja \u0107e nadamo se biti razvijena u niz razmjena i projekta izmedu dviju akademija.<\/p>\n<p><strong><br \/>\n<\/strong><\/p>\n<figure id=\"attachment_923\" aria-describedby=\"caption-attachment-923\" style=\"width: 400px\" class=\"wp-caption alignnone\"><a href=\"https:\/\/blog.alu.hr\/wp-content\/uploads\/2009\/05\/p4210178.jpg\"><img loading=\"lazy\" decoding=\"async\" class=\"size-full wp-image-923\" title=\"p4210178\" alt=\"Lucy Carew\" src=\"https:\/\/blog.alu.hr\/wp-content\/uploads\/2009\/05\/p4210178.jpg\" width=\"400\" height=\"299\" srcset=\"https:\/\/blog.alu.hr\/wp-content\/uploads\/2009\/05\/p4210178.jpg 400w, https:\/\/blog.alu.hr\/wp-content\/uploads\/2009\/05\/p4210178-300x224.jpg 300w\" sizes=\"auto, (max-width: 400px) 85vw, 400px\" \/><\/a><figcaption id=\"caption-attachment-923\" class=\"wp-caption-text\">Lucy Carew<\/figcaption><\/figure>\n<p><a href=\"https:\/\/blog.alu.hr\/wp-content\/uploads\/2009\/05\/p4210237.jpg\"><img loading=\"lazy\" decoding=\"async\" class=\"alignnone size-full wp-image-928\" title=\"p4210237\" alt=\"p4210237\" src=\"https:\/\/blog.alu.hr\/wp-content\/uploads\/2009\/05\/p4210237.jpg\" width=\"400\" height=\"299\" srcset=\"https:\/\/blog.alu.hr\/wp-content\/uploads\/2009\/05\/p4210237.jpg 400w, https:\/\/blog.alu.hr\/wp-content\/uploads\/2009\/05\/p4210237-300x224.jpg 300w\" sizes=\"auto, (max-width: 400px) 85vw, 400px\" \/><\/a><br \/>\n<a href=\"https:\/\/blog.alu.hr\/wp-content\/uploads\/2009\/05\/p4210242.jpg\"><img loading=\"lazy\" decoding=\"async\" class=\"alignnone size-full wp-image-930\" title=\"p4210242\" alt=\"p4210242\" src=\"https:\/\/blog.alu.hr\/wp-content\/uploads\/2009\/05\/p4210242.jpg\" width=\"400\" height=\"299\" srcset=\"https:\/\/blog.alu.hr\/wp-content\/uploads\/2009\/05\/p4210242.jpg 400w, https:\/\/blog.alu.hr\/wp-content\/uploads\/2009\/05\/p4210242-300x224.jpg 300w\" sizes=\"auto, (max-width: 400px) 85vw, 400px\" \/><\/a><\/p>\n<figure id=\"attachment_933\" aria-describedby=\"caption-attachment-933\" style=\"width: 400px\" class=\"wp-caption alignnone\"><a href=\"https:\/\/blog.alu.hr\/wp-content\/uploads\/2009\/05\/p4210230.jpg\"><img loading=\"lazy\" decoding=\"async\" class=\"size-full wp-image-933\" title=\"p4210230\" alt=\"Mirna Martini\" src=\"https:\/\/blog.alu.hr\/wp-content\/uploads\/2009\/05\/p4210230.jpg\" width=\"400\" height=\"299\" srcset=\"https:\/\/blog.alu.hr\/wp-content\/uploads\/2009\/05\/p4210230.jpg 400w, https:\/\/blog.alu.hr\/wp-content\/uploads\/2009\/05\/p4210230-300x224.jpg 300w\" sizes=\"auto, (max-width: 400px) 85vw, 400px\" \/><\/a><figcaption id=\"caption-attachment-933\" class=\"wp-caption-text\">Mirna Martini<\/figcaption><\/figure>\n<p>&nbsp;<\/p>\n<figure id=\"attachment_921\" aria-describedby=\"caption-attachment-921\" style=\"width: 400px\" class=\"wp-caption alignnone\"><a href=\"https:\/\/blog.alu.hr\/wp-content\/uploads\/2009\/05\/p42101571.jpg\"><img loading=\"lazy\" decoding=\"async\" class=\"size-full wp-image-921\" title=\"p42101571\" alt=\"Trevor Taylor and Natasha Stanbridge\" src=\"https:\/\/blog.alu.hr\/wp-content\/uploads\/2009\/05\/p42101571.jpg\" width=\"400\" height=\"299\" srcset=\"https:\/\/blog.alu.hr\/wp-content\/uploads\/2009\/05\/p42101571.jpg 400w, https:\/\/blog.alu.hr\/wp-content\/uploads\/2009\/05\/p42101571-300x224.jpg 300w\" sizes=\"auto, (max-width: 400px) 85vw, 400px\" \/><\/a><figcaption id=\"caption-attachment-921\" class=\"wp-caption-text\">Trevor Taylor and Natasha Stanbridge<\/figcaption><\/figure>\n","protected":false},"excerpt":{"rendered":"<p>&nbsp; Superturist Galerija Miroslav Kraljevi\u0107 31.4. &#8211; 15.5. 2007 http:\/\/zagreblondonlondonzagreb.blogspot.com \u00a0Sudjelovali: Lucy Carew, Matea \u0160abi\u0107, Jonathan Gabb, Anja Male\u0107, Nicholas Lockyer, Mirna Martini, Lorna Macmillan, Tomica Moste\u010dak, Wendy McLean, Dina Ron\u010devi\u0107, Trevor Taylor, Nives Serti\u0107, Natasha Stanbridge, Lea Vidakovi\u0107. Program razmjene zami\u0161\u00a1ljen je kao nastavak projekta FROM LONDON WITH LOVE \/ gostovanja studenata s Metropolitan &hellip; <a href=\"https:\/\/blog.alu.hr\/?page_id=191\" class=\"more-link\">Continue reading<span class=\"screen-reader-text\"> &#8220;2007&#8221;<\/span><\/a><\/p>\n","protected":false},"author":2,"featured_media":0,"parent":117,"menu_order":9,"comment_status":"closed","ping_status":"closed","template":"","meta":{"footnotes":""},"class_list":["post-191","page","type-page","status-publish","hentry"],"_links":{"self":[{"href":"https:\/\/blog.alu.hr\/index.php?rest_route=\/wp\/v2\/pages\/191","targetHints":{"allow":["GET"]}}],"collection":[{"href":"https:\/\/blog.alu.hr\/index.php?rest_route=\/wp\/v2\/pages"}],"about":[{"href":"https:\/\/blog.alu.hr\/index.php?rest_route=\/wp\/v2\/types\/page"}],"author":[{"embeddable":true,"href":"https:\/\/blog.alu.hr\/index.php?rest_route=\/wp\/v2\/users\/2"}],"replies":[{"embeddable":true,"href":"https:\/\/blog.alu.hr\/index.php?rest_route=%2Fwp%2Fv2%2Fcomments&post=191"}],"version-history":[{"count":22,"href":"https:\/\/blog.alu.hr\/index.php?rest_route=\/wp\/v2\/pages\/191\/revisions"}],"predecessor-version":[{"id":2354,"href":"https:\/\/blog.alu.hr\/index.php?rest_route=\/wp\/v2\/pages\/191\/revisions\/2354"}],"up":[{"embeddable":true,"href":"https:\/\/blog.alu.hr\/index.php?rest_route=\/wp\/v2\/pages\/117"}],"wp:attachment":[{"href":"https:\/\/blog.alu.hr\/index.php?rest_route=%2Fwp%2Fv2%2Fmedia&parent=191"}],"curies":[{"name":"wp","href":"https:\/\/api.w.org\/{rel}","templated":true}]}}