{"id":1871,"date":"2013-09-28T02:29:58","date_gmt":"2013-09-28T00:29:58","guid":{"rendered":"http:\/\/blog.alu.hr\/?page_id=1871"},"modified":"2016-06-05T19:52:21","modified_gmt":"2016-06-05T17:52:21","slug":"2012-2","status":"publish","type":"page","link":"https:\/\/blog.alu.hr\/?page_id=1871","title":{"rendered":"2013"},"content":{"rendered":"<p><a href=\"https:\/\/blog.alu.hr\/wp-content\/uploads\/2013\/09\/alumetflyer.jpg\"><img loading=\"lazy\" decoding=\"async\" class=\"alignnone size-medium wp-image-1875\" alt=\"alumetflyer\" src=\"https:\/\/blog.alu.hr\/wp-content\/uploads\/2013\/09\/alumetflyer-300x217.jpg\" width=\"462\" height=\"334\" srcset=\"https:\/\/blog.alu.hr\/wp-content\/uploads\/2013\/09\/alumetflyer-300x217.jpg 300w, https:\/\/blog.alu.hr\/wp-content\/uploads\/2013\/09\/alumetflyer-1024x741.jpg 1024w\" sizes=\"auto, (max-width: 462px) 85vw, 462px\" \/><\/a><\/p>\n<p><i>Francesco Benenato\u00a0\u00a0 Hrvoslava Brku\u0161i\u0107\u00a0\u00a0 Lucija Bu\u017ean\u010di\u0107\u00a0\u00a0 Min Cawthorne\u00a0\u00a0 Raquel Chinchetru\u00a0\u00a0 Vitar Drinkovi\u0107\u00a0\u00a0 Luana Loji\u0107\u00a0\u00a0 Bojan Mucko\u00a0\u00a0 Will Peck\u00a0\u00a0 Michael Robertson\u00a0\u00a0 Simone Steenberg Darius Verbickas\u00a0\u00a0 Damir \u017di\u017ei\u0107<\/i><\/p>\n<p>&nbsp;<\/p>\n<p><b><i>Zagreb\/London Annual Exchange Project 2013<\/i><\/b><\/p>\n<p>The Zagreb\/London Exchange Project is an annual student exchange project that involves linking students from the Animation and New Media Department at the Zagreb Academy of Art in Croatia, with the 2<sup>nd<\/sup> year Fine Art BA students based at London Metropolitan University.<\/p>\n<p>The project is of a precarious nature and, wherever possible, begins with a series of meetings, readings and workshops which aim to set out some of the objectives of the project. Implicit in the structure is the idea of \u2018exchange\u2019.<\/p>\n<p>There are two key stages of the project \u2013 students from Zagreb going to London, and students from London going to Zagreb. During their time in each of these cities the students from each university take part in a group seminars and presentations as well as organised visits to exhibitions, museums, and lectures. Students are also able and encouraged to use the Fine Art Studios and workshops at the host institution, as well as to attend lectures and seminars that take place within the course of the normal workings of the host institution.<\/p>\n<p>Perhaps most importantly, the participating students are asked to make new work during their time away from home. The project also includes students giving guided tours\/walks (both of their home town, and the town they visit) for their visiting peers. Directed group work may result in collaborative works where two or more students work on projects together, but this is not a requirement.<\/p>\n<p>One of the key intentions of the project is that students should develop an understanding of how the immediate environment, as well as cultural history and socio-political realities influence ones working practice as an artist.<\/p>\n<p>&nbsp;<\/p>\n<p><b>Project supervisors and coordinators: Ben Cain (LMU) and Nicole Hewitt (ALU)<\/b><\/p>\n<p><b>\u00a0<\/b><i>The ongoing relationship with the Zagreb Academy of Fine Art is now being further developed through the establishment of an Erasmus exchange agreement.<\/i><\/p>\n<p>&nbsp;<\/p>\n<p>PROJEKT SU PODR\u017dALI LONDON METROPOLITAN UNIVERSITY I ALU ZAGREB, ERASMUS PROGRAM, GRAD ZAGREB, MINISTARSTVO KULTURE RH<\/p>\n<p>SUPPORTED BY LONDON METROPOLITAN UNIVERSITY, ACADEMY OF FINE ART ZAGREB, ERASMUS, THE CROATIAN MINISTRY OF CULTURE, THE CITY OF ZAGREB<\/p>\n<p>&nbsp;<\/p>\n<p>&nbsp;<\/p>\n<p><b>The Last One We Had Recently<\/b><\/p>\n<p>&nbsp;<\/p>\n<p>Izlo\u017eba studenata London Metropolitan University i ALU, Zagreb<\/p>\n<p>Works by students of London Metropolitan University and The Academy of Fine Art, Zagreb<\/p>\n<p>Koordinatori projekta\/ project coordinators Ben Cain and\/i Nicole Hewitt<\/p>\n<p>&nbsp;<\/p>\n<p>&nbsp;<\/p>\n<p><strong>GALERIJA MIROSLAV KRALJEVI\u0106<\/strong><\/p>\n<p><strong>Otvorenje\/Opening\u00a0 9.5.2013., 19h<\/strong><\/p>\n<p>&nbsp;<\/p>\n<p>Exploring a space, we have created photographs focusing on light, reflections and the space as a theatrical scene. Found objects at the space \u2013 mirrors, have been moved and installed in the gallery to represents the history of the space, our encounter with the space and its new reflection of time inside the gallery. A video is projected onto the mirrors proposing a stage of the space for the viewer. through translation we create miscommunication \u2013 through miscommunication we create mistakes \u2013 through mistakes we create Free overlapping natural video maps Kraljevi\u010d nerves tree became mind extention body skin interaction object water water sound water way dialogue water water water conection Zagreb The witness of the space is the exposed, the void is witnessed with the exposed. The observer can just look. It started when I came to London. Will took me for a walk from Whitechapel to Camberwel,\u00a0 as we walked we passed by the heygate estate, a series of visual notes incoured. When I came to Zagreb Bojan took me to a number of sites assosiated with recent gentrification in the east of the city, and when we came to the gallery, we just decided to do site\/time specific visual mapping of the space. communication without communication The entities that possibly reference a translation of the notion of communication. When we speak we limit our worlds.<\/p>\n","protected":false},"excerpt":{"rendered":"<p>Francesco Benenato\u00a0\u00a0 Hrvoslava Brku\u0161i\u0107\u00a0\u00a0 Lucija Bu\u017ean\u010di\u0107\u00a0\u00a0 Min Cawthorne\u00a0\u00a0 Raquel Chinchetru\u00a0\u00a0 Vitar Drinkovi\u0107\u00a0\u00a0 Luana Loji\u0107\u00a0\u00a0 Bojan Mucko\u00a0\u00a0 Will Peck\u00a0\u00a0 Michael Robertson\u00a0\u00a0 Simone Steenberg Darius Verbickas\u00a0\u00a0 Damir \u017di\u017ei\u0107 &nbsp; Zagreb\/London Annual Exchange Project 2013 The Zagreb\/London Exchange Project is an annual student exchange project that involves linking students from the Animation and New Media Department at the &hellip; <a href=\"https:\/\/blog.alu.hr\/?page_id=1871\" class=\"more-link\">Continue reading<span class=\"screen-reader-text\"> &#8220;2013&#8221;<\/span><\/a><\/p>\n","protected":false},"author":2,"featured_media":0,"parent":117,"menu_order":4,"comment_status":"open","ping_status":"open","template":"","meta":{"footnotes":""},"class_list":["post-1871","page","type-page","status-publish","hentry"],"_links":{"self":[{"href":"https:\/\/blog.alu.hr\/index.php?rest_route=\/wp\/v2\/pages\/1871","targetHints":{"allow":["GET"]}}],"collection":[{"href":"https:\/\/blog.alu.hr\/index.php?rest_route=\/wp\/v2\/pages"}],"about":[{"href":"https:\/\/blog.alu.hr\/index.php?rest_route=\/wp\/v2\/types\/page"}],"author":[{"embeddable":true,"href":"https:\/\/blog.alu.hr\/index.php?rest_route=\/wp\/v2\/users\/2"}],"replies":[{"embeddable":true,"href":"https:\/\/blog.alu.hr\/index.php?rest_route=%2Fwp%2Fv2%2Fcomments&post=1871"}],"version-history":[{"count":10,"href":"https:\/\/blog.alu.hr\/index.php?rest_route=\/wp\/v2\/pages\/1871\/revisions"}],"predecessor-version":[{"id":2360,"href":"https:\/\/blog.alu.hr\/index.php?rest_route=\/wp\/v2\/pages\/1871\/revisions\/2360"}],"up":[{"embeddable":true,"href":"https:\/\/blog.alu.hr\/index.php?rest_route=\/wp\/v2\/pages\/117"}],"wp:attachment":[{"href":"https:\/\/blog.alu.hr\/index.php?rest_route=%2Fwp%2Fv2%2Fmedia&parent=1871"}],"curies":[{"name":"wp","href":"https:\/\/api.w.org\/{rel}","templated":true}]}}