{"id":1825,"date":"2013-09-28T01:08:11","date_gmt":"2013-09-27T23:08:11","guid":{"rendered":"http:\/\/blog.alu.hr\/?page_id=1825"},"modified":"2024-05-10T14:24:33","modified_gmt":"2024-05-10T12:24:33","slug":"2013-2","status":"publish","type":"page","link":"https:\/\/blog.alu.hr\/?page_id=1825","title":{"rendered":"2013"},"content":{"rendered":"\n<div style=\"height:100px\" aria-hidden=\"true\" class=\"wp-block-spacer\"><\/div>\n\n\n\n<p class=\"has-medium-font-size\"> <strong>Hrvoslava Brku\u0161i\u0107 <\/strong><\/p>\n\n\n\n<figure class=\"wp-block-image is-resized\"><a href=\"https:\/\/blog.alu.hr\/wp-content\/uploads\/2013\/09\/lala.diplomski.jpg\"><img loading=\"lazy\" decoding=\"async\" src=\"https:\/\/blog.alu.hr\/wp-content\/uploads\/2013\/09\/lala.diplomski-300x225.jpg\" alt=\"lala.diplomski\" width=\"573\" height=\"430\"\/><\/a><\/figure>\n\n\n\n<div style=\"height:100px\" aria-hidden=\"true\" class=\"wp-block-spacer\"><\/div>\n\n\n\n<p class=\"has-medium-font-size\"><strong>Dejan Goti\u0107<\/strong><\/p>\n\n\n\n<figure class=\"wp-block-image is-resized\"><a href=\"https:\/\/blog.alu.hr\/wp-content\/uploads\/2013\/09\/dejan.diplomski.jpg\"><img loading=\"lazy\" decoding=\"async\" src=\"https:\/\/blog.alu.hr\/wp-content\/uploads\/2013\/09\/dejan.diplomski-200x300.jpg\" alt=\"dejan.diplomski\" width=\"313\" height=\"470\"\/><\/a><\/figure>\n\n\n\n<p><strong><a href=\"https:\/\/blog.alu.hr\/wp-content\/uploads\/2013\/09\/Razgovori_diplomska_radnja.pdf\">R<\/a><\/strong><strong><a href=\"https:\/\/blog.alu.hr\/wp-content\/uploads\/2013\/09\/Razgovori_diplomska_radnja.pdf\">azgovori_diplomska_radnja<\/a><\/strong><\/p>\n\n\n\n<p><a href=\"https:\/\/vimeo.com\/195108368\">Teaser Razgovori<\/a><\/p>\n\n\n\n<div style=\"height:100px\" aria-hidden=\"true\" class=\"wp-block-spacer\"><\/div>\n\n\n\n<p class=\"has-medium-font-size\"><strong>Bojan Mucko<\/strong><\/p>\n\n\n\n<figure class=\"wp-block-image size-full is-resized\"><a href=\"https:\/\/blog.alu.hr\/wp-content\/uploads\/2023\/12\/Screenshot-2023-12-16-at-15.15.43.png\"><img loading=\"lazy\" decoding=\"async\" src=\"https:\/\/blog.alu.hr\/wp-content\/uploads\/2023\/12\/Screenshot-2023-12-16-at-15.15.43.png\" alt=\"\" class=\"wp-image-4627\" width=\"550\" height=\"395\" srcset=\"https:\/\/blog.alu.hr\/wp-content\/uploads\/2023\/12\/Screenshot-2023-12-16-at-15.15.43.png 496w, https:\/\/blog.alu.hr\/wp-content\/uploads\/2023\/12\/Screenshot-2023-12-16-at-15.15.43-300x215.png 300w\" sizes=\"auto, (max-width: 550px) 85vw, 550px\" \/><\/a><\/figure>\n\n\n\n<div style=\"height:100px\" aria-hidden=\"true\" class=\"wp-block-spacer\"><\/div>\n\n\n\n<p class=\"has-medium-font-size\"><\/p>\n\n\n\n<div style=\"height:24px\" aria-hidden=\"true\" class=\"wp-block-spacer\"><\/div>\n\n\n\n<p class=\"has-medium-font-size\"><strong>Vitar Drinkovi\u0107<\/strong><\/p>\n\n\n\n<figure class=\"wp-block-image is-resized\"><a href=\"https:\/\/blog.alu.hr\/wp-content\/uploads\/2013\/09\/IMG_9427.jpg\"><img loading=\"lazy\" decoding=\"async\" src=\"https:\/\/blog.alu.hr\/wp-content\/uploads\/2013\/09\/IMG_9427-300x225.jpg\" alt=\"IMG_9427\" class=\"wp-image-2227\" width=\"471\" height=\"353\" srcset=\"https:\/\/blog.alu.hr\/wp-content\/uploads\/2013\/09\/IMG_9427-300x225.jpg 300w, https:\/\/blog.alu.hr\/wp-content\/uploads\/2013\/09\/IMG_9427-1024x768.jpg 1024w, https:\/\/blog.alu.hr\/wp-content\/uploads\/2013\/09\/IMG_9427.jpg 1600w\" sizes=\"auto, (max-width: 471px) 85vw, 471px\" \/><\/a><\/figure>\n\n\n\n<figure class=\"wp-block-image is-resized\"><a href=\"https:\/\/blog.alu.hr\/wp-content\/uploads\/2013\/09\/IMG_9335.jpg\"><img loading=\"lazy\" decoding=\"async\" src=\"https:\/\/blog.alu.hr\/wp-content\/uploads\/2013\/09\/IMG_9335-300x225.jpg\" alt=\"IMG_9335\" class=\"wp-image-2229\" width=\"474\" height=\"356\" srcset=\"https:\/\/blog.alu.hr\/wp-content\/uploads\/2013\/09\/IMG_9335-300x225.jpg 300w, https:\/\/blog.alu.hr\/wp-content\/uploads\/2013\/09\/IMG_9335-1024x768.jpg 1024w, https:\/\/blog.alu.hr\/wp-content\/uploads\/2013\/09\/IMG_9335.jpg 1600w\" sizes=\"auto, (max-width: 474px) 85vw, 474px\" \/><\/a><\/figure>\n\n\n\n<div class=\"wp-block-file\"><a id=\"wp-block-file--media-7eeac551-b7a3-4fee-9cff-4c4057182358\" href=\"https:\/\/blog.alu.hr\/wp-content\/uploads\/2023\/10\/Diplomski-text-final.pdf\" target=\"_blank\" rel=\"noreferrer noopener\">interaktivnost kao medij-vitar<\/a><a href=\"https:\/\/blog.alu.hr\/wp-content\/uploads\/2023\/10\/Diplomski-text-final.pdf\" class=\"wp-block-file__button wp-element-button\" download aria-describedby=\"wp-block-file--media-7eeac551-b7a3-4fee-9cff-4c4057182358\">Download<\/a><\/div>\n\n\n\n<div style=\"height:100px\" aria-hidden=\"true\" class=\"wp-block-spacer\"><\/div>\n\n\n\n<p class=\"has-medium-font-size\"><strong>Vanja Babi\u0107<\/strong><\/p>\n\n\n\n<figure class=\"wp-block-image size-large is-resized\"><a href=\"https:\/\/blog.alu.hr\/wp-content\/uploads\/2024\/05\/msu_Essl-Award.jpg\"><img loading=\"lazy\" decoding=\"async\" src=\"https:\/\/blog.alu.hr\/wp-content\/uploads\/2024\/05\/msu_Essl-Award-1024x758.jpg\" alt=\"\" class=\"wp-image-4704\" width=\"669\" height=\"494\" srcset=\"https:\/\/blog.alu.hr\/wp-content\/uploads\/2024\/05\/msu_Essl-Award-1024x758.jpg 1024w, https:\/\/blog.alu.hr\/wp-content\/uploads\/2024\/05\/msu_Essl-Award-300x222.jpg 300w, https:\/\/blog.alu.hr\/wp-content\/uploads\/2024\/05\/msu_Essl-Award-1536x1137.jpg 1536w, https:\/\/blog.alu.hr\/wp-content\/uploads\/2024\/05\/msu_Essl-Award.jpg 1729w\" sizes=\"auto, (max-width: 669px) 85vw, 669px\" \/><\/a><\/figure>\n\n\n\n<div class=\"wp-block-file\"><a id=\"wp-block-file--media-f184de93-eb90-46e0-8be4-c6ebb1300e38\" href=\"https:\/\/blog.alu.hr\/wp-content\/uploads\/2024\/05\/tekst_opis-rada.docx\">tekst_opis-rada<\/a><a href=\"https:\/\/blog.alu.hr\/wp-content\/uploads\/2024\/05\/tekst_opis-rada.docx\" class=\"wp-block-file__button wp-element-button\" download aria-describedby=\"wp-block-file--media-f184de93-eb90-46e0-8be4-c6ebb1300e38\">Download<\/a><\/div>\n\n\n\n<div style=\"height:100px\" aria-hidden=\"true\" class=\"wp-block-spacer\"><\/div>\n\n\n\n<p class=\"has-medium-font-size\"><strong>Marija Golub<\/strong><\/p>\n\n\n\n<p><a href=\"https:\/\/vimeo.com\/aluozafin\">https:\/\/vimeo.com\/aluozafin<\/a><\/p>\n\n\n\n<div style=\"height:100px\" aria-hidden=\"true\" class=\"wp-block-spacer\"><\/div>\n\n\n\n<p class=\"has-medium-font-size\"><strong>Anton Sveti\u0107<\/strong><\/p>\n\n\n\n<figure class=\"wp-block-image size-full\"><a href=\"https:\/\/blog.alu.hr\/wp-content\/uploads\/2024\/05\/Fotografija0576.jpg\"><img loading=\"lazy\" decoding=\"async\" width=\"400\" height=\"240\" src=\"https:\/\/blog.alu.hr\/wp-content\/uploads\/2024\/05\/Fotografija0576.jpg\" alt=\"\" class=\"wp-image-4707\" srcset=\"https:\/\/blog.alu.hr\/wp-content\/uploads\/2024\/05\/Fotografija0576.jpg 400w, https:\/\/blog.alu.hr\/wp-content\/uploads\/2024\/05\/Fotografija0576-300x180.jpg 300w\" sizes=\"auto, (max-width: 400px) 85vw, 400px\" \/><\/a><\/figure>\n\n\n\n<div style=\"height:100px\" aria-hidden=\"true\" class=\"wp-block-spacer\"><\/div>\n\n\n\n<p class=\"has-medium-font-size\"><a href=\"http:\/\/damirzizic.tumblr.com\/\"><strong>Damir \u017di\u017ei\u0107<\/strong><\/a><\/p>\n\n\n\n<div style=\"height:100px\" aria-hidden=\"true\" class=\"wp-block-spacer\"><\/div>\n\n\n\n<div style=\"height:100px\" aria-hidden=\"true\" class=\"wp-block-spacer\"><\/div>\n","protected":false},"excerpt":{"rendered":"<p>Hrvoslava Brku\u0161i\u0107 Dejan Goti\u0107 Razgovori_diplomska_radnja Teaser Razgovori Bojan Mucko Vitar Drinkovi\u0107 Vanja Babi\u0107 Marija Golub https:\/\/vimeo.com\/aluozafin Anton Sveti\u0107 Damir \u017di\u017ei\u0107<\/p>\n","protected":false},"author":2,"featured_media":0,"parent":526,"menu_order":12,"comment_status":"open","ping_status":"closed","template":"","meta":{"footnotes":""},"class_list":["post-1825","page","type-page","status-publish","hentry"],"_links":{"self":[{"href":"https:\/\/blog.alu.hr\/index.php?rest_route=\/wp\/v2\/pages\/1825","targetHints":{"allow":["GET"]}}],"collection":[{"href":"https:\/\/blog.alu.hr\/index.php?rest_route=\/wp\/v2\/pages"}],"about":[{"href":"https:\/\/blog.alu.hr\/index.php?rest_route=\/wp\/v2\/types\/page"}],"author":[{"embeddable":true,"href":"https:\/\/blog.alu.hr\/index.php?rest_route=\/wp\/v2\/users\/2"}],"replies":[{"embeddable":true,"href":"https:\/\/blog.alu.hr\/index.php?rest_route=%2Fwp%2Fv2%2Fcomments&post=1825"}],"version-history":[{"count":67,"href":"https:\/\/blog.alu.hr\/index.php?rest_route=\/wp\/v2\/pages\/1825\/revisions"}],"predecessor-version":[{"id":4708,"href":"https:\/\/blog.alu.hr\/index.php?rest_route=\/wp\/v2\/pages\/1825\/revisions\/4708"}],"up":[{"embeddable":true,"href":"https:\/\/blog.alu.hr\/index.php?rest_route=\/wp\/v2\/pages\/526"}],"wp:attachment":[{"href":"https:\/\/blog.alu.hr\/index.php?rest_route=%2Fwp%2Fv2%2Fmedia&parent=1825"}],"curies":[{"name":"wp","href":"https:\/\/api.w.org\/{rel}","templated":true}]}}