{"id":1742,"date":"2013-09-10T19:09:35","date_gmt":"2013-09-10T17:09:35","guid":{"rendered":"http:\/\/blog.alu.hr\/?page_id=1742"},"modified":"2024-12-01T21:50:27","modified_gmt":"2024-12-01T19:50:27","slug":"alumni-ma-novi-mediji","status":"publish","type":"page","link":"https:\/\/blog.alu.hr\/?page_id=1742","title":{"rendered":"alumni MA Novi Mediji"},"content":{"rendered":"\n<div style=\"height:36px\" aria-hidden=\"true\" class=\"wp-block-spacer\"><\/div>\n\n\n<p>Iva Gavrilovi\u0107<\/p>\n<p>Petar Vranjkovi\u0107<\/p>\n<p>Magdalena Jan\u0111el\u00a0<\/p>\n<p>Vjeran Vuka\u0161inovi\u0107\u00a0<\/p>\n<p>Lucija Ostrogovi\u0107<\/p>\n<p><a href=\"https:\/\/fawngz.tumblr.com\/\">Kris Komljenovi\u0107<\/a><\/p>\n<p>Ivor Tamarut<\/p>\n<p>Lana Lehpamer<\/p>\n<p>Bruna Jakupovi\u0107\u00a0<\/p>\n<p><a href=\"https:\/\/vimeo.com\/802894250\">Josip Kne\u017eevi\u0107<\/a><\/p>\n<p><a href=\"https:\/\/andrejdrozdan.tumblr.com\/\">Andrej Dro\u017edan <\/a><\/p>\n<p>Evan Kirby<\/p>\n<p>Teuta Gatolin<\/p>\n<p>Valentina Butumovi\u0107<\/p>\n<p><a href=\"https:\/\/ivakorencic.wordpress.com\/\">Iva Koren\u010di\u0107 <\/a><\/p>\n<p>Paula Ton\u010di\u0107<\/p>\n<p><a href=\"https:\/\/branimirstivic.com\/\">Branimir \u0160tivi\u0107 <\/a><\/p>\n<p>\u017deljko Beljan<\/p>\n<p>Ana Domljan<\/p>\n<p>Iva \u010cukelj<\/p>\n<p>Josip Drdi\u0107<\/p>\n<p>Josipa \u0160krapi\u0107<\/p>\n<p>Dora Fodor<\/p>\n<p>Eva Milkovi\u0107<\/p>\n<p><a href=\"https:\/\/www.filipborelli.art\/work\">Filip Borelli<\/a><\/p>\n<p>Nika Pe\u010darina<\/p>\n<p><a href=\"https:\/\/vimeo.com\/piratesheep\">Marta Stra\u017ei\u010di\u0107 <\/a><\/p>\n<p><a href=\"https:\/\/vimeo.com\/mizimakov\">Marko Guti\u0107 Mi\u017eimakov<\/a><\/p>\n<p>Josipa Mili\u010devi\u0107<\/p>\n<p><a href=\"https:\/\/skripzikl.wixsite.com\/skripzikl?fbclid=IwAR1i1ZXx94R8c2NNsbjsMCcFAhNHis3QjkKVwJZUiNOiIoXriVpGRa2hN_Q\">Romano Dautanac<\/a><\/p>\n<p><a href=\"https:\/\/vimeo.com\/user46985461\">Vanda Kreutz<\/a><\/p>\n<p><a href=\"https:\/\/alenkasumovic.com\/\">Alen Kasumovi\u0107<\/a><\/p>\n<p>Maura Batarilovi\u0107<\/p>\n<p>Dorotea Cerin<\/p>\n<p>Stela Horvat<\/p>\n<p>Tara Ivani\u0161evi\u0107<\/p>\n<p>Jasna Kova\u010devi\u0107<\/p>\n<p>Jason Mulhausen<\/p>\n<p><a href=\"http:\/\/bonobostudio.hr\/hr\/film\/films\/simulacra\">Thomas Johnson<\/a><\/p>\n<p>Tanja Minarik<\/p>\n<p>Antonija Ba\u010di\u0107<\/p>\n<p>Toni Mija\u010d<\/p>\n<p><a href=\"https:\/\/vimeo.com\/user52638178\">Tin Do\u017ei\u0107<\/a><\/p>\n<p>Laura Bari\u0107<\/p>\n<p>Valerija Cerovec<\/p>\n<p>Nera Mio\u010di\u0107<\/p>\n<p><a href=\"http:\/\/sfljubavnice.tumblr.com\/\">Luana Loji\u0107<\/a><\/p>\n<p>Laura Potrovi\u0107<\/p>\n<p><a href=\"http:\/\/cargocollective.com\/doradurkesac\">Dora \u0110urkesac<\/a><\/p>\n<p>Roko Crni\u0107<\/p>\n<p><a href=\"http:\/\/katerinaduda.net\/\">Katerina Duda<\/a><\/p>\n<p><a href=\"http:\/\/matija-kralj.tumblr.com\/\">Matija Kralj<\/a><\/p>\n<p>Matija Djanje\u0161i\u0107<\/p>\n<p>Darko Jefti\u0107<\/p>\n<p>Tamara Bilankov<\/p>\n<p><a href=\"https:\/\/bezprezimena.wordpress.com\/\">Ana Vuzdari\u0107<\/a><\/p>\n<p><a href=\"http:\/\/ivanapipal.blogspot.co.uk\/\">Ivana Pipal<\/a><\/p>\n<p><a href=\"http:\/\/prostor-je-taktika.tumblr.com\/\">Bojan Mucko<\/a><\/p>\n<p><a href=\"https:\/\/vimeo.com\/ljerkaaa\">Ljerka Kujund\u017ei\u0107<\/a><\/p>\n<p><a href=\"http:\/\/www.mariotopic.com\/\">Mario Topi<\/a>\u0107<\/p>\n<p>Leila Kasumovi\u0107<\/p>\n<p><a href=\"http:\/\/sfljubavnice.tumblr.com\/\">Hrvoslava Brku\u0161i\u0107<\/a><\/p>\n<p><a href=\"http:\/\/vitardrinkovic.blogspot.com\/\">Vitar Drinkovi\u0107<\/a><\/p>\n<p><a href=\"http:\/\/damirzizic.tumblr.com\/\">Damir \u017di\u017ei\u0107<\/a><\/p>\n<p>Dejan Goti\u0107<\/p>\n<p><a href=\"https:\/\/vanjababic.wordpress.com\/\">Vanja Babi\u0107<\/a><\/p>\n<p>Anton Sveti\u0107<\/p>\n<p><a href=\"https:\/\/vimeo.com\/42356064\">Sabina Mikeli\u0107<\/a><\/p>\n<p>Marija Golub<\/p>\n<p><a href=\"http:\/\/3oko.blogspot.co.uk\/\">Marina Mesar<\/a><\/p>\n<p><a href=\"http:\/\/vimeo.com\/user6726397\">Tihana Mandu\u0161i\u0107<\/a><\/p>\n<p><a href=\"http:\/\/prostor-je-taktika.tumblr.com\/\">Luka Smeti\u0161ko<\/a><\/p>\n<p><a href=\"http:\/\/nikolinabutorac.com\/\">Nikolina Butorac<\/a><\/p>\n<p><a href=\"http:\/\/josiphorvat.com\/http:\/\/\">Josip Horvat<\/a><\/p>\n<p><a href=\"https:\/\/vimeo.com\/user4568929\">Ana Kova\u010di\u0107<\/a><\/p>\n<p>Dajana Dorki\u0107<\/p>\n<p><a href=\"http:\/\/prostor-je-taktika.tumblr.com\/\">Vida Guzmi\u0107<\/a><\/p>\n<p><a href=\"http:\/\/mmrzak.tumblr.com\/\">Martin Mrzljak<\/a><\/p>\n<p><a href=\"http:\/\/gluteus.org\/luka-hrgovic\/http:\/\/\">Luka Hrgovi\u0107<\/a><\/p>\n<p>Petra Hudi\u0107<\/p>\n<p><a href=\"http:\/\/booksa.hr\/vijesti\/sve\/izmedju-govora\">Matea \u0160abi\u0107<\/a><\/p>\n<p>Mirna Martini<\/p>\n<p>Nives Serti\u0107<\/p>\n<p><a href=\"http:\/\/dinaroncevic.blogspot.com\/\">Dina Ron\u010devi\u0107<\/a><\/p>\n\n\n<div style=\"height:100px\" aria-hidden=\"true\" class=\"wp-block-spacer\"><\/div>\n","protected":false},"excerpt":{"rendered":"<p>Iva Gavrilovi\u0107 Petar Vranjkovi\u0107 Magdalena Jan\u0111el\u00a0 Vjeran Vuka\u0161inovi\u0107\u00a0 Lucija Ostrogovi\u0107 Kris Komljenovi\u0107 Ivor Tamarut Lana Lehpamer Bruna Jakupovi\u0107\u00a0 Josip Kne\u017eevi\u0107 Andrej Dro\u017edan Evan Kirby Teuta Gatolin Valentina Butumovi\u0107 Iva Koren\u010di\u0107 Paula Ton\u010di\u0107 Branimir \u0160tivi\u0107 \u017deljko Beljan Ana Domljan Iva \u010cukelj Josip Drdi\u0107 Josipa \u0160krapi\u0107 Dora Fodor Eva Milkovi\u0107 Filip Borelli Nika Pe\u010darina Marta Stra\u017ei\u010di\u0107 Marko &hellip; <a href=\"https:\/\/blog.alu.hr\/?page_id=1742\" class=\"more-link\">Continue reading<span class=\"screen-reader-text\"> &#8220;alumni MA Novi Mediji&#8221;<\/span><\/a><\/p>\n","protected":false},"author":2,"featured_media":0,"parent":0,"menu_order":10,"comment_status":"open","ping_status":"open","template":"","meta":{"footnotes":""},"class_list":["post-1742","page","type-page","status-publish","hentry"],"_links":{"self":[{"href":"https:\/\/blog.alu.hr\/index.php?rest_route=\/wp\/v2\/pages\/1742","targetHints":{"allow":["GET"]}}],"collection":[{"href":"https:\/\/blog.alu.hr\/index.php?rest_route=\/wp\/v2\/pages"}],"about":[{"href":"https:\/\/blog.alu.hr\/index.php?rest_route=\/wp\/v2\/types\/page"}],"author":[{"embeddable":true,"href":"https:\/\/blog.alu.hr\/index.php?rest_route=\/wp\/v2\/users\/2"}],"replies":[{"embeddable":true,"href":"https:\/\/blog.alu.hr\/index.php?rest_route=%2Fwp%2Fv2%2Fcomments&post=1742"}],"version-history":[{"count":59,"href":"https:\/\/blog.alu.hr\/index.php?rest_route=\/wp\/v2\/pages\/1742\/revisions"}],"predecessor-version":[{"id":4253,"href":"https:\/\/blog.alu.hr\/index.php?rest_route=\/wp\/v2\/pages\/1742\/revisions\/4253"}],"wp:attachment":[{"href":"https:\/\/blog.alu.hr\/index.php?rest_route=%2Fwp%2Fv2%2Fmedia&parent=1742"}],"curies":[{"name":"wp","href":"https:\/\/api.w.org\/{rel}","templated":true}]}}