{"id":1590,"date":"2012-07-02T19:28:28","date_gmt":"2012-07-02T17:28:28","guid":{"rendered":"http:\/\/blog.alu.hr\/?page_id=1590"},"modified":"2024-12-01T22:24:45","modified_gmt":"2024-12-01T20:24:45","slug":"2012-2","status":"publish","type":"page","link":"https:\/\/blog.alu.hr\/?page_id=1590","title":{"rendered":"2012"},"content":{"rendered":"<p>&nbsp;<\/p>\n<p>&nbsp;<\/p>\n<p><strong><a href=\"http:\/\/ana-vuzdaric.blogspot.com\/\">Ana Vuzdari\u0107<\/a> &#8211; HERTA<\/strong><br \/>\n<a href=\"https:\/\/blog.alu.hr\/wp-content\/uploads\/2012\/07\/1.jpg\"><img loading=\"lazy\" decoding=\"async\" class=\"aligncenter size-full wp-image-1609\" title=\"1\" alt=\"1\" src=\"https:\/\/blog.alu.hr\/wp-content\/uploads\/2012\/07\/1.jpg\" width=\"620\" height=\"380\"><\/a><\/p>\n<p><a href=\"https:\/\/blog.alu.hr\/wp-content\/uploads\/2012\/07\/2.jpg\"><img loading=\"lazy\" decoding=\"async\" class=\"aligncenter size-full wp-image-1610\" title=\"2\" alt=\"2\" src=\"https:\/\/blog.alu.hr\/wp-content\/uploads\/2012\/07\/2.jpg\" width=\"620\" height=\"380\"><\/a><\/p>\n<p>Rad u nastajanju je projekt koji jo\u0161 uvijek traje i raste. Projekt se bavi prezentacijom i dramatizacijom dokumentacije koju je kustosica O prona\u0161la o Herti, glavnom liku Rada u nastajanju. Dokumentacija se sastoji od Hertinih osobnih pisama uz koja su bili prilo\u017eeni slu\u017ebeni dopisi koje je pisala po nalogu i fotografski negativi. Sveukupno je prona\u0111eno 13 pisama. Vremenski okvir u kojem se radnja odvija je od 7.VII. kada je poslano prvo pismo do 3.VIII. dana kada se Hertino tijelo u potpunosti raspalo.<\/p>\n<p>Kustosica O je tako\u0111er projekt\/persona u nastajanju i bavi se o\u017eivljavanjem zaboravljenih naracija. Projekt se kronolo\u0161ki nastavlja na predstavljanje Harriet Seldon, matemati\u010darke i osniva\u010dice psihopovijesti \u010diji je problemati\u010dan odnos sa unukom formirao dru\u0161tvenu strukturu u kojoj se danas nalazimo. Kroz prezentaciju Herte (prezime nepoznato) problematizira dihotomiju izme\u0111u jezi\u010dnog i tjelesnog, utjelovljenu u samoj Herti te istodobno daje uvid u njezine izvanjske odnose s okolinom.<\/p>\n<p>&nbsp;<\/p>\n<p>&nbsp;<\/p>\n<p><strong><br \/>\n<a href=\"https:\/\/vimeo.com\/44866308\">Leona Kadijevic<\/a><\/strong><\/p>\n<p><iframe loading=\"lazy\" src=\"http:\/\/player.vimeo.com\/video\/44866308\" height=\"281\" width=\"500\" allowfullscreen=\"\" frameborder=\"0\"><\/iframe><\/p>\n<p>&nbsp;<\/p>\n<p>&nbsp;<\/p>\n<p>&nbsp;<\/p>\n<p>&nbsp;<\/p>\n<p><strong><a href=\"http:\/\/ivanapipal.blogspot.com\/\">Ivana Pipal<\/a><\/strong><\/p>\n<p><img loading=\"lazy\" decoding=\"async\" class=\"aligncenter size-full wp-image-1629\" title=\"postav4\" alt=\"postav4\" src=\"https:\/\/blog.alu.hr\/wp-content\/uploads\/2012\/07\/postav4.jpg\" width=\"620\" height=\"380\"><\/p>\n<p><img loading=\"lazy\" decoding=\"async\" class=\"alignleft size-full wp-image-1634\" title=\"1a\" alt=\"1a\" src=\"https:\/\/blog.alu.hr\/wp-content\/uploads\/2012\/07\/1a.jpg\" width=\"360\" height=\"240\"><\/p>\n<p><img loading=\"lazy\" decoding=\"async\" class=\"alignleft size-full wp-image-1636\" title=\"1c\" alt=\"1c\" src=\"https:\/\/blog.alu.hr\/wp-content\/uploads\/2012\/07\/1c.jpg\" width=\"360\" height=\"240\"><\/p>\n<p>knji\u017eice su rezultat promi\u0161ljanja o &#8216;obi\u010dnoj&#8217; svakodnevnici na<br \/>\ndruga\u010diji na\u010din, dnevni\u010dko zabilje\u017eavanje svakodnevnice koja je<br \/>\npro\u017eivljena na na repetativan na\u010din i u kojoj je ono \u0161to je banalno<br \/>\ncentar pa\u017enje. svaka knji\u017eica je druga\u010dija, u skladu sa idejom i<br \/>\nsituacijom u kojoj je nastala.<\/p>\n<p>&nbsp;<\/p>\n<p>&nbsp;<\/p>\n<p>&nbsp;<\/p>\n<p>&nbsp;<\/p>\n<p>&nbsp;<\/p>\n<p>&nbsp;<\/p>\n<p>&nbsp;<\/p>\n<p>&nbsp;<\/p>\n<p>&nbsp;<\/p>\n<p>&nbsp;<\/p>\n<p>&nbsp;<\/p>\n<p>&nbsp;<\/p>\n<p>&nbsp;<\/p>\n<p>&nbsp;<\/p>\n<p>&nbsp;<\/p>\n<p>&nbsp;<\/p>\n<p>&nbsp;<\/p>\n<p>&nbsp;<\/p>\n<p>&nbsp;<\/p>\n<p><strong><a href=\"https:\/\/vimeo.com\/43852300\">Sara Divjak<\/a><\/strong><br \/>\n&nbsp;<br \/>\n&nbsp;<br \/>\n<iframe loading=\"lazy\" src=\"http:\/\/player.vimeo.com\/video\/43852300\" height=\"281\" width=\"500\" allowfullscreen=\"\" frameborder=\"0\"><\/iframe><\/p>\n<p>&#8220;Oseka&#8221; se bavi nelagodom proiza\u0161lom iz sukoba sa situacijama koje uzdrmavaju<br \/>\nmir rutinskog \u017eivota te poku\u0161ajima da se pobjegne od uznemiruju\u0107eg.<br \/>\nBeskorisnost slijepog bijega se odra\u017eava u ponovnoj zapetljanosti u tek drugu vrstu<br \/>\notupljuju\u0107e rutine \u010dije su ugodnost i sigurnost podebljane besvrhovito\u0161\u0107u.<\/p>\n<p>&nbsp;<\/p>\n<p>&nbsp;<\/p>\n<p>&nbsp;<\/p>\n<p>&nbsp;<\/p>\n<p><strong>Matija Djanje\u0161i\u0107<\/strong><\/p>\n<p><iframe loading=\"lazy\" src=\"http:\/\/player.vimeo.com\/video\/45099807\" height=\"400\" width=\"500\" allowfullscreen=\"\" frameborder=\"0\"><\/iframe><br \/>\n&nbsp;<br \/>\n&nbsp;<br \/>\n&nbsp;<\/p>\n","protected":false},"excerpt":{"rendered":"<p>&nbsp; &nbsp; Ana Vuzdari\u0107 &#8211; HERTA Rad u nastajanju je projekt koji jo\u0161 uvijek traje i raste. Projekt se bavi prezentacijom i dramatizacijom dokumentacije koju je kustosica O prona\u0161la o Herti, glavnom liku Rada u nastajanju. Dokumentacija se sastoji od Hertinih osobnih pisama uz koja su bili prilo\u017eeni slu\u017ebeni dopisi koje je pisala po nalogu &hellip; <a href=\"https:\/\/blog.alu.hr\/?page_id=1590\" class=\"more-link\">Continue reading<span class=\"screen-reader-text\"> &#8220;2012&#8221;<\/span><\/a><\/p>\n","protected":false},"author":2,"featured_media":0,"parent":19,"menu_order":16,"comment_status":"open","ping_status":"closed","template":"","meta":{"footnotes":""},"class_list":["post-1590","page","type-page","status-publish","hentry"],"_links":{"self":[{"href":"https:\/\/blog.alu.hr\/index.php?rest_route=\/wp\/v2\/pages\/1590","targetHints":{"allow":["GET"]}}],"collection":[{"href":"https:\/\/blog.alu.hr\/index.php?rest_route=\/wp\/v2\/pages"}],"about":[{"href":"https:\/\/blog.alu.hr\/index.php?rest_route=\/wp\/v2\/types\/page"}],"author":[{"embeddable":true,"href":"https:\/\/blog.alu.hr\/index.php?rest_route=\/wp\/v2\/users\/2"}],"replies":[{"embeddable":true,"href":"https:\/\/blog.alu.hr\/index.php?rest_route=%2Fwp%2Fv2%2Fcomments&post=1590"}],"version-history":[{"count":53,"href":"https:\/\/blog.alu.hr\/index.php?rest_route=\/wp\/v2\/pages\/1590\/revisions"}],"predecessor-version":[{"id":3059,"href":"https:\/\/blog.alu.hr\/index.php?rest_route=\/wp\/v2\/pages\/1590\/revisions\/3059"}],"up":[{"embeddable":true,"href":"https:\/\/blog.alu.hr\/index.php?rest_route=\/wp\/v2\/pages\/19"}],"wp:attachment":[{"href":"https:\/\/blog.alu.hr\/index.php?rest_route=%2Fwp%2Fv2%2Fmedia&parent=1590"}],"curies":[{"name":"wp","href":"https:\/\/api.w.org\/{rel}","templated":true}]}}