{"id":15,"date":"2009-05-10T20:30:58","date_gmt":"2009-05-10T18:30:58","guid":{"rendered":"http:\/\/blog.alu.hr\/?page_id=15"},"modified":"2024-12-01T22:04:30","modified_gmt":"2024-12-01T20:04:30","slug":"dodiplomski","status":"publish","type":"page","link":"https:\/\/blog.alu.hr\/?page_id=15","title":{"rendered":"prijediplomski studij"},"content":{"rendered":"\n<div style=\"height:35px\" aria-hidden=\"true\" class=\"wp-block-spacer\"><\/div>\n\n\n\n<p class=\"has-light-green-cyan-color has-text-color has-medium-font-size\"><strong>Prijediplomski studij <\/strong> <strong>Novi mediji<\/strong><\/p>\n\n\n\n<p class=\"has-light-green-cyan-color has-text-color has-medium-font-size\"><\/p>\n\n\n<div class=\"wp-block-image wp-block-image alignleft size-large is-resized\">\n<figure class=\"\"><img loading=\"lazy\" decoding=\"async\" width=\"768\" height=\"1024\" src=\"https:\/\/blog.alu.hr\/wp-content\/uploads\/2023\/09\/IMG_7717-768x1024.jpg\" alt=\"\" class=\"wp-image-4073\" srcset=\"https:\/\/blog.alu.hr\/wp-content\/uploads\/2023\/09\/IMG_7717-768x1024.jpg 768w, https:\/\/blog.alu.hr\/wp-content\/uploads\/2023\/09\/IMG_7717-225x300.jpg 225w, https:\/\/blog.alu.hr\/wp-content\/uploads\/2023\/09\/IMG_7717-1152x1536.jpg 1152w, https:\/\/blog.alu.hr\/wp-content\/uploads\/2023\/09\/IMG_7717-1536x2048.jpg 1536w, https:\/\/blog.alu.hr\/wp-content\/uploads\/2023\/09\/IMG_7717-scaled.jpg 1920w\" sizes=\"auto, (max-width: 768px) 85vw, 768px\" \/><figcaption class=\"wp-element-caption\"><strong>Rene Hazulin<\/strong><\/figcaption><\/figure><\/div>\n\n\n<div style=\"height:20px\" aria-hidden=\"true\" class=\"wp-block-spacer\"><\/div>\n\n\n\n<p class=\"has-normal-font-size\"><strong>Trajanje tri godine (6 semestara)<\/strong><\/p>\n\n\n\n<p class=\"has-normal-font-size\"><strong> 180 ECTS bodova<\/strong><\/p>\n\n\n\n<div style=\"height:20px\" aria-hidden=\"true\" class=\"wp-block-spacer\"><\/div>\n\n\n\n<p class=\"has-normal-font-size\"><\/p>\n\n\n\n<div style=\"height:0px\" aria-hidden=\"true\" class=\"wp-block-spacer\"><\/div>\n\n\n\n<p class=\"has-light-green-cyan-color has-text-color has-link-color has-medium-font-size wp-elements-8a6014b2c3441c303ed3e9b3f1530830\"><strong>1.godina<\/strong><\/p>\n\n\n\n<p>Na prvoj godini studij pru\u017ea osnovna znanja iz glavnih stru\u010dnih predmeta \u2013&nbsp; nove umjetni\u010dke prakse, mutimedijska i multidisciplinarna umjetnost, tehnologija novih medija, slike u pokretu i prostoru i crtanje. Nastava se provodi na na\u010din da studenti_ce biraju izme\u0111u ponu\u0111enih tema na temelju kojih razvijaju vlastiti projekt. Odgovaraju\u0107i na zadane teme, stje\u010du vje\u0161tine kori\u0161tenja kamere, monta\u017ee, pristupa zvuku i fotografiji dok istovremeno razvijaju mogu\u0107nost kriti\u010dkog razmi\u0161ljanja o vlastitom i tu\u0111em radu. Grupnom analizom izvr\u0161enih zadataka studenti_ce ve\u0107 od prve godine studija ste\u0107i \u0107e vje\u0161tine artikuliranja vlastitih postupaka i komentiranja svojih radova i radova kolega_ica.<\/p>\n\n\n\n<div style=\"height:30px\" aria-hidden=\"true\" class=\"wp-block-spacer\"><\/div>\n\n\n\n<p><strong>Glavni predmeti:&nbsp;<\/strong><\/p>\n\n\n\n<ul class=\"wp-block-list\">\n<li>Nove umjetni\u010dke prakse \/ Multimedijska i multidisciplinarna umjetnost&nbsp;<\/li>\n\n\n\n<li>Slike u pokretu \/ Slike u prostoru&nbsp;&nbsp;<\/li>\n\n\n\n<li>Tehnologije novih medija&nbsp;&nbsp;<\/li>\n\n\n\n<li>Projekt&nbsp;<\/li>\n\n\n\n<li>Crtanje akta&nbsp;&nbsp;<\/li>\n<\/ul>\n\n\n\n<div style=\"height:37px\" aria-hidden=\"true\" class=\"wp-block-spacer\"><\/div>\n\n\n\n<p class=\"has-light-green-cyan-color has-text-color has-link-color has-medium-font-size wp-elements-6f0c20df136e56ed3bd0084eb77e49c2\"><strong>2. godina&nbsp;<\/strong><\/p>\n\n\n\n<p>Tijekom druge godine odre\u0111eni predmeti spajaju se u tematske projektne cjeline pri \u010demu studenti_ce reagiraju na dru\u0161tvo i prostor oko sebe: kroz teksture, materijale, kretanje, tekst, zvuk i sl. Kroz niz zadataka studenti_ce osvje\u0161tavaju vanjski i negalerijski prostor kao prostor rada, istra\u017eivanja i inspiracije, usmjerava ih se na razmi\u0161ljanje o sustavu umjetnosti, poziciji autora, gledatelja i publike. Prakti\u010dne teme pra\u0107ene su \u010ditanjem i diskusijom teorijske literature.<\/p>\n\n\n\n<p>Projekti se realiziraju u suradnji s nositeljima_icama obaveznih predmeta i vanjskim stru\u010dnim i umjetni\u010dkim suradnicima_ama i institucijama. Rezultati se izla\u017eu i diskutiraju u grupnim seminarima. Nastava se odvija kroz predavanja, grupni rad, mentoriranja, individualne konzultacije i seminare. Naglasak je na kreativnosti i kontekstualizaciji vlastitog rada. Sva znanja studenti_ce sti\u010du kroz rad na vlastitim projektima.&nbsp;<\/p>\n\n\n\n<p>Na kraju druge godine, studenti_ce \u0107e svladati osnovna prakti\u010dna i teoretska znanja koja im omogu\u0107uju da tijekom tre\u0107e godine studija mogu samostalnije kreirati i kontekstualizirati vlastite projekte, odnosno zavr\u0161ne radove.<\/p>\n\n\n\n<div style=\"height:35px\" aria-hidden=\"true\" class=\"wp-block-spacer\"><\/div>\n\n\n\n<p><strong>Glavni predmeti:&nbsp;<\/strong><\/p>\n\n\n\n<ul class=\"wp-block-list\">\n<li>Povijest eksperimentalnog filma i videa&nbsp; &nbsp;<\/li>\n\n\n\n<li>Nove umjetni\u010dke prakse&nbsp;<\/li>\n\n\n\n<li>Tehnologije novih medija&nbsp;<\/li>\n\n\n\n<li>Teorija filma&nbsp;&nbsp;&nbsp;&nbsp;&nbsp;&nbsp;&nbsp;&nbsp;&nbsp;&nbsp;&nbsp;&nbsp;&nbsp;&nbsp;&nbsp;&nbsp;&nbsp;&nbsp;&nbsp;&nbsp;&nbsp;&nbsp;<\/li>\n\n\n\n<li>Projekt 3&nbsp;<\/li>\n\n\n\n<li>Crtanje akta&nbsp;<\/li>\n\n\n\n<li>Kiparstvo&nbsp;<\/li>\n<\/ul>\n\n\n\n<div style=\"height:47px\" aria-hidden=\"true\" class=\"wp-block-spacer\"><\/div>\n\n\n\n<p class=\"has-light-green-cyan-color has-text-color has-link-color has-medium-font-size wp-elements-16b3fb9d3bf6377aac52e630d1cdc255\"><strong>3. godina&nbsp;<\/strong><\/p>\n\n\n\n<p>Na tre\u0107oj godini studenti_ce razvijaju svoje autorske projekte u bilo kojem mediju. Uklju\u010duju se u projekte odsjeka, ali se od njih i o\u010dekuje da sami organiziraju aktivnosti unutar i izvan odsjeka, da samoinicijativno odr\u017eavaju izlo\u017ebe, projekcije, seminare. Najmanje jednom semestralno studenti_ce predstavljaju svoj rad i svoj umjetni\u010dko-istra\u017eiva\u010dki projekt kolegama_icama. Kroz seminare i projekte stje\u010du se kompetencije kriti\u010dkog sagledavanja svojeg i tu\u0111eg rada te sposobnost artikulacije i kontekstualizacije vlastite prakse. Studij zavr\u0161ava realizacijom i prezentacijom zaokru\u017eenog samostalnog projekta.<\/p>\n\n\n\n<div style=\"height:27px\" aria-hidden=\"true\" class=\"wp-block-spacer\"><\/div>\n\n\n\n<p>Glavni predmeti:<\/p>\n\n\n\n<ul class=\"wp-block-list\">\n<li>Nove umjetni\u010dke prakse<\/li>\n\n\n\n<li>Multimedijska i multidisciplinarna umjetnost&nbsp;<\/li>\n\n\n\n<li>Pokretne slike<\/li>\n\n\n\n<li>Pro\u0161ireni mediji<\/li>\n\n\n\n<li>Projekt&nbsp;<\/li>\n\n\n\n<li>Sonologija&nbsp;<\/li>\n<\/ul>\n\n\n\n<p>U drugom semestru tre\u0107e godine naglasak je na zavr\u0161nom radu:<\/p>\n\n\n\n<ul class=\"wp-block-list\">\n<li>Realizacija zavr\u0161nog rada<\/li>\n\n\n\n<li>Multimedijska i multidisciplinarna umjetnost&nbsp;<\/li>\n\n\n\n<li>Nove umjetni\u010dke prakse<\/li>\n\n\n\n<li>Sonologija<\/li>\n<\/ul>\n\n\n\n<p>Na kraju studija studenti_ce \u0107e mo\u0107i samostalno snimati i montirati sliku i zvuk, postaviti multimedijsku instalaciju, poznavati tehnike analogne i digitalne fotografije, realizirati zvu\u010dni ili performativni rad, zatim usmeno i pismeno kontekstualizirati i artikulirati svoje ideje, radove i metodologiju.<\/p>\n\n\n\n<div style=\"height:38px\" aria-hidden=\"true\" class=\"wp-block-spacer\"><\/div>\n\n\n\n<p class=\"has-light-green-cyan-color has-text-color has-link-color has-medium-font-size wp-elements-2c86ef263277f7d0320bc1a9cc7bad0c\"><strong>Povijest i teorija umjetnosti<\/strong><\/p>\n\n\n\n<p>Od prve godine, kroz glavne umjetni\u010dke i teoretske predmete, studenti_ce razvijaju svoja znanja i razumijevanje povijesti i teorija umjetnosti. Na odsjeku dr\u017eimo da postoje mnoge povijesti umjetnosti te nastojimo uklju\u010diti \u0161to vi\u0161e planetarne povijesti i teorije umjetnosti, a ne samo evropske.<\/p>\n\n\n\n<p>Studenti_ce tijekom studija postepeno razvijaju vje\u0161tine samostalnog istra\u017eivanja. Kroz vje\u017ebe i radionice pisanja poti\u010demo studente_ice da istra\u017ee vlastiti glas (i rukopis). Ova znanja i istra\u017eivanja poti\u010du kriti\u010dku svijest i razmi\u0161ljanje koje podr\u017eava i njihov prakti\u010dni rad.<\/p>\n\n\n\n<p>Na prvoj godini tekstovi i zadaci usko su vezani uz projektne teme, na drugoj godini uvodimo klju\u010dne teoretske tekstove i diskurse, dok na tre\u0107oj godini studenti_ce prolaze kroz teme poput dekolonijalizma, antropocena, orijentalizma, feminizma, novog materijalizma, animizma, rodnih studija itd. Ovakav pristup omogu\u0107uje studenti_cama da kontekstualiziraju svoju praksu te da aktivno sudjeluju u raspravama oko toga tko, \u0161to i kako stvaramo suvremenu umjetnost, kako i za koga ju interpretiramo, predstavljamo i distribuiramo.<\/p>\n\n\n\n<p>Na kraju studija, studenti_ce uz prakti\u010dni zavr\u0161ni rad, pi\u0161u tekst. Pisanim radom poti\u010demo kreativne i eksperimentalne metode istra\u017eivanja i razvijanja vlastite teme i glasa. Kroz predavanja, seminare, grupnu evaluaciju i kritiku (kritove), radionice analiti\u010dkog i kreativnog pisanja studenti_ce razvijaju svoje intelektualne kapacitete, imaginaciju i samopovjerenje u kori\u0161tenju rije\u010di i slika.<\/p>\n\n\n\n<p>Uz povijest i teoriju koju nudi Odsjek za Nove medije studenti_ce slu\u0161aju predavanja teoretske katedre te stje\u010du znanja iz povijesti umjetnosti i drugih teorijskih predmeta, a omogu\u0107en im je i odabir izbornih kolegija.<\/p>\n\n\n\n<p>Nakon zavr\u0161enog prijediplomskog studija stje\u010de se akademski naziv sveu\u010dili\u0161ni_a prvostupnik_ca (baccalaureus\/baccalaurea) novih medija.<\/p>\n\n\n\n<div style=\"height:100px\" aria-hidden=\"true\" class=\"wp-block-spacer\"><\/div>\n\n\n\n<div style=\"height:43px\" aria-hidden=\"true\" class=\"wp-block-spacer\"><\/div>\n\n\n\n<p class=\"has-medium-font-size\"><\/p>\n\n\n\n<p class=\"has-medium-font-size\"><\/p>\n","protected":false},"excerpt":{"rendered":"<p>Prijediplomski studij Novi mediji Trajanje tri godine (6 semestara) 180 ECTS bodova 1.godina Na prvoj godini studij pru\u017ea osnovna znanja iz glavnih stru\u010dnih predmeta \u2013&nbsp; nove umjetni\u010dke prakse, mutimedijska i multidisciplinarna umjetnost, tehnologija novih medija, slike u pokretu i prostoru i crtanje. Nastava se provodi na na\u010din da studenti_ce biraju izme\u0111u ponu\u0111enih tema na temelju &hellip; <a href=\"https:\/\/blog.alu.hr\/?page_id=15\" class=\"more-link\">Continue reading<span class=\"screen-reader-text\"> &#8220;prijediplomski studij&#8221;<\/span><\/a><\/p>\n","protected":false},"author":2,"featured_media":0,"parent":0,"menu_order":3,"comment_status":"closed","ping_status":"closed","template":"","meta":{"footnotes":""},"class_list":["post-15","page","type-page","status-publish","hentry"],"_links":{"self":[{"href":"https:\/\/blog.alu.hr\/index.php?rest_route=\/wp\/v2\/pages\/15","targetHints":{"allow":["GET"]}}],"collection":[{"href":"https:\/\/blog.alu.hr\/index.php?rest_route=\/wp\/v2\/pages"}],"about":[{"href":"https:\/\/blog.alu.hr\/index.php?rest_route=\/wp\/v2\/types\/page"}],"author":[{"embeddable":true,"href":"https:\/\/blog.alu.hr\/index.php?rest_route=\/wp\/v2\/users\/2"}],"replies":[{"embeddable":true,"href":"https:\/\/blog.alu.hr\/index.php?rest_route=%2Fwp%2Fv2%2Fcomments&post=15"}],"version-history":[{"count":131,"href":"https:\/\/blog.alu.hr\/index.php?rest_route=\/wp\/v2\/pages\/15\/revisions"}],"predecessor-version":[{"id":4925,"href":"https:\/\/blog.alu.hr\/index.php?rest_route=\/wp\/v2\/pages\/15\/revisions\/4925"}],"wp:attachment":[{"href":"https:\/\/blog.alu.hr\/index.php?rest_route=%2Fwp%2Fv2%2Fmedia&parent=15"}],"curies":[{"name":"wp","href":"https:\/\/api.w.org\/{rel}","templated":true}]}}