{"id":1423,"date":"2012-05-11T19:54:23","date_gmt":"2012-05-11T17:54:23","guid":{"rendered":"http:\/\/blog.alu.hr\/?page_id=1423"},"modified":"2024-12-01T22:24:18","modified_gmt":"2024-12-01T20:24:18","slug":"2011-2","status":"publish","type":"page","link":"https:\/\/blog.alu.hr\/?page_id=1423","title":{"rendered":"2011"},"content":{"rendered":"<p><strong>Antonija Velja\u010di\u0107<\/strong><\/p>\n<p><iframe loading=\"lazy\" src=\"http:\/\/player.vimeo.com\/video\/42066882\" width=\"500\" height=\"275\" frameborder=\"0\" webkitAllowFullScreen mozallowfullscreen allowFullScreen><\/iframe><br \/>\n<br \/>\nAnimirana pri\u010da prema stvarnom doga\u0111aju. Pri\u010da je to o grupi mladi\u0107a jednog novozagreba\u010dkog naselja kojima se obi\u010dna proslava ro\u0111endana pretvorila u zanimljiv provod.<\/p>\n<p><strong>Martin Babi\u0107<\/strong><\/p>\n<p><a href=\"https:\/\/blog.alu.hr\/wp-content\/uploads\/2012\/05\/mbabiczavrsni_2011.jpg\"><img loading=\"lazy\" decoding=\"async\" src=\"https:\/\/blog.alu.hr\/wp-content\/uploads\/2012\/05\/mbabiczavrsni_2011.jpg\" alt=\"mbabiczavrsni_2011\" title=\"mbabiczavrsni_2011\" width=\"500\" height=\"275\" class=\"aligncenter size-full wp-image-1455\" \/><\/a><\/p>\n<p><a href=\"https:\/\/blog.alu.hr\/wp-content\/uploads\/2012\/05\/m_babic.jpg\"><img loading=\"lazy\" decoding=\"async\" src=\"https:\/\/blog.alu.hr\/wp-content\/uploads\/2012\/05\/m_babic.jpg\" alt=\"m_babic\" title=\"m_babic\" width=\"500\" height=\"275\" class=\"aligncenter size-full wp-image-1456\" \/><\/a><\/p>\n<p>Dva stara prijatelja se susre\u0107u nakon mnogo vremena u istom trenutku kada se na svemirskom brodu odr\u017eavaju va\u017eni mirovni pregovori, ali jedna od strana nije zainteresirana za mir!<br \/>\n<br \/>\n<a href=\"http:\/\/www.youtube.com\/watch?v=r1cst3PDC8E\">http:\/\/www.youtube.com\/watch?v=r1cst3PDC8E<\/a><\/p>\n<p><strong>Vanja Babi\u0107<\/strong><\/p>\n<p><a href=\"https:\/\/blog.alu.hr\/wp-content\/uploads\/2012\/05\/vanjab21.jpg\"><img loading=\"lazy\" decoding=\"async\" src=\"https:\/\/blog.alu.hr\/wp-content\/uploads\/2012\/05\/vanjab21.jpg\" alt=\"vanjab21\" title=\"vanjab21\" width=\"500\" height=\"300\" class=\"aligncenter size-full wp-image-1437\" \/><\/a><\/p>\n<p><a href=\"https:\/\/blog.alu.hr\/wp-content\/uploads\/2012\/05\/vanjab1.jpg\"><img loading=\"lazy\" decoding=\"async\" src=\"https:\/\/blog.alu.hr\/wp-content\/uploads\/2012\/05\/vanjab1.jpg\" alt=\"vanjab1\" title=\"vanjab1\" width=\"500\" height=\"300\" class=\"aligncenter size-full wp-image-1435\" \/><\/a><\/p>\n<p><a href=\"https:\/\/blog.alu.hr\/wp-content\/uploads\/2012\/05\/vanjab.jpg\"><img loading=\"lazy\" decoding=\"async\" src=\"https:\/\/blog.alu.hr\/wp-content\/uploads\/2012\/05\/vanjab.jpg\" alt=\"vanjab\" title=\"vanjab\" width=\"500\" height=\"300\" class=\"aligncenter size-full wp-image-1438\" \/><\/a><br \/>\n<br \/>\nIma ih u tramvajima, djele ih na ulicama, zataknuti su za brisa\u0107e na automobilima.Ve\u0107ina tih papiri\u0107a reklamira kredite. Oni su jednostavnog dizajna i upe\u010datljivih, \u017earkih boja. Njihova koli\u010dina ih \u010dini nemogu\u0107ima za nezamijetiti, a promoviraju uslugu koja je nepovoljna za korisnika, ujedno stvaraju\u0107i vizualno zaga\u0111enje.<br \/>\nIskori\u0161tavaju javni prostor na napadan i drzak na\u010din u dru\u0161tvu neima\u0161tine i materijalne nesigurnosti, gdje su gotovo svi optere\u010deni nekom vrstom kredita ili duga \u2013 reklamiranje istih \u010dini se neprimjereno, time to postaje \u010dak i okrutno poigravanje naivnim stanovni\u0161tvom.<br \/>\nRad  proispituje tu problematiku, na\u010din djelovanja i funkcioniranja tih letaka Poigravanjem s aspektom dizajna i likovnosti ali i tehnikom distribucije. Micanjem tekstualnog sadr\u017eaja, poku\u0161ao sam od ne\u010dega \u0161to je shva\u0107eno kao ru\u017eno i napadno stvoriti ne\u0161to lijepo i suptilno.<\/p>\n<p>Jelena Oroz<br \/>\n<\/p>\n<p><iframe loading=\"lazy\" src=\"http:\/\/player.vimeo.com\/video\/42067463\" width=\"500\" height=\"275\" frameborder=\"0\" webkitAllowFullScreen mozallowfullscreen allowFullScreen><\/iframe><\/p>\n<p>Anton Sveti\u010d<br \/>\n<br \/>\n<iframe loading=\"lazy\" width=\"420\" height=\"315\" src=\"http:\/\/www.youtube.com\/embed\/txVMfmP00lw\" frameborder=\"0\" allowfullscreen><\/iframe><\/p>\n","protected":false},"excerpt":{"rendered":"<p>Antonija Velja\u010di\u0107 Animirana pri\u010da prema stvarnom doga\u0111aju. Pri\u010da je to o grupi mladi\u0107a jednog novozagreba\u010dkog naselja kojima se obi\u010dna proslava ro\u0111endana pretvorila u zanimljiv provod. Martin Babi\u0107 Dva stara prijatelja se susre\u0107u nakon mnogo vremena u istom trenutku kada se na svemirskom brodu odr\u017eavaju va\u017eni mirovni pregovori, ali jedna od strana nije zainteresirana za mir! &hellip; <a href=\"https:\/\/blog.alu.hr\/?page_id=1423\" class=\"more-link\">Continue reading<span class=\"screen-reader-text\"> &#8220;2011&#8221;<\/span><\/a><\/p>\n","protected":false},"author":2,"featured_media":0,"parent":19,"menu_order":17,"comment_status":"open","ping_status":"closed","template":"","meta":{"footnotes":""},"class_list":["post-1423","page","type-page","status-publish","hentry"],"_links":{"self":[{"href":"https:\/\/blog.alu.hr\/index.php?rest_route=\/wp\/v2\/pages\/1423","targetHints":{"allow":["GET"]}}],"collection":[{"href":"https:\/\/blog.alu.hr\/index.php?rest_route=\/wp\/v2\/pages"}],"about":[{"href":"https:\/\/blog.alu.hr\/index.php?rest_route=\/wp\/v2\/types\/page"}],"author":[{"embeddable":true,"href":"https:\/\/blog.alu.hr\/index.php?rest_route=\/wp\/v2\/users\/2"}],"replies":[{"embeddable":true,"href":"https:\/\/blog.alu.hr\/index.php?rest_route=%2Fwp%2Fv2%2Fcomments&post=1423"}],"version-history":[{"count":41,"href":"https:\/\/blog.alu.hr\/index.php?rest_route=\/wp\/v2\/pages\/1423\/revisions"}],"predecessor-version":[{"id":1816,"href":"https:\/\/blog.alu.hr\/index.php?rest_route=\/wp\/v2\/pages\/1423\/revisions\/1816"}],"up":[{"embeddable":true,"href":"https:\/\/blog.alu.hr\/index.php?rest_route=\/wp\/v2\/pages\/19"}],"wp:attachment":[{"href":"https:\/\/blog.alu.hr\/index.php?rest_route=%2Fwp%2Fv2%2Fmedia&parent=1423"}],"curies":[{"name":"wp","href":"https:\/\/api.w.org\/{rel}","templated":true}]}}