{"id":1403,"date":"2012-05-11T19:31:28","date_gmt":"2012-05-11T17:31:28","guid":{"rendered":"http:\/\/blog.alu.hr\/?page_id=1403"},"modified":"2023-12-10T16:40:03","modified_gmt":"2023-12-10T14:40:03","slug":"2010-2","status":"publish","type":"page","link":"https:\/\/blog.alu.hr\/?page_id=1403","title":{"rendered":"2010"},"content":{"rendered":"\n<div style=\"height:100px\" aria-hidden=\"true\" class=\"wp-block-spacer\"><\/div>\n\n\n\n<h1 class=\"wp-block-heading\"><a href=\"http:\/\/dinaroncevic.blogspot.com\/\"><strong>Dina Ron\u010devi\u0107<\/strong><\/a><\/h1>\n\n\n<div class=\"wp-block-image\">\n<figure class=\"aligncenter\"><a href=\"https:\/\/blog.alu.hr\/wp-content\/uploads\/2012\/05\/dinadipl7.jpg\"><img loading=\"lazy\" decoding=\"async\" width=\"850\" height=\"603\" src=\"https:\/\/blog.alu.hr\/wp-content\/uploads\/2012\/05\/dinadipl7.jpg\" alt=\"dinadipl7\" class=\"wp-image-1416\" title=\"dinadipl7\"\/><\/a><\/figure><\/div>\n\n<div class=\"wp-block-image\">\n<figure class=\"aligncenter\"><a href=\"https:\/\/blog.alu.hr\/wp-content\/uploads\/2012\/05\/dina3.jpg\"><img loading=\"lazy\" decoding=\"async\" width=\"850\" height=\"638\" src=\"https:\/\/blog.alu.hr\/wp-content\/uploads\/2012\/05\/dina3.jpg\" alt=\"dina3\" class=\"wp-image-1417\" title=\"dina3\"\/><\/a><\/figure><\/div>\n\n<div class=\"wp-block-image\">\n<figure class=\"aligncenter\"><a href=\"https:\/\/blog.alu.hr\/wp-content\/uploads\/2012\/05\/dinadipl6.jpg\"><img loading=\"lazy\" decoding=\"async\" width=\"850\" height=\"603\" src=\"https:\/\/blog.alu.hr\/wp-content\/uploads\/2012\/05\/dinadipl6.jpg\" alt=\"dinadipl6\" class=\"wp-image-1418\" title=\"dinadipl6\"\/><\/a><\/figure><\/div>\n\n\n<p>SUCK SQUEEZE BANG BLOW je procesualni intermedijski umjetni\u010dko istra\u017eiva\u010dki projekt realiziran u radzoblju 2007 \u2013 2010g.<\/p>\n\n\n\n<p>Cilj projekta jest prije svega postaviti pitanja o zna\u010denju pojma umjetnosti danas, istra\u017eiti zna\u010denje pojma medija, umjetni\u010dkog procesa te uzajamne relacije izme\u0111u umjetni\u010dkog \u010dina i \u017eivljene stvarnosti.<\/p>\n\n\n\n<p>Projekt tako\u0111er dekonstruira kategorije identiteta, konkretno, pitanja rodnih i klasnih uloga. Temelj radu \u010dini moja odluka da po zavr\u0161etku studija animacije i novih medija na Akademiji Likovnih Umjetnosti u Zagrebu zapo\u010dnem proces prekvalifikacije, odnosno, upi\u0161em srednju \u0161kolu za automehani\u010dara i pritom dobijem, sukladno zakonu o ravnopravnosti spolova, va\u017ee\u0107em od 2008g., zavr\u0161nu svjedod\u017ebu u kojoj je naziv mog zanimanja napisan u \u017eenskom rodu.<\/p>\n\n\n\n<div style=\"height:100px\" aria-hidden=\"true\" class=\"wp-block-spacer\"><\/div>\n\n\n\n<p><strong><a href=\"https:\/\/nivessertic.com\/\">Nives Serti\u0107<\/a><\/strong><\/p>\n\n\n\n<div style=\"height:100px\" aria-hidden=\"true\" class=\"wp-block-spacer\"><\/div>\n\n\n\n<div style=\"height:100px\" aria-hidden=\"true\" class=\"wp-block-spacer\"><\/div>\n\n\n\n<p><strong>Matea \u0160abi\u0107<\/strong><\/p>\n\n\n\n<figure class=\"wp-block-image size-full is-resized\"><a href=\"https:\/\/blog.alu.hr\/wp-content\/uploads\/2023\/12\/image.png\"><img loading=\"lazy\" decoding=\"async\" src=\"https:\/\/blog.alu.hr\/wp-content\/uploads\/2023\/12\/image.png\" alt=\"\" class=\"wp-image-4450\" width=\"361\" height=\"361\" srcset=\"https:\/\/blog.alu.hr\/wp-content\/uploads\/2023\/12\/image.png 176w, https:\/\/blog.alu.hr\/wp-content\/uploads\/2023\/12\/image-150x150.png 150w\" sizes=\"auto, (max-width: 361px) 85vw, 361px\" \/><\/a><\/figure>\n\n\n\n<div style=\"height:207px\" aria-hidden=\"true\" class=\"wp-block-spacer\"><\/div>\n","protected":false},"excerpt":{"rendered":"<p>Dina Ron\u010devi\u0107 SUCK SQUEEZE BANG BLOW je procesualni intermedijski umjetni\u010dko istra\u017eiva\u010dki projekt realiziran u radzoblju 2007 \u2013 2010g. Cilj projekta jest prije svega postaviti pitanja o zna\u010denju pojma umjetnosti danas, istra\u017eiti zna\u010denje pojma medija, umjetni\u010dkog procesa te uzajamne relacije izme\u0111u umjetni\u010dkog \u010dina i \u017eivljene stvarnosti. Projekt tako\u0111er dekonstruira kategorije identiteta, konkretno, pitanja rodnih i klasnih &hellip; <a href=\"https:\/\/blog.alu.hr\/?page_id=1403\" class=\"more-link\">Continue reading<span class=\"screen-reader-text\"> &#8220;2010&#8221;<\/span><\/a><\/p>\n","protected":false},"author":2,"featured_media":0,"parent":526,"menu_order":15,"comment_status":"open","ping_status":"closed","template":"","meta":{"footnotes":""},"class_list":["post-1403","page","type-page","status-publish","hentry"],"_links":{"self":[{"href":"https:\/\/blog.alu.hr\/index.php?rest_route=\/wp\/v2\/pages\/1403","targetHints":{"allow":["GET"]}}],"collection":[{"href":"https:\/\/blog.alu.hr\/index.php?rest_route=\/wp\/v2\/pages"}],"about":[{"href":"https:\/\/blog.alu.hr\/index.php?rest_route=\/wp\/v2\/types\/page"}],"author":[{"embeddable":true,"href":"https:\/\/blog.alu.hr\/index.php?rest_route=\/wp\/v2\/users\/2"}],"replies":[{"embeddable":true,"href":"https:\/\/blog.alu.hr\/index.php?rest_route=%2Fwp%2Fv2%2Fcomments&post=1403"}],"version-history":[{"count":27,"href":"https:\/\/blog.alu.hr\/index.php?rest_route=\/wp\/v2\/pages\/1403\/revisions"}],"predecessor-version":[{"id":4562,"href":"https:\/\/blog.alu.hr\/index.php?rest_route=\/wp\/v2\/pages\/1403\/revisions\/4562"}],"up":[{"embeddable":true,"href":"https:\/\/blog.alu.hr\/index.php?rest_route=\/wp\/v2\/pages\/526"}],"wp:attachment":[{"href":"https:\/\/blog.alu.hr\/index.php?rest_route=%2Fwp%2Fv2%2Fmedia&parent=1403"}],"curies":[{"name":"wp","href":"https:\/\/api.w.org\/{rel}","templated":true}]}}