{"id":1344,"date":"2012-05-09T18:37:26","date_gmt":"2012-05-09T16:37:26","guid":{"rendered":"http:\/\/blog.alu.hr\/?page_id=1344"},"modified":"2024-05-10T14:28:54","modified_gmt":"2024-05-10T12:28:54","slug":"2012-2-2","status":"publish","type":"page","link":"https:\/\/blog.alu.hr\/?page_id=1344","title":{"rendered":"2012"},"content":{"rendered":"\n<div style=\"height:100px\" aria-hidden=\"true\" class=\"wp-block-spacer\"><\/div>\n\n\n\n<p><strong>Vida Guzmi\u0107<\/strong><\/p>\n\n\n<div class=\"wp-block-image\">\n<figure class=\"aligncenter\"><a href=\"https:\/\/blog.alu.hr\/wp-content\/uploads\/2012\/05\/img_5597.jpg\"><img loading=\"lazy\" decoding=\"async\" width=\"3456\" height=\"2304\" src=\"https:\/\/blog.alu.hr\/wp-content\/uploads\/2012\/05\/img_5597.jpg\" alt=\"img_5597\" class=\"wp-image-1585\" title=\"img_5597\"\/><\/a><\/figure><\/div>\n\n<div class=\"wp-block-image\">\n<figure class=\"aligncenter\"><a href=\"https:\/\/blog.alu.hr\/wp-content\/uploads\/2012\/05\/img_56191.jpg\"><img loading=\"lazy\" decoding=\"async\" width=\"3456\" height=\"2304\" src=\"https:\/\/blog.alu.hr\/wp-content\/uploads\/2012\/05\/img_56191.jpg\" alt=\"img_56191\" class=\"wp-image-1586\" title=\"img_56191\"\/><\/a><\/figure><\/div>\n\n\n\n\n<div style=\"height:53px\" aria-hidden=\"true\" class=\"wp-block-spacer\"><\/div>\n\n\n\n<p><strong>Dajana Dorki\u0107<\/strong><\/p>\n\n\n<div class=\"wp-block-image\">\n<figure class=\"aligncenter\"><a href=\"https:\/\/blog.alu.hr\/wp-content\/uploads\/2012\/05\/20123.jpg\"><img loading=\"lazy\" decoding=\"async\" width=\"850\" height=\"567\" src=\"https:\/\/blog.alu.hr\/wp-content\/uploads\/2012\/05\/20123.jpg\" alt=\"20123\" class=\"wp-image-1392\" title=\"20123\"\/><\/a><\/figure><\/div>\n\n<div class=\"wp-block-image\">\n<figure class=\"aligncenter\"><a href=\"https:\/\/blog.alu.hr\/wp-content\/uploads\/2012\/05\/20122.jpg\"><img loading=\"lazy\" decoding=\"async\" width=\"850\" height=\"567\" src=\"https:\/\/blog.alu.hr\/wp-content\/uploads\/2012\/05\/20122.jpg\" alt=\"20122\" class=\"wp-image-1360\" title=\"20122\"\/><\/a><\/figure><\/div>\n\n\n\n\n<div style=\"height:50px\" aria-hidden=\"true\" class=\"wp-block-spacer\"><\/div>\n\n\n\n<p><strong><a href=\"<a href=\">Martin Mrzljak<\/a><\/strong><\/p>\n\n\n<div class=\"wp-block-image\">\n<figure class=\"aligncenter\"><a href=\"https:\/\/blog.alu.hr\/wp-content\/uploads\/2012\/05\/martindiplomski1.jpg\"><img loading=\"lazy\" decoding=\"async\" width=\"850\" height=\"567\" src=\"https:\/\/blog.alu.hr\/wp-content\/uploads\/2012\/05\/martindiplomski1.jpg\" alt=\"martindiplomski1\" class=\"wp-image-1362\" title=\"martindiplomski1\"\/><\/a><\/figure><\/div>\n\n\n\n\n<div style=\"height:56px\" aria-hidden=\"true\" class=\"wp-block-spacer\"><\/div>\n\n\n\n<p><strong>Darko Masnec<\/strong><\/p>\n\n\n<div class=\"wp-block-image\">\n<figure class=\"aligncenter\"><a href=\"https:\/\/blog.alu.hr\/wp-content\/uploads\/2012\/05\/i-already-know-what-i-hear-12.jpg\"><img loading=\"lazy\" decoding=\"async\" width=\"720\" height=\"395\" src=\"https:\/\/blog.alu.hr\/wp-content\/uploads\/2012\/05\/i-already-know-what-i-hear-12.jpg\" alt=\"i-already-know-what-i-hear-12\" class=\"wp-image-1483\" title=\"i-already-know-what-i-hear-12\"\/><\/a><\/figure><\/div>\n\n<div class=\"wp-block-image\">\n<figure class=\"aligncenter\"><a href=\"https:\/\/blog.alu.hr\/wp-content\/uploads\/2012\/05\/i-already-know-what-i-hear-31.jpg\"><img loading=\"lazy\" decoding=\"async\" width=\"720\" height=\"395\" src=\"https:\/\/blog.alu.hr\/wp-content\/uploads\/2012\/05\/i-already-know-what-i-hear-31.jpg\" alt=\"i-already-know-what-i-hear-31\" class=\"wp-image-1489\" title=\"i-already-know-what-i-hear-31\"\/><\/a><\/figure><\/div>\n\n\n<div style=\"height:100px\" aria-hidden=\"true\" class=\"wp-block-spacer\"><\/div>\n\n\n\n<p><strong>Sabina Mikeli\u0107<\/strong><\/p>\n\n\n\n<div style=\"height:26px\" aria-hidden=\"true\" class=\"wp-block-spacer\"><\/div>\n\n\n\n<figure class=\"wp-block-image size-full is-resized\"><a href=\"https:\/\/blog.alu.hr\/wp-content\/uploads\/2013\/09\/Mula-skupina-korijenja-svezanih-zajedno_lff_film_full_lightbox.jpg\"><img loading=\"lazy\" decoding=\"async\" src=\"https:\/\/blog.alu.hr\/wp-content\/uploads\/2013\/09\/Mula-skupina-korijenja-svezanih-zajedno_lff_film_full_lightbox.jpg\" alt=\"\" class=\"wp-image-2563\" width=\"749\" height=\"421\" srcset=\"https:\/\/blog.alu.hr\/wp-content\/uploads\/2013\/09\/Mula-skupina-korijenja-svezanih-zajedno_lff_film_full_lightbox.jpg 1008w, https:\/\/blog.alu.hr\/wp-content\/uploads\/2013\/09\/Mula-skupina-korijenja-svezanih-zajedno_lff_film_full_lightbox-300x168.jpg 300w\" sizes=\"auto, (max-width: 749px) 85vw, 749px\" \/><\/a><\/figure>\n\n\n\n<p><a href=\"https:\/\/blog.alu.hr\/wp-content\/uploads\/2023\/11\/Mula_skupina-korijenja-svezanih-zajedno.pdf\" data-type=\"attachment\" data-id=\"4420\">Mula Diplomski rad Sabina Mikeli\u0107<\/a><\/p>\n\n\n\n<div style=\"height:41px\" aria-hidden=\"true\" class=\"wp-block-spacer\"><\/div>\n\n\n\n<p><strong>Luka Smeti\u0161ko<\/strong><\/p>\n\n\n\n<figure class=\"wp-block-image size-large\"><a href=\"https:\/\/blog.alu.hr\/wp-content\/uploads\/2024\/05\/IMG_5601-scaled.jpg\"><img loading=\"lazy\" decoding=\"async\" width=\"1024\" height=\"683\" src=\"https:\/\/blog.alu.hr\/wp-content\/uploads\/2024\/05\/IMG_5601-1024x683.jpg\" alt=\"\" class=\"wp-image-4710\" srcset=\"https:\/\/blog.alu.hr\/wp-content\/uploads\/2024\/05\/IMG_5601-1024x683.jpg 1024w, https:\/\/blog.alu.hr\/wp-content\/uploads\/2024\/05\/IMG_5601-300x200.jpg 300w, https:\/\/blog.alu.hr\/wp-content\/uploads\/2024\/05\/IMG_5601-768x512.jpg 768w, https:\/\/blog.alu.hr\/wp-content\/uploads\/2024\/05\/IMG_5601-1536x1024.jpg 1536w, https:\/\/blog.alu.hr\/wp-content\/uploads\/2024\/05\/IMG_5601-2048x1365.jpg 2048w\" sizes=\"auto, (max-width: 709px) 85vw, (max-width: 909px) 67vw, (max-width: 1362px) 62vw, 840px\" \/><\/a><\/figure>\n\n\n\n<div style=\"height:100px\" aria-hidden=\"true\" class=\"wp-block-spacer\"><\/div>\n\n\n\n<p><strong>Nikolina Butorac<\/strong><\/p>\n\n\n\n<figure class=\"wp-block-image size-full\"><a href=\"https:\/\/blog.alu.hr\/wp-content\/uploads\/2024\/05\/Screenshot-2024-05-10-at-14.27.54.png\"><img loading=\"lazy\" decoding=\"async\" width=\"1020\" height=\"575\" src=\"https:\/\/blog.alu.hr\/wp-content\/uploads\/2024\/05\/Screenshot-2024-05-10-at-14.27.54.png\" alt=\"\" class=\"wp-image-4711\" srcset=\"https:\/\/blog.alu.hr\/wp-content\/uploads\/2024\/05\/Screenshot-2024-05-10-at-14.27.54.png 1020w, https:\/\/blog.alu.hr\/wp-content\/uploads\/2024\/05\/Screenshot-2024-05-10-at-14.27.54-300x169.png 300w, https:\/\/blog.alu.hr\/wp-content\/uploads\/2024\/05\/Screenshot-2024-05-10-at-14.27.54-768x433.png 768w\" sizes=\"auto, (max-width: 709px) 85vw, (max-width: 909px) 67vw, (max-width: 1362px) 62vw, 840px\" \/><\/a><\/figure>\n\n\n\n<div style=\"height:100px\" aria-hidden=\"true\" class=\"wp-block-spacer\"><\/div>\n\n\n\n<p><strong>Ana Kova\u010di\u0107<\/strong><\/p>\n\n\n\n<div class=\"wp-block-group is-nowrap is-layout-flex wp-container-core-group-is-layout-3 wp-block-group-is-layout-flex\">\n<div class=\"wp-block-group\"><div class=\"wp-block-group__inner-container is-layout-constrained wp-block-group-is-layout-constrained\">\n<div class=\"wp-block-columns is-layout-flex wp-container-core-columns-is-layout-1 wp-block-columns-is-layout-flex\">\n<div class=\"wp-block-column is-layout-flow wp-block-column-is-layout-flow\" style=\"flex-basis:100%\">\n<div class=\"wp-block-group is-nowrap is-layout-flex wp-container-core-group-is-layout-1 wp-block-group-is-layout-flex\"><div class=\"wp-block-image\">\n<figure class=\"alignleft size-full is-resized\"><a href=\"https:\/\/blog.alu.hr\/wp-content\/uploads\/2023\/12\/Screenshot-2023-12-06-at-11.40.44-1.png\"><img loading=\"lazy\" decoding=\"async\" src=\"https:\/\/blog.alu.hr\/wp-content\/uploads\/2023\/12\/Screenshot-2023-12-06-at-11.40.44-1.png\" alt=\"\" class=\"wp-image-4441\" width=\"400\" height=\"603\" srcset=\"https:\/\/blog.alu.hr\/wp-content\/uploads\/2023\/12\/Screenshot-2023-12-06-at-11.40.44-1.png 400w, https:\/\/blog.alu.hr\/wp-content\/uploads\/2023\/12\/Screenshot-2023-12-06-at-11.40.44-1-199x300.png 199w\" sizes=\"auto, (max-width: 400px) 85vw, 400px\" \/><\/a><\/figure><\/div>\n\n<div class=\"wp-block-image\">\n<figure class=\"alignleft size-full is-resized\"><a href=\"https:\/\/blog.alu.hr\/wp-content\/uploads\/2023\/12\/Screenshot-2023-12-06-at-11.40.20-1.png\"><img loading=\"lazy\" decoding=\"async\" src=\"https:\/\/blog.alu.hr\/wp-content\/uploads\/2023\/12\/Screenshot-2023-12-06-at-11.40.20-1.png\" alt=\"\" class=\"wp-image-4439\" width=\"399\" height=\"600\" srcset=\"https:\/\/blog.alu.hr\/wp-content\/uploads\/2023\/12\/Screenshot-2023-12-06-at-11.40.20-1.png 399w, https:\/\/blog.alu.hr\/wp-content\/uploads\/2023\/12\/Screenshot-2023-12-06-at-11.40.20-1-200x300.png 200w\" sizes=\"auto, (max-width: 399px) 85vw, 399px\" \/><\/a><\/figure><\/div><\/div>\n<\/div>\n<\/div>\n<\/div><\/div>\n<\/div>\n\n\n\n<div style=\"height:23px\" aria-hidden=\"true\" class=\"wp-block-spacer\"><\/div>\n\n\n\n<div class=\"wp-block-file\"><a id=\"wp-block-file--media-f32ec6e1-8fd2-48c7-8aa4-08f1ea3696b8\" href=\"https:\/\/blog.alu.hr\/wp-content\/uploads\/2023\/12\/Ana-Kovacic-diplomski-rad-1.doc\">Ana-Kovacic-diplomski-rad-1<\/a><a href=\"https:\/\/blog.alu.hr\/wp-content\/uploads\/2023\/12\/Ana-Kovacic-diplomski-rad-1.doc\" class=\"wp-block-file__button wp-element-button\" download aria-describedby=\"wp-block-file--media-f32ec6e1-8fd2-48c7-8aa4-08f1ea3696b8\">Download<\/a><\/div>\n\n\n","protected":false},"excerpt":{"rendered":"<p>Vida Guzmi\u0107 Dajana Dorki\u0107 Martin Mrzljak Darko Masnec Sabina Mikeli\u0107 Mula Diplomski rad Sabina Mikeli\u0107 Luka Smeti\u0161ko Nikolina Butorac Ana Kova\u010di\u0107<\/p>\n","protected":false},"author":2,"featured_media":0,"parent":526,"menu_order":13,"comment_status":"open","ping_status":"closed","template":"","meta":{"footnotes":""},"class_list":["post-1344","page","type-page","status-publish","hentry"],"_links":{"self":[{"href":"https:\/\/blog.alu.hr\/index.php?rest_route=\/wp\/v2\/pages\/1344","targetHints":{"allow":["GET"]}}],"collection":[{"href":"https:\/\/blog.alu.hr\/index.php?rest_route=\/wp\/v2\/pages"}],"about":[{"href":"https:\/\/blog.alu.hr\/index.php?rest_route=\/wp\/v2\/types\/page"}],"author":[{"embeddable":true,"href":"https:\/\/blog.alu.hr\/index.php?rest_route=\/wp\/v2\/users\/2"}],"replies":[{"embeddable":true,"href":"https:\/\/blog.alu.hr\/index.php?rest_route=%2Fwp%2Fv2%2Fcomments&post=1344"}],"version-history":[{"count":47,"href":"https:\/\/blog.alu.hr\/index.php?rest_route=\/wp\/v2\/pages\/1344\/revisions"}],"predecessor-version":[{"id":4713,"href":"https:\/\/blog.alu.hr\/index.php?rest_route=\/wp\/v2\/pages\/1344\/revisions\/4713"}],"up":[{"embeddable":true,"href":"https:\/\/blog.alu.hr\/index.php?rest_route=\/wp\/v2\/pages\/526"}],"wp:attachment":[{"href":"https:\/\/blog.alu.hr\/index.php?rest_route=%2Fwp%2Fv2%2Fmedia&parent=1344"}],"curies":[{"name":"wp","href":"https:\/\/api.w.org\/{rel}","templated":true}]}}