{"id":132,"date":"2009-05-12T09:56:21","date_gmt":"2009-05-12T07:56:21","guid":{"rendered":"http:\/\/blog.alu.hr\/?page_id=132"},"modified":"2019-11-18T00:54:33","modified_gmt":"2019-11-17T22:54:33","slug":"tip","status":"publish","type":"page","link":"https:\/\/blog.alu.hr\/?page_id=132","title":{"rendered":"TIP"},"content":{"rendered":"<p><a href=\"https:\/\/blog.alu.hr\/wp-content\/uploads\/2009\/05\/tip1.png\"><img loading=\"lazy\" decoding=\"async\" class=\"alignright size-full wp-image-314\" title=\"tip1\" alt=\"tip1\" src=\"https:\/\/blog.alu.hr\/wp-content\/uploads\/2009\/05\/tip1.png\" width=\"203\" height=\"150\" \/><\/a><br \/>\nTIP je zami\u0161ljen kao konferencija i izlo\u017eba istra\u017eiva\u010dkog karaktera koja okuplja veliki broj doma\u0107ih i inozemnih autora i teoreti\u010dara sa razli\u010ditih podru\u010dja (slikarstvo, video, instalacija\u2026) i razli\u010ditih akademskih nivoa (studente dodiplomskih, diplomskih, magistarskih, doktorskih studija kao i njihove nastavnike i mentore) te renomirane i etablirane umjetnike i teoreti\u010dare. Fokus ovog projekta je na diskusiji i eksperimentu, a cilj je da se stvori takva atmosfera koja \u0107e dopustiti da se i mladi, neiskusni autori kao i iskusni predava\u010di i umjetnici osje\u0107aju dovoljno opu\u0161teno te budu spremni na njima nepoznate na\u010dine izlaganje svoje teorije, odnosno nove pristupe svojim modelima rada.<br \/>\n<a href=\"https:\/\/blog.alu.hr\/wp-content\/uploads\/2009\/05\/tip2.png\"><img loading=\"lazy\" decoding=\"async\" class=\"alignleft size-full wp-image-315\" title=\"tip2\" alt=\"tip2\" src=\"https:\/\/blog.alu.hr\/wp-content\/uploads\/2009\/05\/tip2.png\" width=\"208\" height=\"167\" \/><\/a><br \/>\nOno \u0161to je posebnost projekta TIP\/TUP u odnosu na druge konferencije je manji format (maksimalno dvadeset sudionika) kao i \u010dinjenica da su svi sudionici u jednakoj poziciji odgovornost \u0161to zna\u010di da je svaki slu\u0161atelj ujedno i izlaga\u010d, i obrnuto, svaki izlaga\u010d istovremeno je i slu\u0161atelj. Na ovaj se na\u010din kompleksna praksa i slojevit diskurs suvremene teorije mo\u017ee pribli\u017eiti umjetnicima, a proces umjetni\u010dkog stvaranja pribli\u017eiti teoreti\u010darima. Tako\u0111er, za razliku od drugih konferencija TIP\/TUP nije tematski odre\u0111en \u0161to je dodatni izazov sudionicima budu\u0107i da moraju ulo\u017eiti dodatnu koncentraciju i napor da daju svoj doprinos projektima koji im nisu tematski bliski, a takav tip otvorenosti dodatno potencira mogu\u0107nost eksperimentiranja izvan postoje\u0107ih okvira.<br \/>\n<a href=\"https:\/\/blog.alu.hr\/wp-content\/uploads\/2009\/05\/tip3.png\"><img loading=\"lazy\" decoding=\"async\" class=\"alignright size-full wp-image-316\" title=\"tip3\" alt=\"tip3\" src=\"https:\/\/blog.alu.hr\/wp-content\/uploads\/2009\/05\/tip3.png\" width=\"180\" height=\"150\" \/><\/a><br \/>\nTIP se ve\u0107 tri godine odra\u017eava u suradnji sa Art radionicom Lazareti u Dubrovniku.<\/p>\n","protected":false},"excerpt":{"rendered":"<p>TIP je zami\u0161ljen kao konferencija i izlo\u017eba istra\u017eiva\u010dkog karaktera koja okuplja veliki broj doma\u0107ih i inozemnih autora i teoreti\u010dara sa razli\u010ditih podru\u010dja (slikarstvo, video, instalacija\u2026) i razli\u010ditih akademskih nivoa (studente dodiplomskih, diplomskih, magistarskih, doktorskih studija kao i njihove nastavnike i mentore) te renomirane i etablirane umjetnike i teoreti\u010dare. Fokus ovog projekta je na diskusiji i &hellip; <a href=\"https:\/\/blog.alu.hr\/?page_id=132\" class=\"more-link\">Continue reading<span class=\"screen-reader-text\"> &#8220;TIP&#8221;<\/span><\/a><\/p>\n","protected":false},"author":2,"featured_media":0,"parent":22,"menu_order":22,"comment_status":"closed","ping_status":"closed","template":"","meta":{"footnotes":""},"class_list":["post-132","page","type-page","status-publish","hentry"],"_links":{"self":[{"href":"https:\/\/blog.alu.hr\/index.php?rest_route=\/wp\/v2\/pages\/132","targetHints":{"allow":["GET"]}}],"collection":[{"href":"https:\/\/blog.alu.hr\/index.php?rest_route=\/wp\/v2\/pages"}],"about":[{"href":"https:\/\/blog.alu.hr\/index.php?rest_route=\/wp\/v2\/types\/page"}],"author":[{"embeddable":true,"href":"https:\/\/blog.alu.hr\/index.php?rest_route=\/wp\/v2\/users\/2"}],"replies":[{"embeddable":true,"href":"https:\/\/blog.alu.hr\/index.php?rest_route=%2Fwp%2Fv2%2Fcomments&post=132"}],"version-history":[{"count":9,"href":"https:\/\/blog.alu.hr\/index.php?rest_route=\/wp\/v2\/pages\/132\/revisions"}],"predecessor-version":[{"id":317,"href":"https:\/\/blog.alu.hr\/index.php?rest_route=\/wp\/v2\/pages\/132\/revisions\/317"}],"up":[{"embeddable":true,"href":"https:\/\/blog.alu.hr\/index.php?rest_route=\/wp\/v2\/pages\/22"}],"wp:attachment":[{"href":"https:\/\/blog.alu.hr\/index.php?rest_route=%2Fwp%2Fv2%2Fmedia&parent=132"}],"curies":[{"name":"wp","href":"https:\/\/api.w.org\/{rel}","templated":true}]}}