{"id":128,"date":"2009-05-12T09:55:22","date_gmt":"2009-05-12T07:55:22","guid":{"rendered":"http:\/\/blog.alu.hr\/?page_id=128"},"modified":"2019-11-18T00:55:39","modified_gmt":"2019-11-17T22:55:39","slug":"gogo","status":"publish","type":"page","link":"https:\/\/blog.alu.hr\/?page_id=128","title":{"rendered":"GoGo 2006"},"content":{"rendered":"<p>Protokol 4, SC Zagreb, Kultura promjene, Studeni, 2006.<br \/>\n<a href=\"http:\/\/appliedgogo.blog.hr\/\"><br \/>\nApplied GoGo<\/a><\/p>\n<p><a href=\"https:\/\/blog.alu.hr\/wp-content\/uploads\/2009\/05\/gogo05.png\"><img loading=\"lazy\" decoding=\"async\" class=\"alignleft size-full wp-image-308\" title=\"gogo05\" alt=\"gogo05\" src=\"https:\/\/blog.alu.hr\/wp-content\/uploads\/2009\/05\/gogo05.png\" width=\"150\" height=\"200\" \/><\/a><\/p>\n<p>je program koji se fokusira na umjetni\u010dke i kuratorske prakse koje se bave produkcijom koja izmi\u010de defininiciji unutar tradicionalnih diciplinarnih okvira. Applied GoGo se odvija u sklopu inicijative PROTOKOL SC tijekom mjeseca studenog. Svi pozvani GoGo gosti internacionalni su profesionalci koji se u svojem kuratorskom, teoreti\u010darskom ili umjetni\u010dkom djelovanju bave pristupima koji se nalaze izme\u0111u granica likovnosti, radia, zvuka, i muzi\u010dke i zabavne industrije.<br \/>\n<a href=\"https:\/\/blog.alu.hr\/wp-content\/uploads\/2009\/05\/gogo06.png\"><img loading=\"lazy\" decoding=\"async\" class=\"alignright size-full wp-image-309\" title=\"gogo06\" alt=\"gogo06\" src=\"https:\/\/blog.alu.hr\/wp-content\/uploads\/2009\/05\/gogo06.png\" width=\"200\" height=\"150\" \/><\/a><\/p>\n<p>GoGo \u017eeli postaviti interdisciplinarne prakse u povijesno umjetni\u010dki kontekst kao i u kontekst internacionalne umjetni\u010dke produkcije. Kreativne radionice stvaraju platformu na kojoj \u0107e polaznici imati priliku eksperimentirati te sami realizirati svoje radijske sadr\u017eaje. Suradnja s radio stanicama biti \u0107e prilika da se iskustvo ste\u010deno na radionicama pro\u0161iri i u eter. Radionice su namijenjene studentima i mladim profesionalcima koje zanima rad na podru\u010djima zvuka, likovnih umjetnosti, drame, novinarstva i muzike.<br \/>\n<a href=\"https:\/\/blog.alu.hr\/wp-content\/uploads\/2009\/05\/gogo07.png\"><img loading=\"lazy\" decoding=\"async\" class=\"alignleft size-full wp-image-310\" title=\"gogo07\" alt=\"gogo07\" src=\"https:\/\/blog.alu.hr\/wp-content\/uploads\/2009\/05\/gogo07.png\" width=\"150\" height=\"200\" \/><\/a><\/p>\n<p>autorica programa: Lala Ra\u0161\u010di\u0107<br \/>\nza SC organizira: Marta Ki\u0161<br \/>\nautorica Protokol SC: Nicole Hewitt<br \/>\nprodukcija: kultura promjene SC<\/p>\n<p><a href=\"https:\/\/blog.alu.hr\/wp-content\/uploads\/2009\/05\/gogo08.png\"><img loading=\"lazy\" decoding=\"async\" class=\"alignright size-full wp-image-312\" title=\"gogo08\" alt=\"gogo08\" src=\"https:\/\/blog.alu.hr\/wp-content\/uploads\/2009\/05\/gogo08.png\" width=\"200\" height=\"150\" \/><\/a><\/p>\n","protected":false},"excerpt":{"rendered":"<p>Protokol 4, SC Zagreb, Kultura promjene, Studeni, 2006. Applied GoGo je program koji se fokusira na umjetni\u010dke i kuratorske prakse koje se bave produkcijom koja izmi\u010de defininiciji unutar tradicionalnih diciplinarnih okvira. Applied GoGo se odvija u sklopu inicijative PROTOKOL SC tijekom mjeseca studenog. Svi pozvani GoGo gosti internacionalni su profesionalci koji se u svojem kuratorskom, &hellip; <a href=\"https:\/\/blog.alu.hr\/?page_id=128\" class=\"more-link\">Continue reading<span class=\"screen-reader-text\"> &#8220;GoGo 2006&#8221;<\/span><\/a><\/p>\n","protected":false},"author":2,"featured_media":0,"parent":22,"menu_order":19,"comment_status":"closed","ping_status":"closed","template":"","meta":{"footnotes":""},"class_list":["post-128","page","type-page","status-publish","hentry"],"_links":{"self":[{"href":"https:\/\/blog.alu.hr\/index.php?rest_route=\/wp\/v2\/pages\/128","targetHints":{"allow":["GET"]}}],"collection":[{"href":"https:\/\/blog.alu.hr\/index.php?rest_route=\/wp\/v2\/pages"}],"about":[{"href":"https:\/\/blog.alu.hr\/index.php?rest_route=\/wp\/v2\/types\/page"}],"author":[{"embeddable":true,"href":"https:\/\/blog.alu.hr\/index.php?rest_route=\/wp\/v2\/users\/2"}],"replies":[{"embeddable":true,"href":"https:\/\/blog.alu.hr\/index.php?rest_route=%2Fwp%2Fv2%2Fcomments&post=128"}],"version-history":[{"count":12,"href":"https:\/\/blog.alu.hr\/index.php?rest_route=\/wp\/v2\/pages\/128\/revisions"}],"predecessor-version":[{"id":2889,"href":"https:\/\/blog.alu.hr\/index.php?rest_route=\/wp\/v2\/pages\/128\/revisions\/2889"}],"up":[{"embeddable":true,"href":"https:\/\/blog.alu.hr\/index.php?rest_route=\/wp\/v2\/pages\/22"}],"wp:attachment":[{"href":"https:\/\/blog.alu.hr\/index.php?rest_route=%2Fwp%2Fv2%2Fmedia&parent=128"}],"curies":[{"name":"wp","href":"https:\/\/api.w.org\/{rel}","templated":true}]}}