{"id":121,"date":"2009-05-12T09:52:40","date_gmt":"2009-05-12T07:52:40","guid":{"rendered":"http:\/\/blog.alu.hr\/?page_id=121"},"modified":"2019-11-18T00:56:47","modified_gmt":"2019-11-17T22:56:47","slug":"centrifugal","status":"publish","type":"page","link":"https:\/\/blog.alu.hr\/?page_id=121","title":{"rendered":"centrifugal 2007"},"content":{"rendered":"<p><a href=\"http:\/\/centri.wordpress.com\/\">centrifugal<\/a><\/p>\n<p>1. Radionica 1. &#8220;Pre\/imenovanje&#8221; RE\/NAMING<br \/>\n2. Radionica 2: ALTERNATIVNE GRADSKE TURE<\/p>\n<p><a href=\"https:\/\/blog.alu.hr\/wp-content\/uploads\/2009\/05\/daniel.png\"><img loading=\"lazy\" decoding=\"async\" class=\"alignright size-full wp-image-319\" title=\"daniel\" alt=\"daniel\" src=\"https:\/\/blog.alu.hr\/wp-content\/uploads\/2009\/05\/daniel.png\" width=\"176\" height=\"150\" \/><\/a><\/p>\n<p>\u201eCentrifugal: sekvenca II \u201cje projekt koji objedinjuje umjetnike i teoreti_are iz nekoliko Europska grada; koji su svi pozicionirani u bliskoj vezi s granicama Europe, posebno definiranim unutar pojma Europske unije: Helsinki, Zagreb, Belfast, Istambul&#8230;<\/p>\n<p><a href=\"https:\/\/blog.alu.hr\/wp-content\/uploads\/2009\/05\/galerijasc.png\"><img loading=\"lazy\" decoding=\"async\" class=\"alignleft size-full wp-image-320\" title=\"galerijasc\" alt=\"galerijasc\" src=\"https:\/\/blog.alu.hr\/wp-content\/uploads\/2009\/05\/galerijasc.png\" width=\"200\" height=\"150\" \/><\/a><\/p>\n<p>\u201eCentrifugal: sekvenca II \u201c se reflektira na aktualne promjene i konflikte koji su obilje\u017eili krajolike ove gradove, u\u010dinili shvatljivim stalno prisutno preimenovanje mjesta ili gradskih tura izmi\u0161ljenih od strane lokalnog stanovni\u0161tva. Izlo\u017ebu \u010dine novo nastali radovi sudionika, otvoreni radio i \u010dvori\u0161ta na karti grada, kao i popratne radionice , predavanja doma\u0107ih stru\u010dnjaka iz podru\u010dja Evropskih integracija, grani\u010dnih regulativa i migracije prinudne i dobrovoljne, \u010ditala\u010dke grupe za istra\u017eivanje teoretskih tekstova vezanih uz problematiku nacije, suverenosti, globalizacije, kolaboracije, projekcije video radova umjetnika i zemalja sudionika, video projekcije programa Slobodne Veze, promocija knjige, diskusije i slu\u0161aonica turske surf muzike\u2026<\/p>\n<p><a href=\"https:\/\/blog.alu.hr\/wp-content\/uploads\/2009\/05\/iraitonci.png\"><img loading=\"lazy\" decoding=\"async\" class=\"alignright size-full wp-image-321\" title=\"iraitonci\" alt=\"iraitonci\" src=\"https:\/\/blog.alu.hr\/wp-content\/uploads\/2009\/05\/iraitonci.png\" width=\"200\" height=\"150\" \/><\/a><\/p>\n<p>Radionica 1. &#8220;Pre\/imenovanje&#8221; RE\/NAMING<\/p>\n<p>sri- cetvrtak 23.- 24.5. 2007 Galerija SC<\/p>\n<p>U radionici ce se istra\u017eivati kompleksni povijesni, politicki i kulturalni slojevi na\u0161eg svakodnevnog okru\u017eenja s naglaskom na preimenovanje. Cilj je iskopati neobi\u010dne lokalne povijesti koje se kriju iza naizgled nevinih, nezaninmljivih ili \u010dak bezna\u010dajnih imena. Ove ce pri\u010dce poslu\u017eiti kao osnova za rasmi\u0161ljanje o nekim \u0161irim kriti\u010dkim pitanjima koja se name\u0107u kroz ovaj stalni proces preimenovanja i oblikuju nasu okolinu i nas same.<br \/>\n<a href=\"https:\/\/blog.alu.hr\/wp-content\/uploads\/2009\/05\/mape.png\"><img loading=\"lazy\" decoding=\"async\" class=\"alignleft size-full wp-image-323\" title=\"mape\" alt=\"mape\" src=\"https:\/\/blog.alu.hr\/wp-content\/uploads\/2009\/05\/mape.png\" width=\"169\" height=\"150\" \/><\/a><\/p>\n<p>Radionica je tematski organizirana u dvije kategorije:<\/p>\n<p>1) pitanje politi\u010dkog, geografskog i taksonomi\u010dnog &#8211; ulice, trgovi gradovi, dr\u017eave, kontinenti, planete, galaksije\u2026<\/p>\n<p>Zasto preimenovati? Tko preimenuje? Da li se preimienovanjem na bilo koji na\u010din mijenja sam objekt?<\/p>\n<p>2) Pitanje identiteta, dru\u0161tvenog i rodnog: iz perspektive nas samih, drugoga, grupe, bande, susjeda, nacije, itd.<\/p>\n<p>&#8211; Kada \u017eelimo mijenjati ime ili skrivati se iza nadimka? I za\u0161to? &#8211; Kako sami sebe nazivamo i kako nazivamo druge? I za\u0161to?<\/p>\n<p>Radionica \u0107e se odvijati u Galeriji SC i po gradu Zagrebu. Rezultati ( Crte\u017ei, pri\u010de, mape, fotografije, itd) biti ce predstavljeni u galeriji kao dio izlozbe Centrifugal: sekvenca 2 (26.5.-10.6.2007). Radionicu vodi finski umjetnik Kalle Hamm, sudionik projekta Centrifugal, \u010diji se rad bavi kulturnim susretima i posljedicama takvih susreta u povjesnim i suvremenim kontekstima. www.spicetrade.org and www.afaryan.org<\/p>\n<p>Radionica 2: ALTERNATIVNE GRADSKE TURE<\/p>\n<p>Thu-Fri 24.-25.5. at the Student Centre Gallery (approx. 10-17 daily)<\/p>\n<p>Radionica ce istra\u017eivati , mapirati i razvijati alternativne gradske ture koje \u0107e se temeljeti na neformalnim informacija, davati druga\u010diji uvid u grad Zagreb i odra\u017eavati svakodnevne \u017eivote i interese raznih profila lokalnog stanovni\u0161tva.<\/p>\n<p>Sadr\u017eaj mo\u017ee uklju\u010divati i nadimke za gradske lokacije ili informacije od svakodnevne koristi npr. Gdje se djeca mogu premotati ili gdje ima \u010distih WC-a, gdje ima besplatnog parkinga ili gdje ima najvi\u0161e plastike za skupiti\u2026)<\/p>\n<p>Cilj je sura\u0111ivati sa raznim grupama korisnika, otkriti i zabilje\u017eiti razli\u010dite na\u010dine koristenja istog prostora grada.<\/p>\n<p>Vrsta podataka koje \u0107emo skupljati i slagati u ture uklju\u010duje: Nadimke mjesta: Neformalna imena mjesta, ulica i prostorna obilje\u017eja, koja su u svakodnevnoj uporabi, a ne pojavljuju se na slu\u017ebenim mapama i dokumentima.<\/p>\n<p>Promijenjene geografije: va\u017ene lokacije koje vi\u0161e ne postoje, pje\u0161a\u010dki, biciklisti\u010dki i automobilski pre\u010daci.<\/p>\n<p>Sukobljene percepcije urbanog prostora. Kako razli\u010dite grupe percipiraju prostor npr: teenageri kojima je odre\u0111eni prostor \u2018yuppijevski\u2019 , a yuppy mo\u017eda taj prostor do\u017eivljavaju prijete\u0107im jer tamo vise klinci . . Promjena demografije: npr. kvartovi gdje se nasele grupe doseljenika, ili gdje stranci pokupuju nekretnine<\/p>\n<p>Suvremena neformalna informacije, na\u010dini na koje ljudi opisuju svoj urbani prostor i koriste lokalna znanja za snala\u017eenje u njemu, otkriva mnogo zanimljivih stvari o politici prostora.<\/p>\n<p>Mi gledamo na grad kao na dinami\u010dnu socijalnu mre\u017eu, a ne kao na fizi\u010dki prostor \u2013 izgra\u0111ena okolina je samo scena, ili kulisa za dru\u0161tvenu aktivnost. Nadalje, ta okolina je \u010desto oblikovana tako da zatvara, opstruira i isklju\u010duje pojedine grupe ili individue, i nas zanima na koji se na\u010din ljudi snalaze unutar tih strukturalnih isklju\u010divanja, te kako \u017eive svoj svakodnevni \u017eivot .<\/p>\n<p><a href=\"https:\/\/blog.alu.hr\/wp-content\/uploads\/2009\/05\/platforma.png\"><img loading=\"lazy\" decoding=\"async\" class=\"alignright size-full wp-image-324\" title=\"platforma\" alt=\"platforma\" src=\"https:\/\/blog.alu.hr\/wp-content\/uploads\/2009\/05\/platforma.png\" width=\"206\" height=\"171\" \/><\/a><br \/>\nPlan radionice:<\/p>\n<p>Sudionici radionice mogu unaprijed uspostaviti kontakte s kolegama, prijatljima, ro\u0111acima i drugima. I poceti skupljati informacije. Svi bi trebali na radionicu donijeti po\u010detni materijal npr. rukom crtane mape lokacija i ideja o intersantnim podru\u010djima<\/p>\n<p>U radionici \u0107emo sakupiti i prodiskutirati donesene materijale i nastaviti istra\u017eivanje dalje kao grupa, u obilasku grada, u sakupljanju informacija i dokumentranju mogu\u0107ih lokacija. Iz tog materijala \u0107emo onda sastaviti ture, Ture mogu biti raznolike, od razgovora u\u017eivo s lokalnim stanovnicima, podcastova, audio tura ,downloadova za mobitele, ili radio emisija. Ture I skice za ture biti \u0107e dio izlo\u017ebe Centrifugal:sekvenca II, u Galeriji SC 26.5.-10.6. Projekt \u0107e se dalje razvijati u suradnji sa lokalnim stanovnicima u Helskinkiju i Belfastu u jednu internet arhivu.<\/p>\n<p>Radionica je dio dugoro\u010dnog projekta umjetnika iz Belfasta Aisling O\u2019Beirn i Daniel Jewesbury, za seriju izlo\u017ebi Centrifugal u Zagrebu, Helsinkiju i Belfastu.<\/p>\n<p>Radionica 3.: Platforma 9,81 \/ TURISTI\u010cKE TRANSFORMACIJE Istra\u017eivanja naprednih arhitektonskih i prostornih fenomena<\/p>\n<p>Kratak opis projekta: Projekt \u00ab3D \u017dURNAL\u00bb tematizira TURISTI\u010cKE TRANSFORMACIJE u Hrvatskoj i budu\u0107nost slobodnog vremena. Pod utjecajem globalnih trendova i zbog o\u010dekivanja specifi\u010dne lokalne kulture, prostorno i socijalno okru\u017eenje u kojem \u017eivimo poprima obilje\u017eja turisti\u010dkog teritorija, podru\u010dja u kojem su dru\u0161tveni odnosi formirani na ekonomskim i organizacijskim principima uvjetovanim turizmom. Cilj cjelokupnog projekta je kreiranje \u00abalata za promi\u0161ljanje\u00bb lokalne kulture i njegovih specifi\u010dnih cjelina koje imaju direktne mogu\u0107nosti primjene u dru\u0161tvu i prostoru. Cilj ove radionice je pokretanje diskusije o njihovoj budu\u0107nosti i osmi\u0161ljavanje mogu\u0107nosti apsorpcije nadolaze\u0107ih promjena. Pritom se izbjegava promatranje turizma kroz uobi\u010dajene ekonomske i organizacijske modele ve\u0107 ga se uzima kao kompleksni skup odnosa, kao generativni faktor budu\u0107e kulture.<\/p>\n<p>Radionica 4; Centripetlja Centripetlja je radionica u suradnji ALU, Zagreb, SC, Zagreb i NS Dubrava, Zagreb. Odvija se u sklopu projekta Centrifugal-Centripetal. Radionicu vodi Ivana Mestrov.<\/p>\n<p>Mogu\u0107a metodologija radionice:<\/p>\n<p>1.) Centripetlja-Dubrava meets Centar bavi se dijalektikom odnosa: centar-periferija i metodolo\u0161ki se oslanja na slijede\u0107a pitanja: Kako kroz umjetni\u010dki jezik obraditi dru\u0161tvenu problematiku, koristiti se metodologijama i saznanjima drugih disciplina? Koje umjetni\u010dke strategije koristiti iz pozicije umjetnika kao etnologa\/ kulturalnog antropologa\/ istra\u017eiva\u010da? Radionica, te projekti nastali u njoj, \u0107e poku\u0161ati istra\u017eiti koliko su dru\u0161tvena konstrukcija i imaginarij vezani uz Dubravu kao kvart prisutni u okvirima grada Zagreba i od \u010dega se to\u010dno sastoje? Tako\u0111er, kao odgovor na to pitanje ili komentar, mogu\u0107e je osvrnuti se na rad Narodnog sveu\u010dili\u0161ta, kulturnog pokreta\u010da i aktivatora uklju\u010divosti unutar specifi\u010dnog multikulturalnog zagreba\u010dkog kvarta.<\/p>\n<p>2.) Centripetlja-Budi Fluxus bavi se uspostavljanje relacijskih modela kroz direktan metodolo\u0161ki osvrt na jednu povijesno-umjetni\u010dku grupu-metodu-umjetni\u010dku taktiku (1962-78): Fluxus metodolo\u0161ki aparat i pravila igre. Umjetnik je u ovom slu\u010daju samo \u201eslu\u010dajni\u201c prolaznik.<\/p>\n","protected":false},"excerpt":{"rendered":"<p>centrifugal 1. Radionica 1. &#8220;Pre\/imenovanje&#8221; RE\/NAMING 2. Radionica 2: ALTERNATIVNE GRADSKE TURE \u201eCentrifugal: sekvenca II \u201cje projekt koji objedinjuje umjetnike i teoreti_are iz nekoliko Europska grada; koji su svi pozicionirani u bliskoj vezi s granicama Europe, posebno definiranim unutar pojma Europske unije: Helsinki, Zagreb, Belfast, Istambul&#8230; \u201eCentrifugal: sekvenca II \u201c se reflektira na aktualne promjene &hellip; <a href=\"https:\/\/blog.alu.hr\/?page_id=121\" class=\"more-link\">Continue reading<span class=\"screen-reader-text\"> &#8220;centrifugal 2007&#8221;<\/span><\/a><\/p>\n","protected":false},"author":2,"featured_media":0,"parent":22,"menu_order":15,"comment_status":"closed","ping_status":"closed","template":"","meta":{"footnotes":""},"class_list":["post-121","page","type-page","status-publish","hentry"],"_links":{"self":[{"href":"https:\/\/blog.alu.hr\/index.php?rest_route=\/wp\/v2\/pages\/121","targetHints":{"allow":["GET"]}}],"collection":[{"href":"https:\/\/blog.alu.hr\/index.php?rest_route=\/wp\/v2\/pages"}],"about":[{"href":"https:\/\/blog.alu.hr\/index.php?rest_route=\/wp\/v2\/types\/page"}],"author":[{"embeddable":true,"href":"https:\/\/blog.alu.hr\/index.php?rest_route=\/wp\/v2\/users\/2"}],"replies":[{"embeddable":true,"href":"https:\/\/blog.alu.hr\/index.php?rest_route=%2Fwp%2Fv2%2Fcomments&post=121"}],"version-history":[{"count":11,"href":"https:\/\/blog.alu.hr\/index.php?rest_route=\/wp\/v2\/pages\/121\/revisions"}],"predecessor-version":[{"id":2893,"href":"https:\/\/blog.alu.hr\/index.php?rest_route=\/wp\/v2\/pages\/121\/revisions\/2893"}],"up":[{"embeddable":true,"href":"https:\/\/blog.alu.hr\/index.php?rest_route=\/wp\/v2\/pages\/22"}],"wp:attachment":[{"href":"https:\/\/blog.alu.hr\/index.php?rest_route=%2Fwp%2Fv2%2Fmedia&parent=121"}],"curies":[{"name":"wp","href":"https:\/\/api.w.org\/{rel}","templated":true}]}}