{"id":117,"date":"2009-05-12T09:51:24","date_gmt":"2009-05-12T07:51:24","guid":{"rendered":"http:\/\/blog.alu.hr\/?page_id=117"},"modified":"2024-12-04T14:27:54","modified_gmt":"2024-12-04T12:27:54","slug":"zagreb-london","status":"publish","type":"page","link":"https:\/\/blog.alu.hr\/?page_id=117","title":{"rendered":"zagreb-london"},"content":{"rendered":"\n<p><strong>STUDENTSKA RAZMJENA<\/strong><\/p>\n\n\n\n<p><b><i>Zagreb\/London Annual Exchange Project&nbsp;<\/i><\/b><\/p>\n\n\n\n<figure class=\"wp-block-gallery has-nested-images columns-default is-cropped wp-block-gallery-1 is-layout-flex wp-block-gallery-is-layout-flex\">\n<figure class=\"wp-block-image size-large\"><a href=\"https:\/\/blog.alu.hr\/?page_id=2352\"><img loading=\"lazy\" decoding=\"async\" width=\"370\" height=\"261\" data-id=\"5127\" src=\"https:\/\/blog.alu.hr\/wp-content\/uploads\/2024\/12\/alu_met_2015.jpg\" alt=\"\" class=\"wp-image-5127\" srcset=\"https:\/\/blog.alu.hr\/wp-content\/uploads\/2024\/12\/alu_met_2015.jpg 370w, https:\/\/blog.alu.hr\/wp-content\/uploads\/2024\/12\/alu_met_2015-300x212.jpg 300w\" sizes=\"auto, (max-width: 370px) 85vw, 370px\" \/><\/a><figcaption class=\"wp-element-caption\"><a href=\"https:\/\/blog.alu.hr\/?page_id=2352\">2015.<\/a><\/figcaption><\/figure>\n\n\n\n<figure class=\"wp-block-image size-large\"><a href=\"https:\/\/alumet2014.wordpress.com\/alumet-2014\/\"><img loading=\"lazy\" decoding=\"async\" width=\"201\" height=\"150\" data-id=\"5128\" src=\"https:\/\/blog.alu.hr\/wp-content\/uploads\/2024\/12\/taraalumet2014.jpeg\" alt=\"\" class=\"wp-image-5128\"\/><\/a><figcaption class=\"wp-element-caption\"><a href=\"https:\/\/alumet2014.wordpress.com\/alumet-2014\/\">2014.<\/a><\/figcaption><\/figure>\n\n\n\n<figure class=\"wp-block-image size-large\"><a href=\"https:\/\/blog.alu.hr\/?page_id=1871\"><img loading=\"lazy\" decoding=\"async\" width=\"1024\" height=\"741\" data-id=\"1875\" src=\"https:\/\/blog.alu.hr\/wp-content\/uploads\/2013\/09\/alumetflyer-1024x741.jpg\" alt=\"\" class=\"wp-image-1875\" srcset=\"https:\/\/blog.alu.hr\/wp-content\/uploads\/2013\/09\/alumetflyer-1024x741.jpg 1024w, https:\/\/blog.alu.hr\/wp-content\/uploads\/2013\/09\/alumetflyer-300x217.jpg 300w\" sizes=\"auto, (max-width: 709px) 85vw, (max-width: 909px) 67vw, (max-width: 1362px) 62vw, 840px\" \/><\/a><figcaption class=\"wp-element-caption\"><a href=\"https:\/\/blog.alu.hr\/?page_id=1871\">2013.<\/a><\/figcaption><\/figure>\n\n\n\n<figure class=\"wp-block-image size-large\"><a href=\"https:\/\/blog.alu.hr\/?page_id=1888\"><img loading=\"lazy\" decoding=\"async\" width=\"468\" height=\"720\" data-id=\"2155\" src=\"https:\/\/blog.alu.hr\/wp-content\/uploads\/2013\/09\/524318_313713955366693_100001842726853_781092_655309652_n.jpg\" alt=\"\" class=\"wp-image-2155\" srcset=\"https:\/\/blog.alu.hr\/wp-content\/uploads\/2013\/09\/524318_313713955366693_100001842726853_781092_655309652_n.jpg 468w, https:\/\/blog.alu.hr\/wp-content\/uploads\/2013\/09\/524318_313713955366693_100001842726853_781092_655309652_n-195x300.jpg 195w\" sizes=\"auto, (max-width: 468px) 85vw, 468px\" \/><\/a><figcaption class=\"wp-element-caption\"><a href=\"https:\/\/blog.alu.hr\/?page_id=1888\">2012.<\/a><\/figcaption><\/figure>\n\n\n\n<figure class=\"wp-block-image size-large\"><a href=\"https:\/\/blog.alu.hr\/?page_id=1881\"><img loading=\"lazy\" decoding=\"async\" width=\"1024\" height=\"680\" data-id=\"2174\" src=\"https:\/\/blog.alu.hr\/wp-content\/uploads\/2013\/09\/DSC_0578-1024x680.jpg\" alt=\"\" class=\"wp-image-2174\" srcset=\"https:\/\/blog.alu.hr\/wp-content\/uploads\/2013\/09\/DSC_0578-1024x680.jpg 1024w, https:\/\/blog.alu.hr\/wp-content\/uploads\/2013\/09\/DSC_0578-300x199.jpg 300w, https:\/\/blog.alu.hr\/wp-content\/uploads\/2013\/09\/DSC_0578.jpg 1939w\" sizes=\"auto, (max-width: 709px) 85vw, (max-width: 909px) 67vw, (max-width: 1362px) 62vw, 840px\" \/><\/a><figcaption class=\"wp-element-caption\"><a href=\"https:\/\/blog.alu.hr\/?page_id=1881\">2011.<\/a><\/figcaption><\/figure>\n\n\n\n<figure class=\"wp-block-image size-large\"><a href=\"https:\/\/blog.alu.hr\/?page_id=1885\"><img loading=\"lazy\" decoding=\"async\" width=\"400\" height=\"284\" data-id=\"2572\" src=\"https:\/\/blog.alu.hr\/wp-content\/uploads\/2013\/09\/1556_cover.jpg\" alt=\"\" class=\"wp-image-2572\" srcset=\"https:\/\/blog.alu.hr\/wp-content\/uploads\/2013\/09\/1556_cover.jpg 400w, https:\/\/blog.alu.hr\/wp-content\/uploads\/2013\/09\/1556_cover-300x213.jpg 300w\" sizes=\"auto, (max-width: 400px) 85vw, 400px\" \/><\/a><figcaption class=\"wp-element-caption\"><a href=\"https:\/\/blog.alu.hr\/?page_id=1885\">2010.<\/a><\/figcaption><\/figure>\n\n\n\n<figure class=\"wp-block-image size-large\"><a href=\"https:\/\/blog.alu.hr\/?page_id=198\"><img loading=\"lazy\" decoding=\"async\" width=\"1024\" height=\"768\" data-id=\"694\" src=\"https:\/\/blog.alu.hr\/wp-content\/uploads\/2009\/05\/dscn1142-1024x768.jpg\" alt=\"\" class=\"wp-image-694\" srcset=\"https:\/\/blog.alu.hr\/wp-content\/uploads\/2009\/05\/dscn1142-1024x768.jpg 1024w, https:\/\/blog.alu.hr\/wp-content\/uploads\/2009\/05\/dscn1142-300x225.jpg 300w, https:\/\/blog.alu.hr\/wp-content\/uploads\/2009\/05\/dscn1142.jpg 2048w\" sizes=\"auto, (max-width: 709px) 85vw, (max-width: 909px) 67vw, (max-width: 1362px) 62vw, 840px\" \/><\/a><figcaption class=\"wp-element-caption\"><a href=\"https:\/\/blog.alu.hr\/?page_id=198\">2008.<\/a><\/figcaption><\/figure>\n\n\n\n<figure class=\"wp-block-image size-large\"><a href=\"https:\/\/blog.alu.hr\/?page_id=191\"><img loading=\"lazy\" decoding=\"async\" width=\"400\" height=\"284\" data-id=\"925\" src=\"https:\/\/blog.alu.hr\/wp-content\/uploads\/2009\/05\/flyers.jpg\" alt=\"\" class=\"wp-image-925\" srcset=\"https:\/\/blog.alu.hr\/wp-content\/uploads\/2009\/05\/flyers.jpg 400w, https:\/\/blog.alu.hr\/wp-content\/uploads\/2009\/05\/flyers-300x213.jpg 300w\" sizes=\"auto, (max-width: 400px) 85vw, 400px\" \/><\/a><figcaption class=\"wp-element-caption\"><a href=\"https:\/\/blog.alu.hr\/?page_id=191\">2007.<\/a><\/figcaption><\/figure>\n<\/figure>\n\n\n\n<p>&nbsp;<\/p>\n\n\n\n<p>The Zagreb\/London Exchange Project is an annual student exchange project that involves linking students from the Animation and New Media Department at the Zagreb Academy of Art in Croatia, with the 2<sup>nd<\/sup> year Fine Art BA students based at London Metropolitan University.<\/p>\n\n\n\n<p>The project is of a precarious nature and, wherever possible, begins with a series of meetings, readings and workshops which aim to set out some of the objectives of the project. Implicit in the structure is the idea of \u2018exchange\u2019. Rather than thinking of \u2018exchange\u2019 as an action of reciprocating value, the project often produces a negotiation around terms such as interruption, shifters, focalisers, generosity, imposition, hospitality and responsibility &#8211; questioning and reflecting on the meaning of \u2018host\u2019 and \u2018guest\u2019 and the zones of comfort and discomfort&nbsp; in between. The nature of the project means that the work has to be developed in a climate of fluidity and spontaneity where the students are continually responding to each other, to the familiar or unfamiliar, tuning and retuning in order to find a frequency of translation where dialogue is enabled.<\/p>\n\n\n\n<p>There are two key stages of the project \u2013 students from Zagreb going to London, and students from London going to Zagreb. During their time in each of these cities the students from each university take part in a group seminars and presentations as well as organised visits to exhibitions, museums, and lectures. Students are also able and encouraged to use the Fine Art Studios and workshops at the host institution, as well as to attend lectures and seminars that take place within the course of the normal workings of the host institution.<\/p>\n\n\n\n<p>Perhaps most importantly, the participating students are asked to make new work during their time away from home. The project also includes students giving guided tours\/walks (both of their home town, and the town they visit) for their visiting peers. Directed group work may result in collaborative works where two or more students work on projects together, but this is not a requirement. The resulting work is then exhibited in a Gallery in the host city. In the case of exhibiting in Zagreb, the host Gallery has always been Miroslav Kraljevic Gallery, which is a highly respected independent non-profit gallery in the centre of the city. Miroslav Kraljevic Gallery continues to offer curatorial, technical and practical support, as well as funding the printing of a flyer to publicise the event.<\/p>\n\n\n\n<p>One of the key intentions of the project is that students should develop an understanding of how the immediate environment, as well as cultural history and socio-political realities influence ones working practice as an artist. Tied to this is the issue of the role that specific modes of fine art education play in defining thought processes, self-image, and physical outcomes. The perceived role and responsibilities of contemporary Fine Art education, if not always explicitly, is a constant theme of the project.<\/p>\n\n\n\n<p>&nbsp;<\/p>\n\n\n\n<p>&nbsp;<\/p>\n\n\n\n<p><b>Project supervisors and coordinators: Ben Cain (LMU) and Nicole Hewitt (ALU), Ana Hu\u0161man (ALU).<\/b><\/p>\n\n\n\n<p><b>&nbsp;<\/b><\/p>\n\n\n\n<p><i>The ongoing relationship with the Zagreb Academy of Fine Art is now being further developed through the establishment of an Erasmus exchange agreement.<\/i><i><\/i><\/p>\n\n\n\n<p><strong>Projekt je ostvaren u suradnji Metropolitan University London, Department of Fine Art i OZAFIN; ALU.<\/strong><\/p>\n\n\n<div class=\"wp-block-image\">\n<figure class=\"alignright\"><a href=\"https:\/\/blog.alu.hr\/wp-content\/uploads\/2009\/05\/lucycarewperf.png\"><img loading=\"lazy\" decoding=\"async\" width=\"149\" height=\"210\" src=\"https:\/\/blog.alu.hr\/wp-content\/uploads\/2009\/05\/lucycarewperf.png\" alt=\"lucycarewperf\" class=\"wp-image-327\" title=\"lucycarewperf\"\/><\/a><\/figure><\/div>\n\n\n<p>Projekt razmjene studenata Odsjeka za animirani film i nove medije i studentata s Metropolitan University London odrzava se vec 8 godine za redom i postaje vaznim djelom iskustva studenata ovih dviju akademija.<br>\n<\/p>\n\n\n\n<p>Studenti se pripremaju za susret vec nekoliko mjeseci unaprijed \u2013 salju jedni drugima radove, spremaju radove za svoje partnere u obliku Vodica &#8211; audio vodica, turistickog vodica, strucnog vodica. Ovo je prilika da studenti realiziraju interaktivan rad, ali I prilika da se jedna od mogucih tema razmjene (Turizam, promatranje drugoga , dislokacija.}<\/p>\n\n\n\n<p>London &#8211; Zagreb<br>\nU prvoj fazi, studenti ALU se pripremaju za odlazak u London, na Metropolitan Univesrity London, studenti prezentiraju svoje radove na grupnim seminarima odsjeka za Fine Art, sudjeljuju u vodicima koje su pripremili njihovi kolege iz Londona, te oblikuju vlastiti projekt vodica. Na MUL je studentima ALU omoguceno koristenje prostora klasa te opreme za montiranje i snimanje. Prva faza razmjene zavrsava s izlozbom u jednoj od londonskih lokacija ( unutar Metropolitan University London, ili galerija Unit 2).<br>\nU drugoj fazi, studenti MUL dolaze u Zagreb. Studenti MUL koriste prostore I opremu ALU, sudjeluju na nastavi ali I razvijaju vlastite projekte. Teme nisu zadate ali ponudene kao mogucnosti: jezik, prevodenje, turizam,, spektakl, konzumiranje drugog, dislokacija, putovanje, avanturizam. Studenti ALU odgovaraju na tu tematiku vlastitim radovima, Suradnicki radovi su dobrodosli ali ne i obavezni. Studenti ce po povratku u Zagreb odrzati izlozbu svojih radova u Galeriji Miroslav Kraljevic.<br>\nCilj projekta je da se razmjene znanja I I skustva zagreba\u010d&#8217;kih i londonskih studenata, da se istra\u017ei pozicija \u2018stranca\u2019 i \u2018gosta\u2019, te da se ispita vlastito djelovanje u nepoznatom i dislociranom miljeu.<\/p>\n\n\n<div class=\"wp-block-image\">\n<figure class=\"alignleft\"><a href=\"https:\/\/blog.alu.hr\/wp-content\/uploads\/2009\/05\/razmjena1.gif\"><img loading=\"lazy\" decoding=\"async\" width=\"200\" height=\"150\" src=\"https:\/\/blog.alu.hr\/wp-content\/uploads\/2009\/05\/razmjena1.gif\" alt=\"razmjena1\" class=\"wp-image-328\" title=\"razmjena1\"\/><\/a><\/figure><\/div>\n\n\n<p><\/p>\n\n\n\n<p>Program razmjene zami\u0161\u00a1ljen je kao nastavak projekta FROM LONDON WITH LOVE \/ gostovanja studenata s Metropolitan University London u organizaciji galerije Miroslav Kraljevi\u0107 a u suradnji s OZAFIN\/om ALU, u svibnju 2006.<\/p>\n\n\n\n<p>Koordinatori i mentori projekta su Ben Cain i Nicole Hewitt.<\/p>\n\n\n\n<p>. . . . . . . . . . . . . . . . . . . . . . .<\/p>\n\n\n\n<p>Projekt su podr\u017eali: London Metropolitan University, ALU Zagreb, Galerija Miroslav Kraljevi\u0107, Studentski centar, Studentski zbor sveu\u010dili\u0161ta u Zagrebu, Grad Zagreb.<\/p>\n\n\n<div class=\"wp-block-image\">\n<figure class=\"alignright\"><a href=\"https:\/\/blog.alu.hr\/wp-content\/uploads\/2009\/05\/razmjena5.gif\"><img loading=\"lazy\" decoding=\"async\" width=\"200\" height=\"150\" src=\"https:\/\/blog.alu.hr\/wp-content\/uploads\/2009\/05\/razmjena5.gif\" alt=\"razmjena5\" class=\"wp-image-329\" title=\"razmjena5\"\/><\/a><\/figure><\/div>\n\n\n<p><\/p>\n","protected":false},"excerpt":{"rendered":"<p>STUDENTSKA RAZMJENA Zagreb\/London Annual Exchange Project&nbsp; &nbsp; The Zagreb\/London Exchange Project is an annual student exchange project that involves linking students from the Animation and New Media Department at the Zagreb Academy of Art in Croatia, with the 2nd year Fine Art BA students based at London Metropolitan University. The project is of a precarious &hellip; <a href=\"https:\/\/blog.alu.hr\/?page_id=117\" class=\"more-link\">Continue reading<span class=\"screen-reader-text\"> &#8220;zagreb-london&#8221;<\/span><\/a><\/p>\n","protected":false},"author":2,"featured_media":0,"parent":22,"menu_order":12,"comment_status":"closed","ping_status":"closed","template":"","meta":{"footnotes":""},"class_list":["post-117","page","type-page","status-publish","hentry"],"_links":{"self":[{"href":"https:\/\/blog.alu.hr\/index.php?rest_route=\/wp\/v2\/pages\/117","targetHints":{"allow":["GET"]}}],"collection":[{"href":"https:\/\/blog.alu.hr\/index.php?rest_route=\/wp\/v2\/pages"}],"about":[{"href":"https:\/\/blog.alu.hr\/index.php?rest_route=\/wp\/v2\/types\/page"}],"author":[{"embeddable":true,"href":"https:\/\/blog.alu.hr\/index.php?rest_route=\/wp\/v2\/users\/2"}],"replies":[{"embeddable":true,"href":"https:\/\/blog.alu.hr\/index.php?rest_route=%2Fwp%2Fv2%2Fcomments&post=117"}],"version-history":[{"count":31,"href":"https:\/\/blog.alu.hr\/index.php?rest_route=\/wp\/v2\/pages\/117\/revisions"}],"predecessor-version":[{"id":5132,"href":"https:\/\/blog.alu.hr\/index.php?rest_route=\/wp\/v2\/pages\/117\/revisions\/5132"}],"up":[{"embeddable":true,"href":"https:\/\/blog.alu.hr\/index.php?rest_route=\/wp\/v2\/pages\/22"}],"wp:attachment":[{"href":"https:\/\/blog.alu.hr\/index.php?rest_route=%2Fwp%2Fv2%2Fmedia&parent=117"}],"curies":[{"name":"wp","href":"https:\/\/api.w.org\/{rel}","templated":true}]}}